{"id":11705,"date":"2024-11-01T14:32:44","date_gmt":"2024-11-01T11:32:44","guid":{"rendered":"https:\/\/ceoparts.com\/?post_type=product&#038;p=11705"},"modified":"2026-05-16T19:25:23","modified_gmt":"2026-05-16T16:25:23","slug":"linde-mxx-ekran-devre-karti-8434921","status":"publish","type":"product","link":"https:\/\/ceoparts.com\/tr\/urun\/linde-mxx-ekran-devre-karti-8434921\/","title":{"rendered":"Linde MXX Ekran Devre Kart\u0131 &#8211; 8434921"},"content":{"rendered":"<p>Linde MXX Ekran Devre Kart\u0131 &#8211; 8434921<\/p>","protected":false},"excerpt":{"rendered":"<p data-start=\"0\" data-end=\"350\"><br data-start=\"5\" data-end=\"8\" \/>Linde MXX Ekran Devre Kart\u0131 2.El, forklift ve i\u015f makinelerinde kullan\u0131lan orijinal ekran kontrol kart\u0131d\u0131r. Operat\u00f6r\u00fcn arac\u0131n performans ve durum bilgilerini g\u00f6rmesini sa\u011flayan elektronik bile\u015fendir. Dayan\u0131kl\u0131 end\u00fcstriyel elektronik devre yap\u0131s\u0131yla uzun \u00f6m\u00fcrl\u00fc ve g\u00fcvenilirdir. \u0130kinci el olmas\u0131na ra\u011fmen test edilmi\u015f ve sorunsuz \u00e7al\u0131\u015fmaktad\u0131r.<\/p>\n<p data-start=\"352\" data-end=\"658\"><strong data-start=\"352\" data-end=\"367\">\u00d6zellikler:<\/strong><br data-start=\"367\" data-end=\"370\" \/><strong data-start=\"370\" data-end=\"383\">\u00dcr\u00fcn Ad\u0131:<\/strong> Linde MXX Ekran Devre Kart\u0131 2.El<br data-start=\"416\" data-end=\"419\" \/><strong data-start=\"419\" data-end=\"434\">Par\u00e7a Kodu:<\/strong> 8434921<br data-start=\"442\" data-end=\"445\" \/><strong data-start=\"445\" data-end=\"457\">Malzeme:<\/strong> End\u00fcstriyel elektronik devre ve dayan\u0131kl\u0131 plastik kasa<br data-start=\"512\" data-end=\"515\" \/><strong data-start=\"515\" data-end=\"534\">Kullan\u0131m Alan\u0131:<\/strong> Forklift ve i\u015f makineleri ekran kontrol sistemi<br data-start=\"582\" data-end=\"585\" \/><strong data-start=\"585\" data-end=\"597\">Avantaj:<\/strong> Sa\u011flam yap\u0131, y\u00fcksek uyumluluk, test edilmi\u015f ikinci el \u00fcr\u00fcn<\/p>\n<p data-start=\"660\" data-end=\"1032\">\n","protected":false},"featured_media":11709,"template":"","meta":[],"product_brand":[],"product_cat":[246,431,523],"product_tag":[],"class_list":{"0":"post-11705","1":"product","2":"type-product","3":"status-publish","4":"has-post-thumbnail","6":"product_cat-linde","7":"product_cat-ekranlar-ve-kartlar","8":"product_cat-yedek-parca-linde","10":"first","11":"instock","12":"taxable","13":"shipping-taxable","14":"purchasable","15":"product-type-simple"},"_links":{"self":[{"href":"https:\/\/ceoparts.com\/tr\/wp-json\/wp\/v2\/product\/11705","targetHints":{"allow":["GET"]}}],"collection":[{"href":"https:\/\/ceoparts.com\/tr\/wp-json\/wp\/v2\/product"}],"about":[{"href":"https:\/\/ceoparts.com\/tr\/wp-json\/wp\/v2\/types\/product"}],"wp:featuredmedia":[{"embeddable":true,"href":"https:\/\/ceoparts.com\/tr\/wp-json\/wp\/v2\/media\/11709"}],"wp:attachment":[{"href":"https:\/\/ceoparts.com\/tr\/wp-json\/wp\/v2\/media?parent=11705"}],"wp:term":[{"taxonomy":"product_brand","embeddable":true,"href":"https:\/\/ceoparts.com\/tr\/wp-json\/wp\/v2\/product_brand?post=11705"},{"taxonomy":"product_cat","embeddable":true,"href":"https:\/\/ceoparts.com\/tr\/wp-json\/wp\/v2\/product_cat?post=11705"},{"taxonomy":"product_tag","embeddable":true,"href":"https:\/\/ceoparts.com\/tr\/wp-json\/wp\/v2\/product_tag?post=11705"}],"curies":[{"name":"wp","href":"https:\/\/api.w.org\/{rel}","templated":true}]}}