{"id":11713,"date":"2024-11-04T15:52:57","date_gmt":"2024-11-04T12:52:57","guid":{"rendered":"https:\/\/ceoparts.com\/?post_type=product&#038;p=11713"},"modified":"2026-05-16T19:52:34","modified_gmt":"2026-05-16T16:52:34","slug":"still-fmx-dc-donusturucu-input-28-110v-output-24v-13a-153-24-ikinciel","status":"publish","type":"product","link":"https:\/\/ceoparts.com\/tr\/urun\/still-fmx-dc-donusturucu-input-28-110v-output-24v-13a-153-24-ikinciel\/","title":{"rendered":"Still FMX DC D\u00f6n\u00fc\u015ft\u00fcr\u00fcc\u00fc 2.EL &#8211; \u0130nput 28 -110V Output 24V-13A &#8211; 153-24"},"content":{"rendered":"<p>Still FMX DC D\u00f6n\u00fc\u015ft\u00fcr\u00fcc\u00fc 2.EL &#8211; \u0130nput 28 -110V Output 24V-13A &#8211; 153-24<\/p>\n<p>Still FMX DC Transformer \u0130nput 28 -110V Output 24V-13A &#8211; 153-24<\/p>\n<p>2.el<\/p>","protected":false},"excerpt":{"rendered":"<p data-start=\"0\" data-end=\"406\"><br data-start=\"5\" data-end=\"8\" \/>Still FMX DC D\u00f6n\u00fc\u015ft\u00fcr\u00fcc\u00fc 2.El, forklift ve i\u015f makinelerinde kullan\u0131lan orijinal voltaj d\u00f6n\u00fc\u015ft\u00fcr\u00fcc\u00fcd\u00fcr. Giri\u015f voltaj\u0131 28-110V aral\u0131\u011f\u0131nda olup, \u00e7\u0131k\u0131\u015fta sabit 24V ve 13A g\u00fc\u00e7 sa\u011flar. Elektronik devreleri sayesinde ara\u00e7 i\u00e7i elektronik sistemlerin stabil ve g\u00fcvenli \u00e7al\u0131\u015fmas\u0131n\u0131 destekler. Dayan\u0131kl\u0131 yap\u0131s\u0131 ile uzun \u00f6m\u00fcrl\u00fc kullan\u0131m sunar. \u0130kinci el \u00fcr\u00fcn olmas\u0131na ra\u011fmen test edilip sorunsuz \u00e7al\u0131\u015fmaktad\u0131r.<\/p>\n<p data-start=\"408\" data-end=\"710\"><strong data-start=\"408\" data-end=\"423\">\u00d6zellikler:<\/strong><br data-start=\"423\" data-end=\"426\" \/><strong data-start=\"426\" data-end=\"439\">\u00dcr\u00fcn Ad\u0131:<\/strong> Still FMX DC D\u00f6n\u00fc\u015ft\u00fcr\u00fcc\u00fc 2.El<br data-start=\"469\" data-end=\"472\" \/><strong data-start=\"472\" data-end=\"487\">Par\u00e7a Kodu:<\/strong> 153-24<br data-start=\"494\" data-end=\"497\" \/><strong data-start=\"497\" data-end=\"509\">Malzeme:<\/strong> End\u00fcstriyel elektronik devre ve sa\u011flam plastik kasa<br data-start=\"561\" data-end=\"564\" \/><strong data-start=\"564\" data-end=\"583\">Kullan\u0131m Alan\u0131:<\/strong> Forklift ve i\u015f makineleri voltaj d\u00f6n\u00fc\u015ft\u00fcr\u00fcc\u00fc<br data-start=\"628\" data-end=\"631\" \/><strong data-start=\"631\" data-end=\"643\">Avantaj:<\/strong> Sabit \u00e7\u0131k\u0131\u015f voltaj\u0131, dayan\u0131kl\u0131 yap\u0131, test edilmi\u015f ikinci el \u00fcr\u00fcn<\/p>\n<p data-start=\"712\" data-end=\"1104\">\n","protected":false},"featured_media":11685,"template":"","meta":[],"product_brand":[],"product_cat":[241,433,524],"product_tag":[],"class_list":{"0":"post-11713","1":"product","2":"type-product","3":"status-publish","4":"has-post-thumbnail","6":"product_cat-still","7":"product_cat-ikinci-el-urunler","8":"product_cat-yedek-parca-still","10":"first","11":"instock","12":"taxable","13":"shipping-taxable","14":"purchasable","15":"product-type-simple"},"_links":{"self":[{"href":"https:\/\/ceoparts.com\/tr\/wp-json\/wp\/v2\/product\/11713","targetHints":{"allow":["GET"]}}],"collection":[{"href":"https:\/\/ceoparts.com\/tr\/wp-json\/wp\/v2\/product"}],"about":[{"href":"https:\/\/ceoparts.com\/tr\/wp-json\/wp\/v2\/types\/product"}],"wp:featuredmedia":[{"embeddable":true,"href":"https:\/\/ceoparts.com\/tr\/wp-json\/wp\/v2\/media\/11685"}],"wp:attachment":[{"href":"https:\/\/ceoparts.com\/tr\/wp-json\/wp\/v2\/media?parent=11713"}],"wp:term":[{"taxonomy":"product_brand","embeddable":true,"href":"https:\/\/ceoparts.com\/tr\/wp-json\/wp\/v2\/product_brand?post=11713"},{"taxonomy":"product_cat","embeddable":true,"href":"https:\/\/ceoparts.com\/tr\/wp-json\/wp\/v2\/product_cat?post=11713"},{"taxonomy":"product_tag","embeddable":true,"href":"https:\/\/ceoparts.com\/tr\/wp-json\/wp\/v2\/product_tag?post=11713"}],"curies":[{"name":"wp","href":"https:\/\/api.w.org\/{rel}","templated":true}]}}