{"id":11714,"date":"2024-11-04T16:39:56","date_gmt":"2024-11-04T13:39:56","guid":{"rendered":"https:\/\/ceoparts.com\/?post_type=product&#038;p=11714"},"modified":"2026-05-16T13:15:32","modified_gmt":"2026-05-16T10:15:32","slug":"linde-still-kontrol-su-20-abu-2-el-426489","status":"publish","type":"product","link":"https:\/\/ceoparts.com\/tr\/urun\/linde-still-kontrol-su-20-abu-2-el-426489\/","title":{"rendered":"Linde\/Still Kontrol Su 20 ABU 2.EL &#8211; 426489"},"content":{"rendered":"<p>Linde\/Still Kontrol Su 20 ABU 2.EL &#8211; 426489<\/p>\n<p>Linde\/Still Kontrol Su 20 ABU &#8211; 426489<\/p>\n<p>2.EL<\/p>","protected":false},"excerpt":{"rendered":"<p data-start=\"0\" data-end=\"372\"><br data-start=\"5\" data-end=\"8\" \/>Linde\/Still Kontrol Su 20 ABU 2.El, forklift ve i\u015f makinelerinde kullan\u0131lan orijinal kontrol \u00fcnitesidir. Ara\u00e7 performans\u0131n\u0131 optimize etmek i\u00e7in elektronik sinyalleri y\u00f6netir ve \u00e7e\u015fitli fonksiyonlar\u0131n d\u00fczg\u00fcn \u00e7al\u0131\u015fmas\u0131n\u0131 sa\u011flar. Sa\u011flam yap\u0131s\u0131 ve kaliteli elektronik bile\u015fenleriyle dayan\u0131kl\u0131d\u0131r. \u0130kinci el olmas\u0131na ra\u011fmen test edilmi\u015f, \u00e7al\u0131\u015f\u0131r ve sorunsuz durumdad\u0131r.<\/p>\n<p data-start=\"374\" data-end=\"666\"><strong data-start=\"374\" data-end=\"389\">\u00d6zellikler:<\/strong><br data-start=\"389\" data-end=\"392\" \/><strong data-start=\"392\" data-end=\"405\">\u00dcr\u00fcn Ad\u0131:<\/strong> Linde\/Still Kontrol Su 20 ABU 2.El<br data-start=\"440\" data-end=\"443\" \/><strong data-start=\"443\" data-end=\"458\">Par\u00e7a Kodu:<\/strong> 426489<br data-start=\"465\" data-end=\"468\" \/><strong data-start=\"468\" data-end=\"480\">Malzeme:<\/strong> End\u00fcstriyel elektronik devre ve dayan\u0131kl\u0131 plastik kasa<br data-start=\"535\" data-end=\"538\" \/><strong data-start=\"538\" data-end=\"557\">Kullan\u0131m Alan\u0131:<\/strong> Forklift ve i\u015f makineleri kontrol sistemi<br data-start=\"599\" data-end=\"602\" \/><strong data-start=\"602\" data-end=\"614\">Avantaj:<\/strong> Dayan\u0131kl\u0131, g\u00fcvenilir, test edilmi\u015f ikinci el \u00fcr\u00fcn<\/p>\n<p data-start=\"668\" data-end=\"1016\">\n","protected":false},"featured_media":11715,"template":"","meta":[],"product_brand":[],"product_cat":[241,246,433,523,524],"product_tag":[],"class_list":{"0":"post-11714","1":"product","2":"type-product","3":"status-publish","4":"has-post-thumbnail","6":"product_cat-still","7":"product_cat-linde","8":"product_cat-ikinci-el-urunler","9":"product_cat-yedek-parca-linde","10":"product_cat-yedek-parca-still","12":"first","13":"instock","14":"taxable","15":"shipping-taxable","16":"purchasable","17":"product-type-simple"},"_links":{"self":[{"href":"https:\/\/ceoparts.com\/tr\/wp-json\/wp\/v2\/product\/11714","targetHints":{"allow":["GET"]}}],"collection":[{"href":"https:\/\/ceoparts.com\/tr\/wp-json\/wp\/v2\/product"}],"about":[{"href":"https:\/\/ceoparts.com\/tr\/wp-json\/wp\/v2\/types\/product"}],"wp:featuredmedia":[{"embeddable":true,"href":"https:\/\/ceoparts.com\/tr\/wp-json\/wp\/v2\/media\/11715"}],"wp:attachment":[{"href":"https:\/\/ceoparts.com\/tr\/wp-json\/wp\/v2\/media?parent=11714"}],"wp:term":[{"taxonomy":"product_brand","embeddable":true,"href":"https:\/\/ceoparts.com\/tr\/wp-json\/wp\/v2\/product_brand?post=11714"},{"taxonomy":"product_cat","embeddable":true,"href":"https:\/\/ceoparts.com\/tr\/wp-json\/wp\/v2\/product_cat?post=11714"},{"taxonomy":"product_tag","embeddable":true,"href":"https:\/\/ceoparts.com\/tr\/wp-json\/wp\/v2\/product_tag?post=11714"}],"curies":[{"name":"wp","href":"https:\/\/api.w.org\/{rel}","templated":true}]}}