{"id":11746,"date":"2024-11-05T09:22:39","date_gmt":"2024-11-05T06:22:39","guid":{"rendered":"https:\/\/ceoparts.com\/?post_type=product&#038;p=11746"},"modified":"2026-05-16T19:52:09","modified_gmt":"2026-05-16T16:52:09","slug":"still-yeni-model-konvartor-51523604130","status":"publish","type":"product","link":"https:\/\/ceoparts.com\/tr\/urun\/still-yeni-model-konvartor-51523604130\/","title":{"rendered":"Still Yeni Model Konvart\u00f6r 2.El &#8211; 51523604130"},"content":{"rendered":"<p>Still Yeni Model Konvart\u00f6r 2.El &#8211; 51523604130<\/p>\n<p>Still Yeni Model Konvart\u00f6r &#8211; 51523604130<\/p>","protected":false},"excerpt":{"rendered":"<p data-start=\"0\" data-end=\"463\"><br data-start=\"5\" data-end=\"8\" \/>Still Yeni Model Konvert\u00f6r 2.El, forklift ve i\u015f makineleri i\u00e7in \u00fcretilmi\u015f y\u00fcksek kaliteli ve orijinal voltaj d\u00f6n\u00fc\u015ft\u00fcr\u00fcc\u00fc mod\u00fcld\u00fcr. 48V-80V aras\u0131 sistemlerde \u00e7al\u0131\u015fma uyumu sa\u011flar ve \u00e7\u0131k\u0131\u015f voltaj\u0131n\u0131 g\u00fcvenli \u015fekilde istenen seviyeye d\u00fc\u015f\u00fcrerek, ba\u011fl\u0131 ekipmanlar\u0131n stabil ve verimli \u00e7al\u0131\u015fmas\u0131na olanak tan\u0131r. Yeni nesil elektronik yap\u0131s\u0131 sayesinde daha kompakt ve verimli performans sunar. \u0130kinci el olmas\u0131na ra\u011fmen test edilmi\u015f ve sorunsuz \u00e7al\u0131\u015f\u0131r durumdad\u0131r.<\/p>\n<p data-start=\"465\" data-end=\"804\"><strong data-start=\"465\" data-end=\"480\">\u00d6zellikler:<\/strong><br data-start=\"480\" data-end=\"483\" \/><strong data-start=\"483\" data-end=\"496\">\u00dcr\u00fcn Ad\u0131:<\/strong> Still Yeni Model Konvert\u00f6r 2.El<br data-start=\"528\" data-end=\"531\" \/><strong data-start=\"531\" data-end=\"546\">Par\u00e7a Kodu:<\/strong> 51523604130<br data-start=\"558\" data-end=\"561\" \/><strong data-start=\"561\" data-end=\"573\">Malzeme:<\/strong> Y\u00fcksek dayan\u0131ml\u0131 elektronik komponent ve sa\u011flam plastik kasa<br data-start=\"634\" data-end=\"637\" \/><strong data-start=\"637\" data-end=\"656\">Kullan\u0131m Alan\u0131:<\/strong> Forklift ve i\u015f makineleri voltaj d\u00f6n\u00fc\u015ft\u00fcr\u00fcc\u00fc sistemi<br data-start=\"709\" data-end=\"712\" \/><strong data-start=\"712\" data-end=\"724\">Avantaj:<\/strong> Kompakt yap\u0131, g\u00fcvenilir, yeni nesil devre yap\u0131s\u0131, test edilmi\u015f ikinci el \u00fcr\u00fcn<\/p>\n<p data-start=\"806\" data-end=\"1243\">\n","protected":false},"featured_media":11747,"template":"","meta":[],"product_brand":[],"product_cat":[241,433,524],"product_tag":[],"class_list":{"0":"post-11746","1":"product","2":"type-product","3":"status-publish","4":"has-post-thumbnail","6":"product_cat-still","7":"product_cat-ikinci-el-urunler","8":"product_cat-yedek-parca-still","10":"first","11":"instock","12":"taxable","13":"shipping-taxable","14":"purchasable","15":"product-type-simple"},"_links":{"self":[{"href":"https:\/\/ceoparts.com\/tr\/wp-json\/wp\/v2\/product\/11746","targetHints":{"allow":["GET"]}}],"collection":[{"href":"https:\/\/ceoparts.com\/tr\/wp-json\/wp\/v2\/product"}],"about":[{"href":"https:\/\/ceoparts.com\/tr\/wp-json\/wp\/v2\/types\/product"}],"wp:featuredmedia":[{"embeddable":true,"href":"https:\/\/ceoparts.com\/tr\/wp-json\/wp\/v2\/media\/11747"}],"wp:attachment":[{"href":"https:\/\/ceoparts.com\/tr\/wp-json\/wp\/v2\/media?parent=11746"}],"wp:term":[{"taxonomy":"product_brand","embeddable":true,"href":"https:\/\/ceoparts.com\/tr\/wp-json\/wp\/v2\/product_brand?post=11746"},{"taxonomy":"product_cat","embeddable":true,"href":"https:\/\/ceoparts.com\/tr\/wp-json\/wp\/v2\/product_cat?post=11746"},{"taxonomy":"product_tag","embeddable":true,"href":"https:\/\/ceoparts.com\/tr\/wp-json\/wp\/v2\/product_tag?post=11746"}],"curies":[{"name":"wp","href":"https:\/\/api.w.org\/{rel}","templated":true}]}}