{"id":11754,"date":"2024-11-05T10:10:42","date_gmt":"2024-11-05T07:10:42","guid":{"rendered":"https:\/\/ceoparts.com\/?post_type=product&#038;p=11754"},"modified":"2026-05-16T15:01:20","modified_gmt":"2026-05-16T12:01:20","slug":"still-konvartor-720385","status":"publish","type":"product","link":"https:\/\/ceoparts.com\/tr\/urun\/still-konvartor-720385\/","title":{"rendered":"Still Konvart\u00f6r 2.El &#8211; 720385"},"content":{"rendered":"<p>Still Konvart\u00f6r 2.El &#8211; 720385<\/p>","protected":false},"excerpt":{"rendered":"<p data-start=\"0\" data-end=\"256\"><br data-start=\"5\" data-end=\"8\" \/>Still Konvart\u00f6r 2.El, forklift ve i\u015f makinelerinde kullan\u0131lan orijinal elektrik konvert\u00f6r\u00fcd\u00fcr. Ara\u00e7larda voltaj d\u00f6n\u00fc\u015f\u00fcm\u00fc sa\u011flayarak elektronik sistemlerin do\u011fru ve stabil \u00e7al\u0131\u015fmas\u0131n\u0131 destekler. \u0130kinci el olup test edilmi\u015f ve sorunsuz \u00e7al\u0131\u015fmaktad\u0131r.<\/p>\n<p data-start=\"258\" data-end=\"537\"><strong data-start=\"258\" data-end=\"273\">\u00d6zellikler:<\/strong><br data-start=\"273\" data-end=\"276\" \/><strong data-start=\"276\" data-end=\"289\">\u00dcr\u00fcn Ad\u0131:<\/strong> Still Konvart\u00f6r 2.El<br data-start=\"310\" data-end=\"313\" \/><strong data-start=\"313\" data-end=\"328\">Par\u00e7a Kodu:<\/strong> 720385<br data-start=\"335\" data-end=\"338\" \/><strong data-start=\"338\" data-end=\"350\">Malzeme:<\/strong> Dayan\u0131kl\u0131 elektronik devre ve kasa<br data-start=\"385\" data-end=\"388\" \/><strong data-start=\"388\" data-end=\"407\">Kullan\u0131m Alan\u0131:<\/strong> Forklift ve i\u015f makineleri voltaj d\u00f6n\u00fc\u015ft\u00fcr\u00fcc\u00fc<br data-start=\"452\" data-end=\"455\" \/><strong data-start=\"455\" data-end=\"467\">Avantaj:<\/strong> G\u00fcvenilir voltaj d\u00f6n\u00fc\u015f\u00fcm\u00fc, sa\u011flam yap\u0131, test edilmi\u015f ikinci el \u00fcr\u00fcn<\/p>\n<p data-start=\"539\" data-end=\"809\">\n","protected":false},"featured_media":11755,"template":"","meta":[],"product_brand":[],"product_cat":[241,433,524],"product_tag":[],"class_list":{"0":"post-11754","1":"product","2":"type-product","3":"status-publish","4":"has-post-thumbnail","6":"product_cat-still","7":"product_cat-ikinci-el-urunler","8":"product_cat-yedek-parca-still","10":"first","11":"instock","12":"taxable","13":"shipping-taxable","14":"purchasable","15":"product-type-simple"},"_links":{"self":[{"href":"https:\/\/ceoparts.com\/tr\/wp-json\/wp\/v2\/product\/11754","targetHints":{"allow":["GET"]}}],"collection":[{"href":"https:\/\/ceoparts.com\/tr\/wp-json\/wp\/v2\/product"}],"about":[{"href":"https:\/\/ceoparts.com\/tr\/wp-json\/wp\/v2\/types\/product"}],"wp:featuredmedia":[{"embeddable":true,"href":"https:\/\/ceoparts.com\/tr\/wp-json\/wp\/v2\/media\/11755"}],"wp:attachment":[{"href":"https:\/\/ceoparts.com\/tr\/wp-json\/wp\/v2\/media?parent=11754"}],"wp:term":[{"taxonomy":"product_brand","embeddable":true,"href":"https:\/\/ceoparts.com\/tr\/wp-json\/wp\/v2\/product_brand?post=11754"},{"taxonomy":"product_cat","embeddable":true,"href":"https:\/\/ceoparts.com\/tr\/wp-json\/wp\/v2\/product_cat?post=11754"},{"taxonomy":"product_tag","embeddable":true,"href":"https:\/\/ceoparts.com\/tr\/wp-json\/wp\/v2\/product_tag?post=11754"}],"curies":[{"name":"wp","href":"https:\/\/api.w.org\/{rel}","templated":true}]}}