{"id":11760,"date":"2024-11-05T10:14:33","date_gmt":"2024-11-05T07:14:33","guid":{"rendered":"https:\/\/ceoparts.com\/?post_type=product&#038;p=11760"},"modified":"2026-05-16T13:04:58","modified_gmt":"2026-05-16T10:04:58","slug":"still-konvartor-2-el-720383","status":"publish","type":"product","link":"https:\/\/ceoparts.com\/tr\/urun\/still-konvartor-2-el-720383\/","title":{"rendered":"Still Konvart\u00f6r 2.El &#8211; 720383"},"content":{"rendered":"<p>Still Konvart\u00f6r 2.El &#8211; 720383<\/p>","protected":false},"excerpt":{"rendered":"<p data-start=\"0\" data-end=\"343\"><br data-start=\"5\" data-end=\"8\" \/>Still Konvert\u00f6r 2.El, forklift ve i\u015f makinelerinde kullan\u0131lan orijinal ve sa\u011flam yap\u0131l\u0131 ikinci el voltaj d\u00f6n\u00fc\u015ft\u00fcr\u00fcc\u00fc \u00fcnitedir. \u00c7al\u0131\u015fma s\u0131ras\u0131nda sistem voltaj\u0131n\u0131 g\u00fcvenli bir \u015fekilde istenen seviyeye indirerek ba\u011fl\u0131 ekipmanlar\u0131n sorunsuz ve stabil \u00e7al\u0131\u015fmas\u0131n\u0131 sa\u011flar. Test edilmi\u015f, i\u015flevsel ve uzun \u00f6m\u00fcrl\u00fc performansa sahip bir \u00fcr\u00fcnd\u00fcr.<\/p>\n<p data-start=\"345\" data-end=\"623\"><strong data-start=\"345\" data-end=\"360\">\u00d6zellikler:<\/strong><br data-start=\"360\" data-end=\"363\" \/><strong data-start=\"363\" data-end=\"376\">\u00dcr\u00fcn Ad\u0131:<\/strong> Still Konvert\u00f6r 2.El<br data-start=\"397\" data-end=\"400\" \/><strong data-start=\"400\" data-end=\"415\">Par\u00e7a Kodu:<\/strong> 720383<br data-start=\"422\" data-end=\"425\" \/><strong data-start=\"425\" data-end=\"437\">Malzeme:<\/strong> Elektronik bile\u015fenler ve sa\u011flam plastik kasa<br data-start=\"482\" data-end=\"485\" \/><strong data-start=\"485\" data-end=\"504\">Kullan\u0131m Alan\u0131:<\/strong> Forklift ve i\u015f makineleri voltaj d\u00f6n\u00fc\u015ft\u00fcr\u00fcc\u00fc mod\u00fcl\u00fc<br data-start=\"556\" data-end=\"559\" \/><strong data-start=\"559\" data-end=\"571\">Avantaj:<\/strong> Dayan\u0131kl\u0131, g\u00fcvenilir, test edilmi\u015f ikinci el \u00fcr\u00fcn<\/p>\n<p data-start=\"625\" data-end=\"921\">\n","protected":false},"featured_media":11761,"template":"","meta":[],"product_brand":[],"product_cat":[241,433,524],"product_tag":[],"class_list":{"0":"post-11760","1":"product","2":"type-product","3":"status-publish","4":"has-post-thumbnail","6":"product_cat-still","7":"product_cat-ikinci-el-urunler","8":"product_cat-yedek-parca-still","10":"first","11":"instock","12":"taxable","13":"shipping-taxable","14":"purchasable","15":"product-type-simple"},"_links":{"self":[{"href":"https:\/\/ceoparts.com\/tr\/wp-json\/wp\/v2\/product\/11760","targetHints":{"allow":["GET"]}}],"collection":[{"href":"https:\/\/ceoparts.com\/tr\/wp-json\/wp\/v2\/product"}],"about":[{"href":"https:\/\/ceoparts.com\/tr\/wp-json\/wp\/v2\/types\/product"}],"wp:featuredmedia":[{"embeddable":true,"href":"https:\/\/ceoparts.com\/tr\/wp-json\/wp\/v2\/media\/11761"}],"wp:attachment":[{"href":"https:\/\/ceoparts.com\/tr\/wp-json\/wp\/v2\/media?parent=11760"}],"wp:term":[{"taxonomy":"product_brand","embeddable":true,"href":"https:\/\/ceoparts.com\/tr\/wp-json\/wp\/v2\/product_brand?post=11760"},{"taxonomy":"product_cat","embeddable":true,"href":"https:\/\/ceoparts.com\/tr\/wp-json\/wp\/v2\/product_cat?post=11760"},{"taxonomy":"product_tag","embeddable":true,"href":"https:\/\/ceoparts.com\/tr\/wp-json\/wp\/v2\/product_tag?post=11760"}],"curies":[{"name":"wp","href":"https:\/\/api.w.org\/{rel}","templated":true}]}}