{"id":11772,"date":"2024-11-05T13:21:56","date_gmt":"2024-11-05T10:21:56","guid":{"rendered":"https:\/\/ceoparts.com\/?post_type=product&#038;p=11772"},"modified":"2026-05-16T16:15:26","modified_gmt":"2026-05-16T13:15:26","slug":"still-kare-ekran-729546","status":"publish","type":"product","link":"https:\/\/ceoparts.com\/tr\/urun\/still-kare-ekran-729546\/","title":{"rendered":"Still Kare Ekran &#8211; 729546"},"content":{"rendered":"<p>Still Kare Ekran &#8211; 729546<\/p>","protected":false},"excerpt":{"rendered":"<p data-start=\"0\" data-end=\"376\"><br data-start=\"5\" data-end=\"8\" \/>Still Kare Ekran, forklift ve i\u015f makinelerinde kullan\u0131lan orijinal ve dayan\u0131kl\u0131 kare formda ekran \u00fcnitesidir. Operat\u00f6re makinenin h\u0131z, batarya seviyesi, hata uyar\u0131lar\u0131 ve kullan\u0131m parametrelerini anl\u0131k olarak g\u00f6rsel \u015fekilde iletir. Zorlu \u00e7al\u0131\u015fma ko\u015fullar\u0131na uygun sa\u011flam yap\u0131s\u0131 ve y\u00fcksek ekran \u00e7\u00f6z\u00fcn\u00fcrl\u00fc\u011f\u00fc ile net g\u00f6r\u00fcnt\u00fc sunar. Test edilmi\u015f ve sorunsuz \u00e7al\u0131\u015fmaktad\u0131r.<\/p>\n<p data-start=\"378\" data-end=\"617\"><strong data-start=\"378\" data-end=\"393\">\u00d6zellikler:<\/strong><br data-start=\"393\" data-end=\"396\" \/><strong data-start=\"396\" data-end=\"409\">\u00dcr\u00fcn Ad\u0131:<\/strong> Still Kare Ekran<br data-start=\"426\" data-end=\"429\" \/><strong data-start=\"429\" data-end=\"444\">Par\u00e7a Kodu:<\/strong> 729546<br data-start=\"451\" data-end=\"454\" \/><strong data-start=\"454\" data-end=\"466\">Malzeme:<\/strong> Elektronik bile\u015fenler<br data-start=\"488\" data-end=\"491\" \/><strong data-start=\"491\" data-end=\"510\">Kullan\u0131m Alan\u0131:<\/strong> Forklift ve i\u015f makineleri ekran \u00fcnitesi<br data-start=\"550\" data-end=\"553\" \/><strong data-start=\"553\" data-end=\"565\">Avantaj:<\/strong> Dayan\u0131kl\u0131, y\u00fcksek \u00e7\u00f6z\u00fcn\u00fcrl\u00fckl\u00fc, test edilmi\u015f \u00fcr\u00fcn<\/p>\n<p data-start=\"619\" data-end=\"1004\">\n","protected":false},"featured_media":11777,"template":"","meta":[],"product_brand":[],"product_cat":[241,431,524],"product_tag":[],"class_list":{"0":"post-11772","1":"product","2":"type-product","3":"status-publish","4":"has-post-thumbnail","6":"product_cat-still","7":"product_cat-ekranlar-ve-kartlar","8":"product_cat-yedek-parca-still","10":"first","11":"instock","12":"taxable","13":"shipping-taxable","14":"purchasable","15":"product-type-simple"},"_links":{"self":[{"href":"https:\/\/ceoparts.com\/tr\/wp-json\/wp\/v2\/product\/11772","targetHints":{"allow":["GET"]}}],"collection":[{"href":"https:\/\/ceoparts.com\/tr\/wp-json\/wp\/v2\/product"}],"about":[{"href":"https:\/\/ceoparts.com\/tr\/wp-json\/wp\/v2\/types\/product"}],"wp:featuredmedia":[{"embeddable":true,"href":"https:\/\/ceoparts.com\/tr\/wp-json\/wp\/v2\/media\/11777"}],"wp:attachment":[{"href":"https:\/\/ceoparts.com\/tr\/wp-json\/wp\/v2\/media?parent=11772"}],"wp:term":[{"taxonomy":"product_brand","embeddable":true,"href":"https:\/\/ceoparts.com\/tr\/wp-json\/wp\/v2\/product_brand?post=11772"},{"taxonomy":"product_cat","embeddable":true,"href":"https:\/\/ceoparts.com\/tr\/wp-json\/wp\/v2\/product_cat?post=11772"},{"taxonomy":"product_tag","embeddable":true,"href":"https:\/\/ceoparts.com\/tr\/wp-json\/wp\/v2\/product_tag?post=11772"}],"curies":[{"name":"wp","href":"https:\/\/api.w.org\/{rel}","templated":true}]}}