{"id":11787,"date":"2024-11-05T14:02:09","date_gmt":"2024-11-05T11:02:09","guid":{"rendered":"https:\/\/ceoparts.com\/?post_type=product&#038;p=11787"},"modified":"2026-05-16T17:17:48","modified_gmt":"2026-05-16T14:17:48","slug":"still-fm17-ekran-426367","status":"publish","type":"product","link":"https:\/\/ceoparts.com\/tr\/urun\/still-fm17-ekran-426367\/","title":{"rendered":"Still FM17 Ekran &#8211; 426367"},"content":{"rendered":"<p>Still FM17 Ekran &#8211; 426367<\/p>","protected":false},"excerpt":{"rendered":"<article class=\"text-token-text-primary w-full\" dir=\"auto\" data-testid=\"conversation-turn-281\" data-scroll-anchor=\"true\">\n<div class=\"text-base my-auto mx-auto py-5 [--thread-content-margin:--spacing(4)] @[37rem]:[--thread-content-margin:--spacing(6)] @[72rem]:[--thread-content-margin:--spacing(16)] px-(--thread-content-margin)\">\n<div class=\"[--thread-content-max-width:32rem] @[34rem]:[--thread-content-max-width:40rem] @[64rem]:[--thread-content-max-width:48rem] mx-auto flex max-w-(--thread-content-max-width) flex-1 text-base gap-4 md:gap-5 lg:gap-6 group\/turn-messages focus-visible:outline-hidden\" tabindex=\"-1\">\n<div class=\"group\/conversation-turn relative flex w-full min-w-0 flex-col agent-turn\">\n<div class=\"relative flex-col gap-1 md:gap-3\">\n<div class=\"flex max-w-full flex-col grow\">\n<div class=\"min-h-8 text-message relative flex w-full flex-col items-end gap-2 text-start break-words whitespace-normal [.text-message+&amp;]:mt-5\" dir=\"auto\" data-message-author-role=\"assistant\" data-message-id=\"123279ca-7327-4b58-9358-bfcfe246a54e\" data-message-model-slug=\"gpt-4-1-mini\">\n<div class=\"flex w-full flex-col gap-1 empty:hidden first:pt-[3px]\">\n<div class=\"markdown prose dark:prose-invert w-full break-words light\">\n<p data-start=\"0\" data-end=\"239\"><br data-start=\"5\" data-end=\"8\" \/>Still FM17 Ekran, Still forklift modelleri i\u00e7in tasarlanm\u0131\u015f orijinal ekran panelidir. Forkliftin \u00e7al\u0131\u015fma bilgilerini g\u00f6sterir, operat\u00f6r\u00fcn makinay\u0131 kolay ve verimli kullanmas\u0131n\u0131 sa\u011flar. Dayan\u0131kl\u0131 ve kaliteli malzemeden \u00fcretilmi\u015ftir.<\/p>\n<p data-start=\"241\" data-end=\"478\"><strong data-start=\"241\" data-end=\"256\">\u00d6zellikler:<\/strong><br data-start=\"256\" data-end=\"259\" \/><strong data-start=\"259\" data-end=\"272\">\u00dcr\u00fcn Ad\u0131:<\/strong> Still FM17 Ekran<br data-start=\"289\" data-end=\"292\" \/><strong data-start=\"292\" data-end=\"307\">Par\u00e7a Kodu:<\/strong> 426367<br data-start=\"314\" data-end=\"317\" \/><strong data-start=\"317\" data-end=\"329\">Malzeme:<\/strong> Dayan\u0131kl\u0131 plastik ve elektronik bile\u015fenler<br data-start=\"372\" data-end=\"375\" \/><strong data-start=\"375\" data-end=\"394\">Kullan\u0131m Alan\u0131:<\/strong> Still forklift ekran paneli<br data-start=\"422\" data-end=\"425\" \/><strong data-start=\"425\" data-end=\"437\">Avantaj:<\/strong> Kolay kullan\u0131m, net g\u00f6r\u00fcnt\u00fc, uzun \u00f6m\u00fcr<\/p>\n<p data-start=\"480\" data-end=\"712\">\n<\/div>\n<\/div>\n<\/div>\n<\/div>\n<\/div>\n<\/div>\n<\/div>\n<\/div>\n<\/article>\n","protected":false},"featured_media":11791,"template":"","meta":[],"product_brand":[],"product_cat":[241,431,524],"product_tag":[],"class_list":{"0":"post-11787","1":"product","2":"type-product","3":"status-publish","4":"has-post-thumbnail","6":"product_cat-still","7":"product_cat-ekranlar-ve-kartlar","8":"product_cat-yedek-parca-still","10":"first","11":"instock","12":"taxable","13":"shipping-taxable","14":"purchasable","15":"product-type-simple"},"_links":{"self":[{"href":"https:\/\/ceoparts.com\/tr\/wp-json\/wp\/v2\/product\/11787","targetHints":{"allow":["GET"]}}],"collection":[{"href":"https:\/\/ceoparts.com\/tr\/wp-json\/wp\/v2\/product"}],"about":[{"href":"https:\/\/ceoparts.com\/tr\/wp-json\/wp\/v2\/types\/product"}],"wp:featuredmedia":[{"embeddable":true,"href":"https:\/\/ceoparts.com\/tr\/wp-json\/wp\/v2\/media\/11791"}],"wp:attachment":[{"href":"https:\/\/ceoparts.com\/tr\/wp-json\/wp\/v2\/media?parent=11787"}],"wp:term":[{"taxonomy":"product_brand","embeddable":true,"href":"https:\/\/ceoparts.com\/tr\/wp-json\/wp\/v2\/product_brand?post=11787"},{"taxonomy":"product_cat","embeddable":true,"href":"https:\/\/ceoparts.com\/tr\/wp-json\/wp\/v2\/product_cat?post=11787"},{"taxonomy":"product_tag","embeddable":true,"href":"https:\/\/ceoparts.com\/tr\/wp-json\/wp\/v2\/product_tag?post=11787"}],"curies":[{"name":"wp","href":"https:\/\/api.w.org\/{rel}","templated":true}]}}