{"id":11796,"date":"2024-11-05T14:12:49","date_gmt":"2024-11-05T11:12:49","guid":{"rendered":"https:\/\/ceoparts.com\/?post_type=product&#038;p=11796"},"modified":"2026-05-16T16:22:08","modified_gmt":"2026-05-16T13:22:08","slug":"mafi-irion-elektronik-kontrol-ekrani","status":"publish","type":"product","link":"https:\/\/ceoparts.com\/tr\/urun\/mafi-irion-elektronik-kontrol-ekrani\/","title":{"rendered":"MAFI-IRION Elektronik Kontrol Ekran\u0131"},"content":{"rendered":"<p>MAFI-IRION Elektronik Kontrol Ekran\u0131<\/p>","protected":false},"excerpt":{"rendered":"<p data-start=\"0\" data-end=\"275\"><br data-start=\"5\" data-end=\"8\" \/>MAFI-IRION Elektronik Kontrol Ekran\u0131, forklift ve i\u015f makinelerinde kullan\u0131lan dayan\u0131kl\u0131 ve orijinal elektronik kontrol ekran\u0131d\u0131r. Operat\u00f6re makinenin \u00e7al\u0131\u015fma durumu, performans ve di\u011fer \u00f6nemli parametreleri g\u00f6rsel olarak sunar. Test edilmi\u015f ve sorunsuz \u00e7al\u0131\u015fmaktad\u0131r.<\/p>\n<p data-start=\"277\" data-end=\"545\"><strong data-start=\"277\" data-end=\"292\">\u00d6zellikler:<\/strong><br data-start=\"292\" data-end=\"295\" \/><strong data-start=\"295\" data-end=\"308\">\u00dcr\u00fcn Ad\u0131:<\/strong> MAFI-IRION Elektronik Kontrol Ekran\u0131<br data-start=\"345\" data-end=\"348\" \/><strong data-start=\"348\" data-end=\"363\">Par\u00e7a Kodu:<\/strong> Belirtilmemi\u015f<br data-start=\"377\" data-end=\"380\" \/><strong data-start=\"380\" data-end=\"392\">Malzeme:<\/strong> Elektronik bile\u015fenler<br data-start=\"414\" data-end=\"417\" \/><strong data-start=\"417\" data-end=\"436\">Kullan\u0131m Alan\u0131:<\/strong> Forklift ve i\u015f makineleri elektronik kontrol ekran\u0131<br data-start=\"488\" data-end=\"491\" \/><strong data-start=\"491\" data-end=\"503\">Avantaj:<\/strong> Dayan\u0131kl\u0131, g\u00fcvenilir, test edilmi\u015f \u00fcr\u00fcn<\/p>\n<p data-start=\"547\" data-end=\"829\">\n","protected":false},"featured_media":11839,"template":"","meta":[],"product_brand":[],"product_cat":[431],"product_tag":[],"class_list":{"0":"post-11796","1":"product","2":"type-product","3":"status-publish","4":"has-post-thumbnail","6":"product_cat-ekranlar-ve-kartlar","8":"first","9":"instock","10":"taxable","11":"shipping-taxable","12":"purchasable","13":"product-type-simple"},"_links":{"self":[{"href":"https:\/\/ceoparts.com\/tr\/wp-json\/wp\/v2\/product\/11796","targetHints":{"allow":["GET"]}}],"collection":[{"href":"https:\/\/ceoparts.com\/tr\/wp-json\/wp\/v2\/product"}],"about":[{"href":"https:\/\/ceoparts.com\/tr\/wp-json\/wp\/v2\/types\/product"}],"wp:featuredmedia":[{"embeddable":true,"href":"https:\/\/ceoparts.com\/tr\/wp-json\/wp\/v2\/media\/11839"}],"wp:attachment":[{"href":"https:\/\/ceoparts.com\/tr\/wp-json\/wp\/v2\/media?parent=11796"}],"wp:term":[{"taxonomy":"product_brand","embeddable":true,"href":"https:\/\/ceoparts.com\/tr\/wp-json\/wp\/v2\/product_brand?post=11796"},{"taxonomy":"product_cat","embeddable":true,"href":"https:\/\/ceoparts.com\/tr\/wp-json\/wp\/v2\/product_cat?post=11796"},{"taxonomy":"product_tag","embeddable":true,"href":"https:\/\/ceoparts.com\/tr\/wp-json\/wp\/v2\/product_tag?post=11796"}],"curies":[{"name":"wp","href":"https:\/\/api.w.org\/{rel}","templated":true}]}}