{"id":11821,"date":"2024-11-05T14:49:31","date_gmt":"2024-11-05T11:49:31","guid":{"rendered":"https:\/\/ceoparts.com\/?post_type=product&#038;p=11821"},"modified":"2026-05-16T17:23:01","modified_gmt":"2026-05-16T14:23:01","slug":"still-5015-ekran-723839","status":"publish","type":"product","link":"https:\/\/ceoparts.com\/tr\/urun\/still-5015-ekran-723839\/","title":{"rendered":"Still 5015 Ekran &#8211; 723839"},"content":{"rendered":"<p>Still 5015 Ekran &#8211; 723839<\/p>","protected":false},"excerpt":{"rendered":"<p data-start=\"0\" data-end=\"220\"><br data-start=\"5\" data-end=\"8\" \/>Still 5015 Ekran, forklift ve i\u015f makinelerinde kullan\u0131lan dayan\u0131kl\u0131 ve orijinal ekran \u00fcnitesidir. Operat\u00f6re makinenin \u00e7al\u0131\u015fma durumu ve parametrelerini g\u00f6rsel olarak sunar. Test edilmi\u015f ve sorunsuz \u00e7al\u0131\u015fmaktad\u0131r.<\/p>\n<p data-start=\"222\" data-end=\"451\"><strong data-start=\"222\" data-end=\"237\">\u00d6zellikler:<\/strong><br data-start=\"237\" data-end=\"240\" \/><strong data-start=\"240\" data-end=\"253\">\u00dcr\u00fcn Ad\u0131:<\/strong> Still 5015 Ekran<br data-start=\"270\" data-end=\"273\" \/><strong data-start=\"273\" data-end=\"288\">Par\u00e7a Kodu:<\/strong> 723839<br data-start=\"295\" data-end=\"298\" \/><strong data-start=\"298\" data-end=\"310\">Malzeme:<\/strong> Elektronik bile\u015fenler<br data-start=\"332\" data-end=\"335\" \/><strong data-start=\"335\" data-end=\"354\">Kullan\u0131m Alan\u0131:<\/strong> Forklift ve i\u015f makineleri ekran \u00fcnitesi<br data-start=\"394\" data-end=\"397\" \/><strong data-start=\"397\" data-end=\"409\">Avantaj:<\/strong> Dayan\u0131kl\u0131, g\u00fcvenilir, test edilmi\u015f \u00fcr\u00fcn<\/p>\n<p data-start=\"453\" data-end=\"672\">\n","protected":false},"featured_media":11823,"template":"","meta":[],"product_brand":[],"product_cat":[241,431,524],"product_tag":[],"class_list":{"0":"post-11821","1":"product","2":"type-product","3":"status-publish","4":"has-post-thumbnail","6":"product_cat-still","7":"product_cat-ekranlar-ve-kartlar","8":"product_cat-yedek-parca-still","10":"first","11":"instock","12":"taxable","13":"shipping-taxable","14":"purchasable","15":"product-type-simple"},"_links":{"self":[{"href":"https:\/\/ceoparts.com\/tr\/wp-json\/wp\/v2\/product\/11821","targetHints":{"allow":["GET"]}}],"collection":[{"href":"https:\/\/ceoparts.com\/tr\/wp-json\/wp\/v2\/product"}],"about":[{"href":"https:\/\/ceoparts.com\/tr\/wp-json\/wp\/v2\/types\/product"}],"wp:featuredmedia":[{"embeddable":true,"href":"https:\/\/ceoparts.com\/tr\/wp-json\/wp\/v2\/media\/11823"}],"wp:attachment":[{"href":"https:\/\/ceoparts.com\/tr\/wp-json\/wp\/v2\/media?parent=11821"}],"wp:term":[{"taxonomy":"product_brand","embeddable":true,"href":"https:\/\/ceoparts.com\/tr\/wp-json\/wp\/v2\/product_brand?post=11821"},{"taxonomy":"product_cat","embeddable":true,"href":"https:\/\/ceoparts.com\/tr\/wp-json\/wp\/v2\/product_cat?post=11821"},{"taxonomy":"product_tag","embeddable":true,"href":"https:\/\/ceoparts.com\/tr\/wp-json\/wp\/v2\/product_tag?post=11821"}],"curies":[{"name":"wp","href":"https:\/\/api.w.org\/{rel}","templated":true}]}}