{"id":11826,"date":"2024-11-05T14:53:19","date_gmt":"2024-11-05T11:53:19","guid":{"rendered":"https:\/\/ceoparts.com\/?post_type=product&#038;p=11826"},"modified":"2026-05-16T18:35:15","modified_gmt":"2026-05-16T15:35:15","slug":"still-abe2-forklift-gosterge-kontrol-paneli-ikinci-el-57310052646","status":"publish","type":"product","link":"https:\/\/ceoparts.com\/tr\/urun\/still-abe2-forklift-gosterge-kontrol-paneli-ikinci-el-57310052646\/","title":{"rendered":"STILL Abe2 Forklift G\u00f6sterge Kontrol Paneli 2.El &#8211; 57310052646"},"content":{"rendered":"<p>STILL Abe2 Forklift G\u00f6sterge Kontrol Paneli 2.El &#8211; 57310052646<\/p>","protected":false},"excerpt":{"rendered":"<p data-start=\"0\" data-end=\"275\"><br data-start=\"5\" data-end=\"8\" \/>STILL Abe2 Forklift G\u00f6sterge Kontrol Paneli 2.El, forklift ve i\u015f makinelerinde kullan\u0131lan dayan\u0131kl\u0131 ve orijinal ikinci el g\u00f6sterge kontrol panelidir. Operat\u00f6re makinenin \u00e7al\u0131\u015fma bilgilerini, uyar\u0131 ve kontrol sinyallerini sunar. Test edilmi\u015f ve sorunsuz \u00e7al\u0131\u015fmaktad\u0131r.<\/p>\n<p data-start=\"277\" data-end=\"563\"><strong data-start=\"277\" data-end=\"292\">\u00d6zellikler:<\/strong><br data-start=\"292\" data-end=\"295\" \/><strong data-start=\"295\" data-end=\"308\">\u00dcr\u00fcn Ad\u0131:<\/strong> STILL Abe2 Forklift G\u00f6sterge Kontrol Paneli 2.El<br data-start=\"357\" data-end=\"360\" \/><strong data-start=\"360\" data-end=\"375\">Par\u00e7a Kodu:<\/strong> 57310052646<br data-start=\"387\" data-end=\"390\" \/><strong data-start=\"390\" data-end=\"402\">Malzeme:<\/strong> Elektronik bile\u015fenler<br data-start=\"424\" data-end=\"427\" \/><strong data-start=\"427\" data-end=\"446\">Kullan\u0131m Alan\u0131:<\/strong> Forklift ve i\u015f makineleri g\u00f6sterge kontrol paneli<br data-start=\"496\" data-end=\"499\" \/><strong data-start=\"499\" data-end=\"511\">Avantaj:<\/strong> Dayan\u0131kl\u0131, g\u00fcvenilir, test edilmi\u015f ikinci el \u00fcr\u00fcn<\/p>\n<p data-start=\"565\" data-end=\"850\">\n","protected":false},"featured_media":11605,"template":"","meta":[],"product_brand":[],"product_cat":[241,433,524],"product_tag":[],"class_list":{"0":"post-11826","1":"product","2":"type-product","3":"status-publish","4":"has-post-thumbnail","6":"product_cat-still","7":"product_cat-ikinci-el-urunler","8":"product_cat-yedek-parca-still","10":"first","11":"instock","12":"taxable","13":"shipping-taxable","14":"purchasable","15":"product-type-simple"},"_links":{"self":[{"href":"https:\/\/ceoparts.com\/tr\/wp-json\/wp\/v2\/product\/11826","targetHints":{"allow":["GET"]}}],"collection":[{"href":"https:\/\/ceoparts.com\/tr\/wp-json\/wp\/v2\/product"}],"about":[{"href":"https:\/\/ceoparts.com\/tr\/wp-json\/wp\/v2\/types\/product"}],"wp:featuredmedia":[{"embeddable":true,"href":"https:\/\/ceoparts.com\/tr\/wp-json\/wp\/v2\/media\/11605"}],"wp:attachment":[{"href":"https:\/\/ceoparts.com\/tr\/wp-json\/wp\/v2\/media?parent=11826"}],"wp:term":[{"taxonomy":"product_brand","embeddable":true,"href":"https:\/\/ceoparts.com\/tr\/wp-json\/wp\/v2\/product_brand?post=11826"},{"taxonomy":"product_cat","embeddable":true,"href":"https:\/\/ceoparts.com\/tr\/wp-json\/wp\/v2\/product_cat?post=11826"},{"taxonomy":"product_tag","embeddable":true,"href":"https:\/\/ceoparts.com\/tr\/wp-json\/wp\/v2\/product_tag?post=11826"}],"curies":[{"name":"wp","href":"https:\/\/api.w.org\/{rel}","templated":true}]}}