{"id":11827,"date":"2024-11-05T14:59:22","date_gmt":"2024-11-05T11:59:22","guid":{"rendered":"https:\/\/ceoparts.com\/?post_type=product&#038;p=11827"},"modified":"2026-05-16T21:10:55","modified_gmt":"2026-05-16T18:10:55","slug":"still-kare-ekran-ikinci-el-729546","status":"publish","type":"product","link":"https:\/\/ceoparts.com\/tr\/urun\/still-kare-ekran-ikinci-el-729546\/","title":{"rendered":"Still Kare Ekran 2.El &#8211; 729546"},"content":{"rendered":"<p>Still Kare Ekran 2.El &#8211; 729546<\/p>","protected":false},"excerpt":{"rendered":"<p data-start=\"0\" data-end=\"240\"><br data-start=\"5\" data-end=\"8\" \/>Still Kare Ekran 2.El, forklift ve i\u015f makinelerinde kullan\u0131lan dayan\u0131kl\u0131 ve orijinal ikinci el kare ekran \u00fcnitesidir. Operat\u00f6re makinenin \u00e7al\u0131\u015fma durumu ve parametrelerini g\u00f6rsel olarak sunar. Test edilmi\u015f ve sorunsuz \u00e7al\u0131\u015fmaktad\u0131r.<\/p>\n<p data-start=\"242\" data-end=\"491\"><strong data-start=\"242\" data-end=\"257\">\u00d6zellikler:<\/strong><br data-start=\"257\" data-end=\"260\" \/><strong data-start=\"260\" data-end=\"273\">\u00dcr\u00fcn Ad\u0131:<\/strong> Still Kare Ekran 2.El<br data-start=\"295\" data-end=\"298\" \/><strong data-start=\"298\" data-end=\"313\">Par\u00e7a Kodu:<\/strong> 729546<br data-start=\"320\" data-end=\"323\" \/><strong data-start=\"323\" data-end=\"335\">Malzeme:<\/strong> Elektronik bile\u015fenler<br data-start=\"357\" data-end=\"360\" \/><strong data-start=\"360\" data-end=\"379\">Kullan\u0131m Alan\u0131:<\/strong> Forklift ve i\u015f makineleri kare ekran \u00fcnitesi<br data-start=\"424\" data-end=\"427\" \/><strong data-start=\"427\" data-end=\"439\">Avantaj:<\/strong> Dayan\u0131kl\u0131, g\u00fcvenilir, test edilmi\u015f ikinci el \u00fcr\u00fcn<\/p>\n<p data-start=\"493\" data-end=\"742\">\n","protected":false},"featured_media":11777,"template":"","meta":[],"product_brand":[],"product_cat":[241,433,524],"product_tag":[],"class_list":{"0":"post-11827","1":"product","2":"type-product","3":"status-publish","4":"has-post-thumbnail","6":"product_cat-still","7":"product_cat-ikinci-el-urunler","8":"product_cat-yedek-parca-still","10":"first","11":"instock","12":"taxable","13":"shipping-taxable","14":"purchasable","15":"product-type-simple"},"_links":{"self":[{"href":"https:\/\/ceoparts.com\/tr\/wp-json\/wp\/v2\/product\/11827","targetHints":{"allow":["GET"]}}],"collection":[{"href":"https:\/\/ceoparts.com\/tr\/wp-json\/wp\/v2\/product"}],"about":[{"href":"https:\/\/ceoparts.com\/tr\/wp-json\/wp\/v2\/types\/product"}],"wp:featuredmedia":[{"embeddable":true,"href":"https:\/\/ceoparts.com\/tr\/wp-json\/wp\/v2\/media\/11777"}],"wp:attachment":[{"href":"https:\/\/ceoparts.com\/tr\/wp-json\/wp\/v2\/media?parent=11827"}],"wp:term":[{"taxonomy":"product_brand","embeddable":true,"href":"https:\/\/ceoparts.com\/tr\/wp-json\/wp\/v2\/product_brand?post=11827"},{"taxonomy":"product_cat","embeddable":true,"href":"https:\/\/ceoparts.com\/tr\/wp-json\/wp\/v2\/product_cat?post=11827"},{"taxonomy":"product_tag","embeddable":true,"href":"https:\/\/ceoparts.com\/tr\/wp-json\/wp\/v2\/product_tag?post=11827"}],"curies":[{"name":"wp","href":"https:\/\/api.w.org\/{rel}","templated":true}]}}