{"id":11828,"date":"2024-11-05T15:11:06","date_gmt":"2024-11-05T12:11:06","guid":{"rendered":"https:\/\/ceoparts.com\/?post_type=product&#038;p=11828"},"modified":"2026-05-16T19:52:04","modified_gmt":"2026-05-16T16:52:04","slug":"still-fmx-ekran-ikinci-el-0009460789","status":"publish","type":"product","link":"https:\/\/ceoparts.com\/tr\/urun\/still-fmx-ekran-ikinci-el-0009460789\/","title":{"rendered":"Still FMX Ekran 2.El  &#8211; 0009460789"},"content":{"rendered":"<p>Still FMX Ekran 2.El  &#8211; 0009460789<\/p>\n<p>Still FMX Ekran &#8211; 0009460789<\/p>","protected":false},"excerpt":{"rendered":"<p data-start=\"0\" data-end=\"234\"><br data-start=\"5\" data-end=\"8\" \/>Still FMX Ekran 2.El, forklift ve i\u015f makinelerinde kullan\u0131lan dayan\u0131kl\u0131 ve orijinal ikinci el ekran \u00fcnitesidir. Operat\u00f6re makinenin \u00e7al\u0131\u015fma durumu ve parametrelerini g\u00f6rsel olarak sunar. Test edilmi\u015f ve sorunsuz \u00e7al\u0131\u015fmaktad\u0131r.<\/p>\n<p data-start=\"236\" data-end=\"483\"><strong data-start=\"236\" data-end=\"251\">\u00d6zellikler:<\/strong><br data-start=\"251\" data-end=\"254\" \/><strong data-start=\"254\" data-end=\"267\">\u00dcr\u00fcn Ad\u0131:<\/strong> Still FMX Ekran 2.El<br data-start=\"288\" data-end=\"291\" \/><strong data-start=\"291\" data-end=\"306\">Par\u00e7a Kodu:<\/strong> 0009460789<br data-start=\"317\" data-end=\"320\" \/><strong data-start=\"320\" data-end=\"332\">Malzeme:<\/strong> Elektronik bile\u015fenler<br data-start=\"354\" data-end=\"357\" \/><strong data-start=\"357\" data-end=\"376\">Kullan\u0131m Alan\u0131:<\/strong> Forklift ve i\u015f makineleri ekran \u00fcnitesi<br data-start=\"416\" data-end=\"419\" \/><strong data-start=\"419\" data-end=\"431\">Avantaj:<\/strong> Dayan\u0131kl\u0131, g\u00fcvenilir, test edilmi\u015f ikinci el \u00fcr\u00fcn<\/p>\n<p data-start=\"485\" data-end=\"724\">\n","protected":false},"featured_media":11782,"template":"","meta":[],"product_brand":[],"product_cat":[241,242,433],"product_tag":[],"class_list":{"0":"post-11828","1":"product","2":"type-product","3":"status-publish","4":"has-post-thumbnail","6":"product_cat-still","7":"product_cat-denge-tekeri-still","8":"product_cat-ikinci-el-urunler","10":"first","11":"instock","12":"taxable","13":"shipping-taxable","14":"purchasable","15":"product-type-simple"},"_links":{"self":[{"href":"https:\/\/ceoparts.com\/tr\/wp-json\/wp\/v2\/product\/11828","targetHints":{"allow":["GET"]}}],"collection":[{"href":"https:\/\/ceoparts.com\/tr\/wp-json\/wp\/v2\/product"}],"about":[{"href":"https:\/\/ceoparts.com\/tr\/wp-json\/wp\/v2\/types\/product"}],"wp:featuredmedia":[{"embeddable":true,"href":"https:\/\/ceoparts.com\/tr\/wp-json\/wp\/v2\/media\/11782"}],"wp:attachment":[{"href":"https:\/\/ceoparts.com\/tr\/wp-json\/wp\/v2\/media?parent=11828"}],"wp:term":[{"taxonomy":"product_brand","embeddable":true,"href":"https:\/\/ceoparts.com\/tr\/wp-json\/wp\/v2\/product_brand?post=11828"},{"taxonomy":"product_cat","embeddable":true,"href":"https:\/\/ceoparts.com\/tr\/wp-json\/wp\/v2\/product_cat?post=11828"},{"taxonomy":"product_tag","embeddable":true,"href":"https:\/\/ceoparts.com\/tr\/wp-json\/wp\/v2\/product_tag?post=11828"}],"curies":[{"name":"wp","href":"https:\/\/api.w.org\/{rel}","templated":true}]}}