{"id":11829,"date":"2024-11-05T15:14:37","date_gmt":"2024-11-05T12:14:37","guid":{"rendered":"https:\/\/ceoparts.com\/?post_type=product&#038;p=11829"},"modified":"2026-05-16T21:36:26","modified_gmt":"2026-05-16T18:36:26","slug":"linde-r06-ekran-ikinci-el-1263611501","status":"publish","type":"product","link":"https:\/\/ceoparts.com\/tr\/urun\/linde-r06-ekran-ikinci-el-1263611501\/","title":{"rendered":"LINDE R06 Ekran 2.El &#8211; 1263611501"},"content":{"rendered":"<p>LINDE R06 Ekran 2.El &#8211; 1263611501<\/p>\n<p>LINDE R06 Ekran 2.El &#8211; 1263611501<\/p>","protected":false},"excerpt":{"rendered":"<p data-start=\"0\" data-end=\"223\"><br data-start=\"5\" data-end=\"8\" \/>Linde R06 Ekran 2.El, forklift ve i\u015f makinelerinde kullan\u0131lan dayan\u0131kl\u0131 ve orijinal ikinci el ekran \u00fcnitesidir. Operat\u00f6re makinenin \u00e7al\u0131\u015fma durumu ve parametrelerini g\u00f6sterir. Test edilmi\u015f ve sorunsuz \u00e7al\u0131\u015fmaktad\u0131r.<\/p>\n<p data-start=\"225\" data-end=\"472\"><strong data-start=\"225\" data-end=\"240\">\u00d6zellikler:<\/strong><br data-start=\"240\" data-end=\"243\" \/><strong data-start=\"243\" data-end=\"256\">\u00dcr\u00fcn Ad\u0131:<\/strong> Linde R06 Ekran 2.El<br data-start=\"277\" data-end=\"280\" \/><strong data-start=\"280\" data-end=\"295\">Par\u00e7a Kodu:<\/strong> 1263611501<br data-start=\"306\" data-end=\"309\" \/><strong data-start=\"309\" data-end=\"321\">Malzeme:<\/strong> Elektronik bile\u015fenler<br data-start=\"343\" data-end=\"346\" \/><strong data-start=\"346\" data-end=\"365\">Kullan\u0131m Alan\u0131:<\/strong> Forklift ve i\u015f makineleri ekran \u00fcnitesi<br data-start=\"405\" data-end=\"408\" \/><strong data-start=\"408\" data-end=\"420\">Avantaj:<\/strong> Dayan\u0131kl\u0131, g\u00fcvenilir, test edilmi\u015f ikinci el \u00fcr\u00fcn<\/p>\n<p data-start=\"474\" data-end=\"704\">\n","protected":false},"featured_media":11646,"template":"","meta":[],"product_brand":[],"product_cat":[246,433,523],"product_tag":[],"class_list":{"0":"post-11829","1":"product","2":"type-product","3":"status-publish","4":"has-post-thumbnail","6":"product_cat-linde","7":"product_cat-ikinci-el-urunler","8":"product_cat-yedek-parca-linde","10":"first","11":"instock","12":"taxable","13":"shipping-taxable","14":"purchasable","15":"product-type-simple"},"_links":{"self":[{"href":"https:\/\/ceoparts.com\/tr\/wp-json\/wp\/v2\/product\/11829","targetHints":{"allow":["GET"]}}],"collection":[{"href":"https:\/\/ceoparts.com\/tr\/wp-json\/wp\/v2\/product"}],"about":[{"href":"https:\/\/ceoparts.com\/tr\/wp-json\/wp\/v2\/types\/product"}],"wp:featuredmedia":[{"embeddable":true,"href":"https:\/\/ceoparts.com\/tr\/wp-json\/wp\/v2\/media\/11646"}],"wp:attachment":[{"href":"https:\/\/ceoparts.com\/tr\/wp-json\/wp\/v2\/media?parent=11829"}],"wp:term":[{"taxonomy":"product_brand","embeddable":true,"href":"https:\/\/ceoparts.com\/tr\/wp-json\/wp\/v2\/product_brand?post=11829"},{"taxonomy":"product_cat","embeddable":true,"href":"https:\/\/ceoparts.com\/tr\/wp-json\/wp\/v2\/product_cat?post=11829"},{"taxonomy":"product_tag","embeddable":true,"href":"https:\/\/ceoparts.com\/tr\/wp-json\/wp\/v2\/product_tag?post=11829"}],"curies":[{"name":"wp","href":"https:\/\/api.w.org\/{rel}","templated":true}]}}