{"id":11830,"date":"2024-11-05T15:18:21","date_gmt":"2024-11-05T12:18:21","guid":{"rendered":"https:\/\/ceoparts.com\/?post_type=product&#038;p=11830"},"modified":"2026-05-16T19:57:50","modified_gmt":"2026-05-16T16:57:50","slug":"still-fm17-ekran-ikinci-el-426367","status":"publish","type":"product","link":"https:\/\/ceoparts.com\/tr\/urun\/still-fm17-ekran-ikinci-el-426367\/","title":{"rendered":"Still FM17 Ekran 2.El &#8211; 426367"},"content":{"rendered":"<p>Still FM17 Ekran 2.El &#8211; 426367<\/p>","protected":false},"excerpt":{"rendered":"<p data-start=\"0\" data-end=\"224\"><br data-start=\"5\" data-end=\"8\" \/>Still FM17 Ekran 2.El, forklift ve i\u015f makinelerinde kullan\u0131lan dayan\u0131kl\u0131 ve orijinal ikinci el ekran \u00fcnitesidir. Operat\u00f6re makinenin \u00e7al\u0131\u015fma durumu ve parametrelerini g\u00f6sterir. Test edilmi\u015f ve sorunsuz \u00e7al\u0131\u015fmaktad\u0131r.<\/p>\n<p data-start=\"226\" data-end=\"470\"><strong data-start=\"226\" data-end=\"241\">\u00d6zellikler:<\/strong><br data-start=\"241\" data-end=\"244\" \/><strong data-start=\"244\" data-end=\"257\">\u00dcr\u00fcn Ad\u0131:<\/strong> Still FM17 Ekran 2.El<br data-start=\"279\" data-end=\"282\" \/><strong data-start=\"282\" data-end=\"297\">Par\u00e7a Kodu:<\/strong> 426367<br data-start=\"304\" data-end=\"307\" \/><strong data-start=\"307\" data-end=\"319\">Malzeme:<\/strong> Elektronik bile\u015fenler<br data-start=\"341\" data-end=\"344\" \/><strong data-start=\"344\" data-end=\"363\">Kullan\u0131m Alan\u0131:<\/strong> Forklift ve i\u015f makineleri ekran \u00fcnitesi<br data-start=\"403\" data-end=\"406\" \/><strong data-start=\"406\" data-end=\"418\">Avantaj:<\/strong> Dayan\u0131kl\u0131, g\u00fcvenilir, test edilmi\u015f ikinci el \u00fcr\u00fcn<\/p>\n<p data-start=\"472\" data-end=\"703\">\n","protected":false},"featured_media":11791,"template":"","meta":[],"product_brand":[],"product_cat":[241,433,524],"product_tag":[],"class_list":{"0":"post-11830","1":"product","2":"type-product","3":"status-publish","4":"has-post-thumbnail","6":"product_cat-still","7":"product_cat-ikinci-el-urunler","8":"product_cat-yedek-parca-still","10":"first","11":"instock","12":"taxable","13":"shipping-taxable","14":"purchasable","15":"product-type-simple"},"_links":{"self":[{"href":"https:\/\/ceoparts.com\/tr\/wp-json\/wp\/v2\/product\/11830","targetHints":{"allow":["GET"]}}],"collection":[{"href":"https:\/\/ceoparts.com\/tr\/wp-json\/wp\/v2\/product"}],"about":[{"href":"https:\/\/ceoparts.com\/tr\/wp-json\/wp\/v2\/types\/product"}],"wp:featuredmedia":[{"embeddable":true,"href":"https:\/\/ceoparts.com\/tr\/wp-json\/wp\/v2\/media\/11791"}],"wp:attachment":[{"href":"https:\/\/ceoparts.com\/tr\/wp-json\/wp\/v2\/media?parent=11830"}],"wp:term":[{"taxonomy":"product_brand","embeddable":true,"href":"https:\/\/ceoparts.com\/tr\/wp-json\/wp\/v2\/product_brand?post=11830"},{"taxonomy":"product_cat","embeddable":true,"href":"https:\/\/ceoparts.com\/tr\/wp-json\/wp\/v2\/product_cat?post=11830"},{"taxonomy":"product_tag","embeddable":true,"href":"https:\/\/ceoparts.com\/tr\/wp-json\/wp\/v2\/product_tag?post=11830"}],"curies":[{"name":"wp","href":"https:\/\/api.w.org\/{rel}","templated":true}]}}