{"id":11832,"date":"2024-11-05T15:25:35","date_gmt":"2024-11-05T12:25:35","guid":{"rendered":"https:\/\/ceoparts.com\/?post_type=product&#038;p=11832"},"modified":"2026-05-16T14:16:27","modified_gmt":"2026-05-16T11:16:27","slug":"esa-ekran-ikinci-el-e189179","status":"publish","type":"product","link":"https:\/\/ceoparts.com\/tr\/urun\/esa-ekran-ikinci-el-e189179\/","title":{"rendered":"ESA Ekran 2.El &#8211; E189179"},"content":{"rendered":"<p>ESA Ekran 2.El &#8211; E189179<\/p>\n<p>ESA Ekran 2.El &#8211; E189179<\/p>","protected":false},"excerpt":{"rendered":"<p data-start=\"0\" data-end=\"233\"><br data-start=\"5\" data-end=\"8\" \/>ESA Ekran 2.El, forklift ve i\u015f makinelerinde kullan\u0131lan dayan\u0131kl\u0131 ve orijinal ikinci el ekran \u00fcnitesidir. Operat\u00f6re makine durumu, \u00e7al\u0131\u015fma parametreleri ve hata bildirimlerini g\u00f6sterir. Test edilmi\u015f ve sorunsuz \u00e7al\u0131\u015fmaktad\u0131r.<\/p>\n<p data-start=\"235\" data-end=\"473\"><strong data-start=\"235\" data-end=\"250\">\u00d6zellikler:<\/strong><br data-start=\"250\" data-end=\"253\" \/><strong data-start=\"253\" data-end=\"266\">\u00dcr\u00fcn Ad\u0131:<\/strong> ESA Ekran 2.El<br data-start=\"281\" data-end=\"284\" \/><strong data-start=\"284\" data-end=\"299\">Par\u00e7a Kodu:<\/strong> E189179<br data-start=\"307\" data-end=\"310\" \/><strong data-start=\"310\" data-end=\"322\">Malzeme:<\/strong> Elektronik bile\u015fenler<br data-start=\"344\" data-end=\"347\" \/><strong data-start=\"347\" data-end=\"366\">Kullan\u0131m Alan\u0131:<\/strong> Forklift ve i\u015f makineleri ekran \u00fcnitesi<br data-start=\"406\" data-end=\"409\" \/><strong data-start=\"409\" data-end=\"421\">Avantaj:<\/strong> Dayan\u0131kl\u0131, g\u00fcvenilir, test edilmi\u015f ikinci el \u00fcr\u00fcn<\/p>\n<p data-start=\"475\" data-end=\"715\">\n","protected":false},"featured_media":11804,"template":"","meta":[],"product_brand":[],"product_cat":[433],"product_tag":[],"class_list":{"0":"post-11832","1":"product","2":"type-product","3":"status-publish","4":"has-post-thumbnail","6":"product_cat-ikinci-el-urunler","8":"first","9":"instock","10":"taxable","11":"shipping-taxable","12":"purchasable","13":"product-type-simple"},"_links":{"self":[{"href":"https:\/\/ceoparts.com\/tr\/wp-json\/wp\/v2\/product\/11832","targetHints":{"allow":["GET"]}}],"collection":[{"href":"https:\/\/ceoparts.com\/tr\/wp-json\/wp\/v2\/product"}],"about":[{"href":"https:\/\/ceoparts.com\/tr\/wp-json\/wp\/v2\/types\/product"}],"wp:featuredmedia":[{"embeddable":true,"href":"https:\/\/ceoparts.com\/tr\/wp-json\/wp\/v2\/media\/11804"}],"wp:attachment":[{"href":"https:\/\/ceoparts.com\/tr\/wp-json\/wp\/v2\/media?parent=11832"}],"wp:term":[{"taxonomy":"product_brand","embeddable":true,"href":"https:\/\/ceoparts.com\/tr\/wp-json\/wp\/v2\/product_brand?post=11832"},{"taxonomy":"product_cat","embeddable":true,"href":"https:\/\/ceoparts.com\/tr\/wp-json\/wp\/v2\/product_cat?post=11832"},{"taxonomy":"product_tag","embeddable":true,"href":"https:\/\/ceoparts.com\/tr\/wp-json\/wp\/v2\/product_tag?post=11832"}],"curies":[{"name":"wp","href":"https:\/\/api.w.org\/{rel}","templated":true}]}}