{"id":11833,"date":"2024-11-05T15:30:49","date_gmt":"2024-11-05T12:30:49","guid":{"rendered":"https:\/\/ceoparts.com\/?post_type=product&#038;p=11833"},"modified":"2026-05-16T15:25:03","modified_gmt":"2026-05-16T12:25:03","slug":"still-mxx-ekran-ikinci-el-52314306312","status":"publish","type":"product","link":"https:\/\/ceoparts.com\/tr\/urun\/still-mxx-ekran-ikinci-el-52314306312\/","title":{"rendered":"Still MXX Ekran 2.El &#8211; 52314306312"},"content":{"rendered":"<p>Still MXX Ekran 2.El &#8211; 52314306312<\/p>","protected":false},"excerpt":{"rendered":"<p data-start=\"0\" data-end=\"228\"><br data-start=\"5\" data-end=\"8\" \/>Still MXX Ekran 2.El, forklift ve i\u015f makinelerinde kullan\u0131lan dayan\u0131kl\u0131 ve orijinal ikinci el ekran \u00fcnitesidir. Operat\u00f6re makinenin \u00e7al\u0131\u015fma bilgilerini ve parametrelerini g\u00f6sterir. Test edilmi\u015f ve sorunsuz \u00e7al\u0131\u015fmaktad\u0131r.<\/p>\n<p data-start=\"230\" data-end=\"478\"><strong data-start=\"230\" data-end=\"245\">\u00d6zellikler:<\/strong><br data-start=\"245\" data-end=\"248\" \/><strong data-start=\"248\" data-end=\"261\">\u00dcr\u00fcn Ad\u0131:<\/strong> Still MXX Ekran 2.El<br data-start=\"282\" data-end=\"285\" \/><strong data-start=\"285\" data-end=\"300\">Par\u00e7a Kodu:<\/strong> 52314306312<br data-start=\"312\" data-end=\"315\" \/><strong data-start=\"315\" data-end=\"327\">Malzeme:<\/strong> Elektronik bile\u015fenler<br data-start=\"349\" data-end=\"352\" \/><strong data-start=\"352\" data-end=\"371\">Kullan\u0131m Alan\u0131:<\/strong> Forklift ve i\u015f makineleri ekran \u00fcnitesi<br data-start=\"411\" data-end=\"414\" \/><strong data-start=\"414\" data-end=\"426\">Avantaj:<\/strong> Dayan\u0131kl\u0131, g\u00fcvenilir, test edilmi\u015f ikinci el \u00fcr\u00fcn<\/p>\n<p data-start=\"480\" data-end=\"701\">\n","protected":false},"featured_media":11809,"template":"","meta":[],"product_brand":[],"product_cat":[241,433,524],"product_tag":[],"class_list":{"0":"post-11833","1":"product","2":"type-product","3":"status-publish","4":"has-post-thumbnail","6":"product_cat-still","7":"product_cat-ikinci-el-urunler","8":"product_cat-yedek-parca-still","10":"first","11":"instock","12":"taxable","13":"shipping-taxable","14":"purchasable","15":"product-type-simple"},"_links":{"self":[{"href":"https:\/\/ceoparts.com\/tr\/wp-json\/wp\/v2\/product\/11833","targetHints":{"allow":["GET"]}}],"collection":[{"href":"https:\/\/ceoparts.com\/tr\/wp-json\/wp\/v2\/product"}],"about":[{"href":"https:\/\/ceoparts.com\/tr\/wp-json\/wp\/v2\/types\/product"}],"wp:featuredmedia":[{"embeddable":true,"href":"https:\/\/ceoparts.com\/tr\/wp-json\/wp\/v2\/media\/11809"}],"wp:attachment":[{"href":"https:\/\/ceoparts.com\/tr\/wp-json\/wp\/v2\/media?parent=11833"}],"wp:term":[{"taxonomy":"product_brand","embeddable":true,"href":"https:\/\/ceoparts.com\/tr\/wp-json\/wp\/v2\/product_brand?post=11833"},{"taxonomy":"product_cat","embeddable":true,"href":"https:\/\/ceoparts.com\/tr\/wp-json\/wp\/v2\/product_cat?post=11833"},{"taxonomy":"product_tag","embeddable":true,"href":"https:\/\/ceoparts.com\/tr\/wp-json\/wp\/v2\/product_tag?post=11833"}],"curies":[{"name":"wp","href":"https:\/\/api.w.org\/{rel}","templated":true}]}}