{"id":11836,"date":"2024-11-05T15:39:11","date_gmt":"2024-11-05T12:39:11","guid":{"rendered":"https:\/\/ceoparts.com\/?post_type=product&#038;p=11836"},"modified":"2026-05-16T15:02:53","modified_gmt":"2026-05-16T12:02:53","slug":"still-5015-ekran-ikinci-el-723839","status":"publish","type":"product","link":"https:\/\/ceoparts.com\/tr\/urun\/still-5015-ekran-ikinci-el-723839\/","title":{"rendered":"Still 5015 Ekran 2.El &#8211; 723839"},"content":{"rendered":"<p>Still 5015 Ekran 2.El &#8211; 723839<\/p>","protected":false},"excerpt":{"rendered":"<p data-start=\"0\" data-end=\"217\"><br data-start=\"5\" data-end=\"8\" \/>Still 5015 Ekran 2.El, forklift ve i\u015f makinelerinde kullan\u0131lan dayan\u0131kl\u0131 ve orijinal ikinci el ekran \u00fcnitesidir. Operat\u00f6re makine durumu ve kontrol bilgilerini g\u00f6sterir. Test edilmi\u015f ve sorunsuz \u00e7al\u0131\u015fmaktad\u0131r.<\/p>\n<p data-start=\"219\" data-end=\"463\"><strong data-start=\"219\" data-end=\"234\">\u00d6zellikler:<\/strong><br data-start=\"234\" data-end=\"237\" \/><strong data-start=\"237\" data-end=\"250\">\u00dcr\u00fcn Ad\u0131:<\/strong> Still 5015 Ekran 2.El<br data-start=\"272\" data-end=\"275\" \/><strong data-start=\"275\" data-end=\"290\">Par\u00e7a Kodu:<\/strong> 723839<br data-start=\"297\" data-end=\"300\" \/><strong data-start=\"300\" data-end=\"312\">Malzeme:<\/strong> Elektronik bile\u015fenler<br data-start=\"334\" data-end=\"337\" \/><strong data-start=\"337\" data-end=\"356\">Kullan\u0131m Alan\u0131:<\/strong> Forklift ve i\u015f makineleri ekran \u00fcnitesi<br data-start=\"396\" data-end=\"399\" \/><strong data-start=\"399\" data-end=\"411\">Avantaj:<\/strong> Dayan\u0131kl\u0131, g\u00fcvenilir, test edilmi\u015f ikinci el \u00fcr\u00fcn<\/p>\n<p data-start=\"465\" data-end=\"689\">\n","protected":false},"featured_media":11823,"template":"","meta":[],"product_brand":[],"product_cat":[241,433,524],"product_tag":[],"class_list":{"0":"post-11836","1":"product","2":"type-product","3":"status-publish","4":"has-post-thumbnail","6":"product_cat-still","7":"product_cat-ikinci-el-urunler","8":"product_cat-yedek-parca-still","10":"first","11":"instock","12":"taxable","13":"shipping-taxable","14":"purchasable","15":"product-type-simple"},"_links":{"self":[{"href":"https:\/\/ceoparts.com\/tr\/wp-json\/wp\/v2\/product\/11836","targetHints":{"allow":["GET"]}}],"collection":[{"href":"https:\/\/ceoparts.com\/tr\/wp-json\/wp\/v2\/product"}],"about":[{"href":"https:\/\/ceoparts.com\/tr\/wp-json\/wp\/v2\/types\/product"}],"wp:featuredmedia":[{"embeddable":true,"href":"https:\/\/ceoparts.com\/tr\/wp-json\/wp\/v2\/media\/11823"}],"wp:attachment":[{"href":"https:\/\/ceoparts.com\/tr\/wp-json\/wp\/v2\/media?parent=11836"}],"wp:term":[{"taxonomy":"product_brand","embeddable":true,"href":"https:\/\/ceoparts.com\/tr\/wp-json\/wp\/v2\/product_brand?post=11836"},{"taxonomy":"product_cat","embeddable":true,"href":"https:\/\/ceoparts.com\/tr\/wp-json\/wp\/v2\/product_cat?post=11836"},{"taxonomy":"product_tag","embeddable":true,"href":"https:\/\/ceoparts.com\/tr\/wp-json\/wp\/v2\/product_tag?post=11836"}],"curies":[{"name":"wp","href":"https:\/\/api.w.org\/{rel}","templated":true}]}}