{"id":11846,"date":"2024-11-06T13:51:47","date_gmt":"2024-11-06T10:51:47","guid":{"rendered":"https:\/\/ceoparts.com\/?post_type=product&#038;p=11846"},"modified":"2026-05-16T15:18:59","modified_gmt":"2026-05-16T12:18:59","slug":"still-konvartor-2-el-80v-600a-721921","status":"publish","type":"product","link":"https:\/\/ceoparts.com\/tr\/urun\/still-konvartor-2-el-80v-600a-721921\/","title":{"rendered":"Still Konvart\u00f6r 2.El 80V 600A &#8211; 721921"},"content":{"rendered":"<p>Still Konvart\u00f6r 2.El 80V 600A &#8211; 721921<\/p>","protected":false},"excerpt":{"rendered":"<p data-start=\"0\" data-end=\"289\"><br data-start=\"5\" data-end=\"8\" \/>Still Konvart\u00f6r 2.El 80V 600A, forklift ve i\u015f makinelerinde kullan\u0131lan dayan\u0131kl\u0131 ve orijinal ikinci el voltaj d\u00f6n\u00fc\u015ft\u00fcr\u00fcc\u00fcd\u00fcr. 80V giri\u015f voltaj\u0131n\u0131 600A ak\u0131m kapasitesi ile y\u00f6neterek ekipman\u0131n elektrik sisteminin stabil \u00e7al\u0131\u015fmas\u0131n\u0131 sa\u011flar. Test edilmi\u015f ve g\u00fcvenilir performans sunar.<\/p>\n<p data-start=\"291\" data-end=\"565\"><strong data-start=\"291\" data-end=\"306\">\u00d6zellikler:<\/strong><br data-start=\"306\" data-end=\"309\" \/><strong data-start=\"309\" data-end=\"322\">\u00dcr\u00fcn Ad\u0131:<\/strong> Still Konvart\u00f6r 2.El 80V 600A<br data-start=\"352\" data-end=\"355\" \/><strong data-start=\"355\" data-end=\"370\">Par\u00e7a Kodu:<\/strong> 721921<br data-start=\"377\" data-end=\"380\" \/><strong data-start=\"380\" data-end=\"392\">Malzeme:<\/strong> Elektronik ve elektriksel bile\u015fenler<br data-start=\"429\" data-end=\"432\" \/><strong data-start=\"432\" data-end=\"451\">Kullan\u0131m Alan\u0131:<\/strong> Forklift ve i\u015f makineleri voltaj d\u00f6n\u00fc\u015ft\u00fcr\u00fcc\u00fcs\u00fc<br data-start=\"498\" data-end=\"501\" \/><strong data-start=\"501\" data-end=\"513\">Avantaj:<\/strong> Dayan\u0131kl\u0131, g\u00fcvenilir, test edilmi\u015f ikinci el \u00fcr\u00fcn<\/p>\n<p data-start=\"567\" data-end=\"851\">\n","protected":false},"featured_media":11847,"template":"","meta":[],"product_brand":[],"product_cat":[241,433,524],"product_tag":[],"class_list":{"0":"post-11846","1":"product","2":"type-product","3":"status-publish","4":"has-post-thumbnail","6":"product_cat-still","7":"product_cat-ikinci-el-urunler","8":"product_cat-yedek-parca-still","10":"first","11":"instock","12":"taxable","13":"shipping-taxable","14":"purchasable","15":"product-type-simple"},"_links":{"self":[{"href":"https:\/\/ceoparts.com\/tr\/wp-json\/wp\/v2\/product\/11846","targetHints":{"allow":["GET"]}}],"collection":[{"href":"https:\/\/ceoparts.com\/tr\/wp-json\/wp\/v2\/product"}],"about":[{"href":"https:\/\/ceoparts.com\/tr\/wp-json\/wp\/v2\/types\/product"}],"wp:featuredmedia":[{"embeddable":true,"href":"https:\/\/ceoparts.com\/tr\/wp-json\/wp\/v2\/media\/11847"}],"wp:attachment":[{"href":"https:\/\/ceoparts.com\/tr\/wp-json\/wp\/v2\/media?parent=11846"}],"wp:term":[{"taxonomy":"product_brand","embeddable":true,"href":"https:\/\/ceoparts.com\/tr\/wp-json\/wp\/v2\/product_brand?post=11846"},{"taxonomy":"product_cat","embeddable":true,"href":"https:\/\/ceoparts.com\/tr\/wp-json\/wp\/v2\/product_cat?post=11846"},{"taxonomy":"product_tag","embeddable":true,"href":"https:\/\/ceoparts.com\/tr\/wp-json\/wp\/v2\/product_tag?post=11846"}],"curies":[{"name":"wp","href":"https:\/\/api.w.org\/{rel}","templated":true}]}}