{"id":11852,"date":"2024-11-06T14:14:38","date_gmt":"2024-11-06T11:14:38","guid":{"rendered":"https:\/\/ceoparts.com\/?post_type=product&#038;p=11852"},"modified":"2026-05-16T14:36:37","modified_gmt":"2026-05-16T11:36:37","slug":"cobaic1-50103605315","status":"publish","type":"product","link":"https:\/\/ceoparts.com\/tr\/urun\/cobaic1-50103605315\/","title":{"rendered":"COMBIAC1 2.El &#8211; 50103605315"},"content":{"rendered":"<p>COMBIAC1 2.El &#8211; 50103605315<\/p>","protected":false},"excerpt":{"rendered":"<p data-start=\"0\" data-end=\"242\"><br data-start=\"5\" data-end=\"8\" \/>COMBIAC1 2.El, forklift ve i\u015f makinelerinde kullan\u0131lan dayan\u0131kl\u0131 ve orijinal ikinci el kombine kontrol kart\u0131d\u0131r. Elektrik sinyallerinin iletimini sa\u011flar ve ekipman\u0131n kontrol performans\u0131n\u0131 destekler. Test edilmi\u015f ve \u00e7al\u0131\u015f\u0131r durumdad\u0131r.<\/p>\n<p data-start=\"244\" data-end=\"485\"><strong data-start=\"244\" data-end=\"259\">\u00d6zellikler:<\/strong><br data-start=\"259\" data-end=\"262\" \/><strong data-start=\"262\" data-end=\"275\">\u00dcr\u00fcn Ad\u0131:<\/strong> COMBIAC1 2.El<br data-start=\"289\" data-end=\"292\" \/><strong data-start=\"292\" data-end=\"307\">Par\u00e7a Kodu:<\/strong> 50103605315<br data-start=\"319\" data-end=\"322\" \/><strong data-start=\"322\" data-end=\"334\">Malzeme:<\/strong> Elektronik bile\u015fenler<br data-start=\"356\" data-end=\"359\" \/><strong data-start=\"359\" data-end=\"378\">Kullan\u0131m Alan\u0131:<\/strong> Forklift ve i\u015f makineleri kontrol kart\u0131<br data-start=\"418\" data-end=\"421\" \/><strong data-start=\"421\" data-end=\"433\">Avantaj:<\/strong> Dayan\u0131kl\u0131, g\u00fcvenilir, test edilmi\u015f ikinci el \u00fcr\u00fcn<\/p>\n<p data-start=\"487\" data-end=\"725\">\n","protected":false},"featured_media":17460,"template":"","meta":[],"product_brand":[],"product_cat":[433],"product_tag":[],"class_list":{"0":"post-11852","1":"product","2":"type-product","3":"status-publish","4":"has-post-thumbnail","6":"product_cat-ikinci-el-urunler","8":"first","9":"instock","10":"taxable","11":"shipping-taxable","12":"purchasable","13":"product-type-simple"},"_links":{"self":[{"href":"https:\/\/ceoparts.com\/tr\/wp-json\/wp\/v2\/product\/11852","targetHints":{"allow":["GET"]}}],"collection":[{"href":"https:\/\/ceoparts.com\/tr\/wp-json\/wp\/v2\/product"}],"about":[{"href":"https:\/\/ceoparts.com\/tr\/wp-json\/wp\/v2\/types\/product"}],"wp:featuredmedia":[{"embeddable":true,"href":"https:\/\/ceoparts.com\/tr\/wp-json\/wp\/v2\/media\/17460"}],"wp:attachment":[{"href":"https:\/\/ceoparts.com\/tr\/wp-json\/wp\/v2\/media?parent=11852"}],"wp:term":[{"taxonomy":"product_brand","embeddable":true,"href":"https:\/\/ceoparts.com\/tr\/wp-json\/wp\/v2\/product_brand?post=11852"},{"taxonomy":"product_cat","embeddable":true,"href":"https:\/\/ceoparts.com\/tr\/wp-json\/wp\/v2\/product_cat?post=11852"},{"taxonomy":"product_tag","embeddable":true,"href":"https:\/\/ceoparts.com\/tr\/wp-json\/wp\/v2\/product_tag?post=11852"}],"curies":[{"name":"wp","href":"https:\/\/api.w.org\/{rel}","templated":true}]}}