{"id":11858,"date":"2024-11-06T15:14:48","date_gmt":"2024-11-06T12:14:48","guid":{"rendered":"https:\/\/ceoparts.com\/?post_type=product&#038;p=11858"},"modified":"2026-05-16T15:17:51","modified_gmt":"2026-05-16T12:17:51","slug":"exu-grup-kart-24v-2-el-3903702068","status":"publish","type":"product","link":"https:\/\/ceoparts.com\/tr\/urun\/exu-grup-kart-24v-2-el-3903702068\/","title":{"rendered":"EXU Grup Kart 24V 2.El &#8211; 3903702068"},"content":{"rendered":"<p>EXU Grup Kart 24V 2.El &#8211; 3903702068<\/p>","protected":false},"excerpt":{"rendered":"<p data-start=\"0\" data-end=\"279\"><br data-start=\"5\" data-end=\"8\" \/>EXU Grup Kart 24V 2.El, forklift ve i\u015f makinelerinde kullan\u0131lan dayan\u0131kl\u0131 ve orijinal ikinci el grup kart\u0131d\u0131r. 24V \u00e7al\u0131\u015fma voltaj\u0131na sahiptir ve elektrik devresini kontrol ederek ekipman\u0131n g\u00fcvenli ve verimli \u00e7al\u0131\u015fmas\u0131n\u0131 sa\u011flar. Test edilmi\u015f ve g\u00fcvenilir performans sunar.<\/p>\n<p data-start=\"281\" data-end=\"536\"><strong data-start=\"281\" data-end=\"296\">\u00d6zellikler:<\/strong><br data-start=\"296\" data-end=\"299\" \/><strong data-start=\"299\" data-end=\"312\">\u00dcr\u00fcn Ad\u0131:<\/strong> EXU Grup Kart 24V 2.El<br data-start=\"335\" data-end=\"338\" \/><strong data-start=\"338\" data-end=\"353\">Par\u00e7a Kodu:<\/strong> 3903702068<br data-start=\"364\" data-end=\"367\" \/><strong data-start=\"367\" data-end=\"379\">Malzeme:<\/strong> Elektronik bile\u015fenler<br data-start=\"401\" data-end=\"404\" \/><strong data-start=\"404\" data-end=\"423\">Kullan\u0131m Alan\u0131:<\/strong> Forklift ve i\u015f makineleri elektrik grup kart\u0131<br data-start=\"469\" data-end=\"472\" \/><strong data-start=\"472\" data-end=\"484\">Avantaj:<\/strong> Dayan\u0131kl\u0131, g\u00fcvenilir, test edilmi\u015f ikinci el \u00fcr\u00fcn<\/p>\n<p data-start=\"538\" data-end=\"798\">\n","protected":false},"featured_media":11859,"template":"","meta":[],"product_brand":[],"product_cat":[433],"product_tag":[],"class_list":{"0":"post-11858","1":"product","2":"type-product","3":"status-publish","4":"has-post-thumbnail","6":"product_cat-ikinci-el-urunler","8":"first","9":"instock","10":"taxable","11":"shipping-taxable","12":"purchasable","13":"product-type-simple"},"_links":{"self":[{"href":"https:\/\/ceoparts.com\/tr\/wp-json\/wp\/v2\/product\/11858","targetHints":{"allow":["GET"]}}],"collection":[{"href":"https:\/\/ceoparts.com\/tr\/wp-json\/wp\/v2\/product"}],"about":[{"href":"https:\/\/ceoparts.com\/tr\/wp-json\/wp\/v2\/types\/product"}],"wp:featuredmedia":[{"embeddable":true,"href":"https:\/\/ceoparts.com\/tr\/wp-json\/wp\/v2\/media\/11859"}],"wp:attachment":[{"href":"https:\/\/ceoparts.com\/tr\/wp-json\/wp\/v2\/media?parent=11858"}],"wp:term":[{"taxonomy":"product_brand","embeddable":true,"href":"https:\/\/ceoparts.com\/tr\/wp-json\/wp\/v2\/product_brand?post=11858"},{"taxonomy":"product_cat","embeddable":true,"href":"https:\/\/ceoparts.com\/tr\/wp-json\/wp\/v2\/product_cat?post=11858"},{"taxonomy":"product_tag","embeddable":true,"href":"https:\/\/ceoparts.com\/tr\/wp-json\/wp\/v2\/product_tag?post=11858"}],"curies":[{"name":"wp","href":"https:\/\/api.w.org\/{rel}","templated":true}]}}