{"id":11897,"date":"2024-11-06T17:17:28","date_gmt":"2024-11-06T14:17:28","guid":{"rendered":"https:\/\/ceoparts.com\/?post_type=product&#038;p=11897"},"modified":"2026-05-16T19:51:24","modified_gmt":"2026-05-16T16:51:24","slug":"linde-elektronik-kontrol-unitesi-ek10-abu-2-el-52103601301","status":"publish","type":"product","link":"https:\/\/ceoparts.com\/tr\/urun\/linde-elektronik-kontrol-unitesi-ek10-abu-2-el-52103601301\/","title":{"rendered":"LINDE Elektronik Kontrol \u00dcnitesi EK10 ABU 2.el  &#8211; 52103601301"},"content":{"rendered":"<p>LINDE Elektronik Kontrol \u00dcnitesi EK10 ABU 2.el  &#8211; 52103601301<\/p>\n<p>LINDE Elektronik Kontrol \u00dcnitesi EK10 AB\u00dc 2.el &#8211; 52103601301<\/p>","protected":false},"excerpt":{"rendered":"<p data-start=\"0\" data-end=\"261\"><br data-start=\"5\" data-end=\"8\" \/>Linde Elektronik Kontrol \u00dcnitesi EK10 ABU 2.El, forklift ve i\u015f makinelerinde kullan\u0131lan dayan\u0131kl\u0131 ve orijinal ikinci el elektronik kontrol \u00fcnitesidir. Forklift performans\u0131n\u0131 optimize etmek i\u00e7in tasarlanm\u0131\u015ft\u0131r. Test edilmi\u015f ve g\u00fcvenilir performans sunar.<\/p>\n<p data-start=\"263\" data-end=\"533\"><strong data-start=\"263\" data-end=\"278\">\u00d6zellikler:<\/strong><br data-start=\"278\" data-end=\"281\" \/><strong data-start=\"281\" data-end=\"294\">\u00dcr\u00fcn Ad\u0131:<\/strong> Linde Elektronik Kontrol \u00dcnitesi EK10 ABU 2.El<br data-start=\"341\" data-end=\"344\" \/><strong data-start=\"344\" data-end=\"359\">Par\u00e7a Kodu:<\/strong> 52103601301<br data-start=\"371\" data-end=\"374\" \/><strong data-start=\"374\" data-end=\"386\">Malzeme:<\/strong> Elektronik bile\u015fenler<br data-start=\"408\" data-end=\"411\" \/><strong data-start=\"411\" data-end=\"430\">Kullan\u0131m Alan\u0131:<\/strong> Forklift elektronik kontrol \u00fcnitesi<br data-start=\"466\" data-end=\"469\" \/><strong data-start=\"469\" data-end=\"481\">Avantaj:<\/strong> Dayan\u0131kl\u0131, g\u00fcvenilir, test edilmi\u015f ikinci el \u00fcr\u00fcn<\/p>\n<p data-start=\"535\" data-end=\"778\">\n","protected":false},"featured_media":11898,"template":"","meta":[],"product_brand":[],"product_cat":[246,433,523],"product_tag":[],"class_list":{"0":"post-11897","1":"product","2":"type-product","3":"status-publish","4":"has-post-thumbnail","6":"product_cat-linde","7":"product_cat-ikinci-el-urunler","8":"product_cat-yedek-parca-linde","10":"first","11":"instock","12":"taxable","13":"shipping-taxable","14":"purchasable","15":"product-type-simple"},"_links":{"self":[{"href":"https:\/\/ceoparts.com\/tr\/wp-json\/wp\/v2\/product\/11897","targetHints":{"allow":["GET"]}}],"collection":[{"href":"https:\/\/ceoparts.com\/tr\/wp-json\/wp\/v2\/product"}],"about":[{"href":"https:\/\/ceoparts.com\/tr\/wp-json\/wp\/v2\/types\/product"}],"wp:featuredmedia":[{"embeddable":true,"href":"https:\/\/ceoparts.com\/tr\/wp-json\/wp\/v2\/media\/11898"}],"wp:attachment":[{"href":"https:\/\/ceoparts.com\/tr\/wp-json\/wp\/v2\/media?parent=11897"}],"wp:term":[{"taxonomy":"product_brand","embeddable":true,"href":"https:\/\/ceoparts.com\/tr\/wp-json\/wp\/v2\/product_brand?post=11897"},{"taxonomy":"product_cat","embeddable":true,"href":"https:\/\/ceoparts.com\/tr\/wp-json\/wp\/v2\/product_cat?post=11897"},{"taxonomy":"product_tag","embeddable":true,"href":"https:\/\/ceoparts.com\/tr\/wp-json\/wp\/v2\/product_tag?post=11897"}],"curies":[{"name":"wp","href":"https:\/\/api.w.org\/{rel}","templated":true}]}}