{"id":11901,"date":"2024-11-06T17:45:25","date_gmt":"2024-11-06T14:45:25","guid":{"rendered":"https:\/\/ceoparts.com\/?post_type=product&#038;p=11901"},"modified":"2026-05-16T22:10:57","modified_gmt":"2026-05-16T19:10:57","slug":"still-dizel-elektronik-anakart-2-el-5212205","status":"publish","type":"product","link":"https:\/\/ceoparts.com\/tr\/urun\/still-dizel-elektronik-anakart-2-el-5212205\/","title":{"rendered":"Still Dizel Elektronik Anakart 2.El &#8211; 5212205"},"content":{"rendered":"<p>Still Dizel Elektronik Anakart 2.El &#8211; 5212205<\/p>","protected":false},"excerpt":{"rendered":"<p data-start=\"0\" data-end=\"217\"><br data-start=\"5\" data-end=\"8\" \/>Still Dizel Elektronik Anakart 2.El, forklift ve i\u015f makinelerinde kullan\u0131lan dayan\u0131kl\u0131 ve orijinal ikinci el elektronik anakartt\u0131r. Dizel motor kontrol\u00fc i\u00e7in tasarlanm\u0131\u015ft\u0131r. Test edilmi\u015f ve \u00e7al\u0131\u015f\u0131r durumdad\u0131r.<\/p>\n<p data-start=\"219\" data-end=\"486\"><strong data-start=\"219\" data-end=\"234\">\u00d6zellikler:<\/strong><br data-start=\"234\" data-end=\"237\" \/><strong data-start=\"237\" data-end=\"250\">\u00dcr\u00fcn Ad\u0131:<\/strong> Still Dizel Elektronik Anakart 2.El<br data-start=\"286\" data-end=\"289\" \/><strong data-start=\"289\" data-end=\"304\">Par\u00e7a Kodu:<\/strong> 5212205<br data-start=\"312\" data-end=\"315\" \/><strong data-start=\"315\" data-end=\"327\">Malzeme:<\/strong> Elektronik bile\u015fenler<br data-start=\"349\" data-end=\"352\" \/><strong data-start=\"352\" data-end=\"371\">Kullan\u0131m Alan\u0131:<\/strong> Dizel motor kontrol\u00fc, forklift ve i\u015f makineleri<br data-start=\"419\" data-end=\"422\" \/><strong data-start=\"422\" data-end=\"434\">Avantaj:<\/strong> Dayan\u0131kl\u0131, g\u00fcvenilir, test edilmi\u015f ikinci el \u00fcr\u00fcn<\/p>\n<p data-start=\"488\" data-end=\"691\">\n","protected":false},"featured_media":11903,"template":"","meta":[],"product_brand":[],"product_cat":[524,241,433],"product_tag":[],"class_list":{"0":"post-11901","1":"product","2":"type-product","3":"status-publish","4":"has-post-thumbnail","6":"product_cat-yedek-parca-still","7":"product_cat-still","8":"product_cat-ikinci-el-urunler","10":"first","11":"instock","12":"taxable","13":"shipping-taxable","14":"purchasable","15":"product-type-simple"},"_links":{"self":[{"href":"https:\/\/ceoparts.com\/tr\/wp-json\/wp\/v2\/product\/11901","targetHints":{"allow":["GET"]}}],"collection":[{"href":"https:\/\/ceoparts.com\/tr\/wp-json\/wp\/v2\/product"}],"about":[{"href":"https:\/\/ceoparts.com\/tr\/wp-json\/wp\/v2\/types\/product"}],"wp:featuredmedia":[{"embeddable":true,"href":"https:\/\/ceoparts.com\/tr\/wp-json\/wp\/v2\/media\/11903"}],"wp:attachment":[{"href":"https:\/\/ceoparts.com\/tr\/wp-json\/wp\/v2\/media?parent=11901"}],"wp:term":[{"taxonomy":"product_brand","embeddable":true,"href":"https:\/\/ceoparts.com\/tr\/wp-json\/wp\/v2\/product_brand?post=11901"},{"taxonomy":"product_cat","embeddable":true,"href":"https:\/\/ceoparts.com\/tr\/wp-json\/wp\/v2\/product_cat?post=11901"},{"taxonomy":"product_tag","embeddable":true,"href":"https:\/\/ceoparts.com\/tr\/wp-json\/wp\/v2\/product_tag?post=11901"}],"curies":[{"name":"wp","href":"https:\/\/api.w.org\/{rel}","templated":true}]}}