{"id":11910,"date":"2024-11-08T09:29:04","date_gmt":"2024-11-08T06:29:04","guid":{"rendered":"https:\/\/ceoparts.com\/?post_type=product&#038;p=11910"},"modified":"2026-05-16T21:10:23","modified_gmt":"2026-05-16T18:10:23","slug":"egv-s-kontoller-2-el-45353605001","status":"publish","type":"product","link":"https:\/\/ceoparts.com\/tr\/urun\/egv-s-kontoller-2-el-45353605001\/","title":{"rendered":"EGV-S Kontoller 2. El &#8211; 45353605001"},"content":{"rendered":"<p>EGV-S Kontoller 2. El &#8211; 45353605001<\/p>","protected":false},"excerpt":{"rendered":"<p data-start=\"0\" data-end=\"191\"><br data-start=\"5\" data-end=\"8\" \/>EGV-S Kontrol\u00f6r 2. El, forklift ve i\u015f makinelerinde kullan\u0131lan dayan\u0131kl\u0131 ve orijinal ikinci el kontrol cihaz\u0131d\u0131r. Operasyon ve performans a\u00e7\u0131s\u0131ndan test edilmi\u015ftir, g\u00fcvenilir \u00e7al\u0131\u015f\u0131r.<\/p>\n<p data-start=\"193\" data-end=\"444\"><strong data-start=\"193\" data-end=\"208\">\u00d6zellikler:<\/strong><br data-start=\"208\" data-end=\"211\" \/><strong data-start=\"211\" data-end=\"224\">\u00dcr\u00fcn Ad\u0131:<\/strong> EGV-S Kontrol\u00f6r 2. El<br data-start=\"246\" data-end=\"249\" \/><strong data-start=\"249\" data-end=\"264\">Par\u00e7a Kodu:<\/strong> 45353605001<br data-start=\"276\" data-end=\"279\" \/><strong data-start=\"279\" data-end=\"291\">Malzeme:<\/strong> Elektronik bile\u015fenler<br data-start=\"313\" data-end=\"316\" \/><strong data-start=\"316\" data-end=\"335\">Kullan\u0131m Alan\u0131:<\/strong> Forklift ve i\u015f makineleri kontrol \u00fcnitesi<br data-start=\"377\" data-end=\"380\" \/><strong data-start=\"380\" data-end=\"392\">Avantaj:<\/strong> Dayan\u0131kl\u0131, g\u00fcvenilir, test edilmi\u015f ikinci el \u00fcr\u00fcn<\/p>\n<p data-start=\"446\" data-end=\"646\">\n","protected":false},"featured_media":11911,"template":"","meta":[],"product_brand":[],"product_cat":[433],"product_tag":[],"class_list":{"0":"post-11910","1":"product","2":"type-product","3":"status-publish","4":"has-post-thumbnail","6":"product_cat-ikinci-el-urunler","8":"first","9":"instock","10":"taxable","11":"shipping-taxable","12":"purchasable","13":"product-type-simple"},"_links":{"self":[{"href":"https:\/\/ceoparts.com\/tr\/wp-json\/wp\/v2\/product\/11910","targetHints":{"allow":["GET"]}}],"collection":[{"href":"https:\/\/ceoparts.com\/tr\/wp-json\/wp\/v2\/product"}],"about":[{"href":"https:\/\/ceoparts.com\/tr\/wp-json\/wp\/v2\/types\/product"}],"wp:featuredmedia":[{"embeddable":true,"href":"https:\/\/ceoparts.com\/tr\/wp-json\/wp\/v2\/media\/11911"}],"wp:attachment":[{"href":"https:\/\/ceoparts.com\/tr\/wp-json\/wp\/v2\/media?parent=11910"}],"wp:term":[{"taxonomy":"product_brand","embeddable":true,"href":"https:\/\/ceoparts.com\/tr\/wp-json\/wp\/v2\/product_brand?post=11910"},{"taxonomy":"product_cat","embeddable":true,"href":"https:\/\/ceoparts.com\/tr\/wp-json\/wp\/v2\/product_cat?post=11910"},{"taxonomy":"product_tag","embeddable":true,"href":"https:\/\/ceoparts.com\/tr\/wp-json\/wp\/v2\/product_tag?post=11910"}],"curies":[{"name":"wp","href":"https:\/\/api.w.org\/{rel}","templated":true}]}}