{"id":11916,"date":"2024-11-08T09:51:35","date_gmt":"2024-11-08T06:51:35","guid":{"rendered":"https:\/\/ceoparts.com\/?post_type=product&#038;p=11916"},"modified":"2026-05-16T19:46:48","modified_gmt":"2026-05-16T16:46:48","slug":"r06-zapi-linde-ompimespo-48v-cekici-1227101050","status":"publish","type":"product","link":"https:\/\/ceoparts.com\/tr\/urun\/r06-zapi-linde-ompimespo-48v-cekici-1227101050\/","title":{"rendered":"R06 Zapi &#8211; L\u0130NDE OMPIMESPO 48V \u00c7ekici 2.El &#8211; 1227101050"},"content":{"rendered":"<p>R06 Zapi &#8211; L\u0130NDE OMPIMESPO 48V \u00c7ekici 2.El &#8211; 1227101050<\/p>","protected":false},"excerpt":{"rendered":"<p data-start=\"0\" data-end=\"265\"><br data-start=\"5\" data-end=\"8\" \/>R06 Zapi \u2013 L\u0130NDE OMPIMESPO 48V \u00c7ekici 2.El, forklift ve \u00e7ekici ara\u00e7larda kullan\u0131lan dayan\u0131kl\u0131 ve orijinal ikinci el kontrol kart\u0131d\u0131r. 48 Volt gerilim ile \u00e7al\u0131\u015fan bu kart, L\u0130NDE OMPIMESPO model \u00e7ekicilere uygundur. Test edilmi\u015f ve g\u00fcvenilir performans sunar.<\/p>\n<p data-start=\"267\" data-end=\"543\"><strong data-start=\"267\" data-end=\"282\">\u00d6zellikler:<\/strong><br data-start=\"282\" data-end=\"285\" \/><strong data-start=\"285\" data-end=\"298\">\u00dcr\u00fcn Ad\u0131:<\/strong> R06 Zapi \u2013 L\u0130NDE OMPIMESPO 48V \u00c7ekici 2.El<br data-start=\"341\" data-end=\"344\" \/><strong data-start=\"344\" data-end=\"359\">Par\u00e7a Kodu:<\/strong> 1227101050<br data-start=\"370\" data-end=\"373\" \/><strong data-start=\"373\" data-end=\"385\">Malzeme:<\/strong> Elektronik kart bile\u015fenleri<br data-start=\"413\" data-end=\"416\" \/><strong data-start=\"416\" data-end=\"435\">Kullan\u0131m Alan\u0131:<\/strong> L\u0130NDE OMPIMESPO 48V \u00e7ekici kontrol kart\u0131<br data-start=\"476\" data-end=\"479\" \/><strong data-start=\"479\" data-end=\"491\">Avantaj:<\/strong> Dayan\u0131kl\u0131, g\u00fcvenilir, test edilmi\u015f ikinci el \u00fcr\u00fcn<\/p>\n<p data-start=\"545\" data-end=\"818\">\n","protected":false},"featured_media":11917,"template":"","meta":[],"product_brand":[],"product_cat":[246,433,523],"product_tag":[],"class_list":{"0":"post-11916","1":"product","2":"type-product","3":"status-publish","4":"has-post-thumbnail","6":"product_cat-linde","7":"product_cat-ikinci-el-urunler","8":"product_cat-yedek-parca-linde","10":"first","11":"instock","12":"taxable","13":"shipping-taxable","14":"purchasable","15":"product-type-simple"},"_links":{"self":[{"href":"https:\/\/ceoparts.com\/tr\/wp-json\/wp\/v2\/product\/11916","targetHints":{"allow":["GET"]}}],"collection":[{"href":"https:\/\/ceoparts.com\/tr\/wp-json\/wp\/v2\/product"}],"about":[{"href":"https:\/\/ceoparts.com\/tr\/wp-json\/wp\/v2\/types\/product"}],"wp:featuredmedia":[{"embeddable":true,"href":"https:\/\/ceoparts.com\/tr\/wp-json\/wp\/v2\/media\/11917"}],"wp:attachment":[{"href":"https:\/\/ceoparts.com\/tr\/wp-json\/wp\/v2\/media?parent=11916"}],"wp:term":[{"taxonomy":"product_brand","embeddable":true,"href":"https:\/\/ceoparts.com\/tr\/wp-json\/wp\/v2\/product_brand?post=11916"},{"taxonomy":"product_cat","embeddable":true,"href":"https:\/\/ceoparts.com\/tr\/wp-json\/wp\/v2\/product_cat?post=11916"},{"taxonomy":"product_tag","embeddable":true,"href":"https:\/\/ceoparts.com\/tr\/wp-json\/wp\/v2\/product_tag?post=11916"}],"curies":[{"name":"wp","href":"https:\/\/api.w.org\/{rel}","templated":true}]}}