{"id":11921,"date":"2024-11-08T10:07:05","date_gmt":"2024-11-08T07:07:05","guid":{"rendered":"https:\/\/ceoparts.com\/?post_type=product&#038;p=11921"},"modified":"2026-05-16T15:27:59","modified_gmt":"2026-05-16T12:27:59","slug":"fm-joystick-2-el-8430903-jc6000133","status":"publish","type":"product","link":"https:\/\/ceoparts.com\/tr\/urun\/fm-joystick-2-el-8430903-jc6000133\/","title":{"rendered":"FM Joystick 2.El &#8211; 8430903 \/ JC6000133"},"content":{"rendered":"<p>FM Joystick 2.El &#8211; 8430903 \/ JC6000133<\/p>","protected":false},"excerpt":{"rendered":"<p data-start=\"0\" data-end=\"220\"><br data-start=\"5\" data-end=\"8\" \/>FM Joystick 2.El, forklift ve istif makinelerinde kullan\u0131lan dayan\u0131kl\u0131 ve ikinci el joystick kontrol cihaz\u0131d\u0131r. Operasyon s\u0131ras\u0131nda hassas y\u00f6nlendirme ve kontrol imkan\u0131 sa\u011flar. Test edilmi\u015f ve \u00e7al\u0131\u015f\u0131r durumdad\u0131r.<\/p>\n<p data-start=\"222\" data-end=\"497\"><strong data-start=\"222\" data-end=\"237\">\u00d6zellikler:<\/strong><br data-start=\"237\" data-end=\"240\" \/><strong data-start=\"240\" data-end=\"253\">\u00dcr\u00fcn Ad\u0131:<\/strong> FM Joystick 2.El<br data-start=\"270\" data-end=\"273\" \/><strong data-start=\"273\" data-end=\"288\">Par\u00e7a Kodu:<\/strong> 8430903 \/ JC6000133<br data-start=\"308\" data-end=\"311\" \/><strong data-start=\"311\" data-end=\"323\">Malzeme:<\/strong> Elektronik ve plastik malzemeler<br data-start=\"356\" data-end=\"359\" \/><strong data-start=\"359\" data-end=\"378\">Kullan\u0131m Alan\u0131:<\/strong> Forklift ve istif makineleri joystick kontrol\u00fc<br data-start=\"425\" data-end=\"428\" \/><strong data-start=\"428\" data-end=\"440\">Avantaj:<\/strong> Dayan\u0131kl\u0131, hassas kontrol, test edilmi\u015f ikinci el \u00fcr\u00fcn<\/p>\n<p data-start=\"499\" data-end=\"688\">\n","protected":false},"featured_media":11924,"template":"","meta":[],"product_brand":[],"product_cat":[433,471],"product_tag":[],"class_list":{"0":"post-11921","1":"product","2":"type-product","3":"status-publish","4":"has-post-thumbnail","6":"product_cat-ikinci-el-urunler","7":"product_cat-joystick-pedal-yedek-parca","9":"first","10":"instock","11":"taxable","12":"shipping-taxable","13":"purchasable","14":"product-type-simple"},"_links":{"self":[{"href":"https:\/\/ceoparts.com\/tr\/wp-json\/wp\/v2\/product\/11921","targetHints":{"allow":["GET"]}}],"collection":[{"href":"https:\/\/ceoparts.com\/tr\/wp-json\/wp\/v2\/product"}],"about":[{"href":"https:\/\/ceoparts.com\/tr\/wp-json\/wp\/v2\/types\/product"}],"wp:featuredmedia":[{"embeddable":true,"href":"https:\/\/ceoparts.com\/tr\/wp-json\/wp\/v2\/media\/11924"}],"wp:attachment":[{"href":"https:\/\/ceoparts.com\/tr\/wp-json\/wp\/v2\/media?parent=11921"}],"wp:term":[{"taxonomy":"product_brand","embeddable":true,"href":"https:\/\/ceoparts.com\/tr\/wp-json\/wp\/v2\/product_brand?post=11921"},{"taxonomy":"product_cat","embeddable":true,"href":"https:\/\/ceoparts.com\/tr\/wp-json\/wp\/v2\/product_cat?post=11921"},{"taxonomy":"product_tag","embeddable":true,"href":"https:\/\/ceoparts.com\/tr\/wp-json\/wp\/v2\/product_tag?post=11921"}],"curies":[{"name":"wp","href":"https:\/\/api.w.org\/{rel}","templated":true}]}}