{"id":11936,"date":"2024-11-08T11:24:45","date_gmt":"2024-11-08T08:24:45","guid":{"rendered":"https:\/\/ceoparts.com\/?post_type=product&#038;p=11936"},"modified":"2026-05-16T16:18:33","modified_gmt":"2026-05-16T13:18:33","slug":"exu-grup-kart-2-el-24v-150a-150a-3903502119-3903608571","status":"publish","type":"product","link":"https:\/\/ceoparts.com\/tr\/urun\/exu-grup-kart-2-el-24v-150a-150a-3903502119-3903608571\/","title":{"rendered":"EXU Grup Kart 2. El 24V &#8211; 150A -150A &#8211; 3903502119 \/ 3903608571"},"content":{"rendered":"<p>EXU Grup Kart 2. El 24V &#8211; 150A -150A &#8211; 3903502119 \/ 3903608571<\/p>","protected":false},"excerpt":{"rendered":"<p data-start=\"0\" data-end=\"260\"><br data-start=\"5\" data-end=\"8\" \/>EXU Grup Kart 2. El 24V \u2013 150A, forklift ve i\u015f makinelerinde kullan\u0131lan dayan\u0131kl\u0131 ve orijinal yedek kartt\u0131r. 24 Volt gerilim ve 150 Amper ak\u0131m kapasitesine sahiptir. \u0130kinci el olmas\u0131na ra\u011fmen fonksiyonel ve test edilmi\u015ftir, g\u00fcvenilir performans sa\u011flar.<\/p>\n<p data-start=\"262\" data-end=\"540\"><strong data-start=\"262\" data-end=\"277\">\u00d6zellikler:<\/strong><br data-start=\"277\" data-end=\"280\" \/><strong data-start=\"280\" data-end=\"293\">\u00dcr\u00fcn Ad\u0131:<\/strong> EXU Grup Kart 2. El 24V \u2013 150A<br data-start=\"324\" data-end=\"327\" \/><strong data-start=\"327\" data-end=\"342\">Par\u00e7a Kodu:<\/strong> 3903502119 \/ 3903608571<br data-start=\"366\" data-end=\"369\" \/><strong data-start=\"369\" data-end=\"381\">Malzeme:<\/strong> Elektronik kart bile\u015fenleri<br data-start=\"409\" data-end=\"412\" \/><strong data-start=\"412\" data-end=\"431\">Kullan\u0131m Alan\u0131:<\/strong> Forklift ve i\u015f makineleri kontrol kart\u0131<br data-start=\"471\" data-end=\"474\" \/><strong data-start=\"474\" data-end=\"486\">Avantaj:<\/strong> Uzun \u00f6m\u00fcrl\u00fc, g\u00fcvenilir, test edilmi\u015f ikinci el \u00fcr\u00fcn<\/p>\n<p data-start=\"542\" data-end=\"794\">\n","protected":false},"featured_media":11937,"template":"","meta":[],"product_brand":[],"product_cat":[433],"product_tag":[],"class_list":{"0":"post-11936","1":"product","2":"type-product","3":"status-publish","4":"has-post-thumbnail","6":"product_cat-ikinci-el-urunler","8":"first","9":"instock","10":"taxable","11":"shipping-taxable","12":"purchasable","13":"product-type-simple"},"_links":{"self":[{"href":"https:\/\/ceoparts.com\/tr\/wp-json\/wp\/v2\/product\/11936","targetHints":{"allow":["GET"]}}],"collection":[{"href":"https:\/\/ceoparts.com\/tr\/wp-json\/wp\/v2\/product"}],"about":[{"href":"https:\/\/ceoparts.com\/tr\/wp-json\/wp\/v2\/types\/product"}],"wp:featuredmedia":[{"embeddable":true,"href":"https:\/\/ceoparts.com\/tr\/wp-json\/wp\/v2\/media\/11937"}],"wp:attachment":[{"href":"https:\/\/ceoparts.com\/tr\/wp-json\/wp\/v2\/media?parent=11936"}],"wp:term":[{"taxonomy":"product_brand","embeddable":true,"href":"https:\/\/ceoparts.com\/tr\/wp-json\/wp\/v2\/product_brand?post=11936"},{"taxonomy":"product_cat","embeddable":true,"href":"https:\/\/ceoparts.com\/tr\/wp-json\/wp\/v2\/product_cat?post=11936"},{"taxonomy":"product_tag","embeddable":true,"href":"https:\/\/ceoparts.com\/tr\/wp-json\/wp\/v2\/product_tag?post=11936"}],"curies":[{"name":"wp","href":"https:\/\/api.w.org\/{rel}","templated":true}]}}