{"id":11951,"date":"2024-11-11T14:12:43","date_gmt":"2024-11-11T11:12:43","guid":{"rendered":"https:\/\/ceoparts.com\/?post_type=product&#038;p=11951"},"modified":"2026-05-16T18:16:04","modified_gmt":"2026-05-16T15:16:04","slug":"125x50-50-25-ceoparts-denge-tekeri-msl-1599507","status":"publish","type":"product","link":"https:\/\/ceoparts.com\/tr\/urun\/125x50-50-25-ceoparts-denge-tekeri-msl-1599507\/","title":{"rendered":"125&#215;50\/50-25 Ceoparts Denge Tekeri &#8211; 1599507"},"content":{"rendered":"<p>125&#215;50\/50-25 Ceoparts Denge Tekeri &#8211; 1599507<\/p>\n<p><\/p>\n<p>Hyster S1.5S seria C442<\/p>","protected":false},"excerpt":{"rendered":"<p data-start=\"0\" data-end=\"348\"><br data-start=\"5\" data-end=\"8\" \/>125\u00d750\/50-25 Ceoparts Denge Tekeri, forklift ve istif makinelerinde denge ve stabilite sa\u011flamak amac\u0131yla kullan\u0131lan dayan\u0131kl\u0131 bir tekerlektir. Y\u00fcksek kaliteli kau\u00e7uk ve metal ala\u015f\u0131mdan \u00fcretilmi\u015f olup, a\u011f\u0131r i\u015f y\u00fcklerinde bile uzun \u00f6m\u00fcr ve y\u00fcksek a\u015f\u0131nma direnci sunar. Operasyon s\u0131ras\u0131nda makinenin dengeli ve g\u00fcvenli hareket etmesini sa\u011flar.<\/p>\n<p data-start=\"350\" data-end=\"646\"><strong data-start=\"350\" data-end=\"365\">\u00d6zellikler:<\/strong><br data-start=\"365\" data-end=\"368\" \/><strong data-start=\"368\" data-end=\"381\">\u00dcr\u00fcn Ad\u0131:<\/strong> 125\u00d750\/50-25 Ceoparts Denge Tekeri<br data-start=\"416\" data-end=\"419\" \/><strong data-start=\"419\" data-end=\"434\">Par\u00e7a Kodu:<\/strong> 1599507<br data-start=\"442\" data-end=\"445\" \/><strong data-start=\"445\" data-end=\"457\">Malzeme:<\/strong> Y\u00fcksek dayan\u0131ml\u0131 kau\u00e7uk ve metal ala\u015f\u0131m<br data-start=\"497\" data-end=\"500\" \/><strong data-start=\"500\" data-end=\"519\">Kullan\u0131m Alan\u0131:<\/strong> Forklift ve istif makineleri denge tekeri<br data-start=\"561\" data-end=\"564\" \/><strong data-start=\"564\" data-end=\"576\">Avantaj:<\/strong> Y\u00fcksek dayan\u0131kl\u0131l\u0131k, uzun \u00f6m\u00fcr, a\u011f\u0131r y\u00fcke dayan\u0131kl\u0131, stabil hareket<\/p>\n<p data-start=\"648\" data-end=\"966\">\n","protected":false},"featured_media":11955,"template":"","meta":[],"product_brand":[],"product_cat":[256,258,395,396,185],"product_tag":[],"class_list":{"0":"post-11951","1":"product","2":"type-product","3":"status-publish","4":"has-post-thumbnail","6":"product_cat-hyster","7":"product_cat-denge-tekeri-hyster","8":"product_cat-ceoparts","9":"product_cat-denge-tekeri-ceo","10":"product_cat-denge-tekeri","12":"first","13":"instock","14":"taxable","15":"shipping-taxable","16":"purchasable","17":"product-type-simple"},"_links":{"self":[{"href":"https:\/\/ceoparts.com\/tr\/wp-json\/wp\/v2\/product\/11951","targetHints":{"allow":["GET"]}}],"collection":[{"href":"https:\/\/ceoparts.com\/tr\/wp-json\/wp\/v2\/product"}],"about":[{"href":"https:\/\/ceoparts.com\/tr\/wp-json\/wp\/v2\/types\/product"}],"wp:featuredmedia":[{"embeddable":true,"href":"https:\/\/ceoparts.com\/tr\/wp-json\/wp\/v2\/media\/11955"}],"wp:attachment":[{"href":"https:\/\/ceoparts.com\/tr\/wp-json\/wp\/v2\/media?parent=11951"}],"wp:term":[{"taxonomy":"product_brand","embeddable":true,"href":"https:\/\/ceoparts.com\/tr\/wp-json\/wp\/v2\/product_brand?post=11951"},{"taxonomy":"product_cat","embeddable":true,"href":"https:\/\/ceoparts.com\/tr\/wp-json\/wp\/v2\/product_cat?post=11951"},{"taxonomy":"product_tag","embeddable":true,"href":"https:\/\/ceoparts.com\/tr\/wp-json\/wp\/v2\/product_tag?post=11951"}],"curies":[{"name":"wp","href":"https:\/\/api.w.org\/{rel}","templated":true}]}}