{"id":11965,"date":"2024-11-11T14:35:15","date_gmt":"2024-11-11T11:35:15","guid":{"rendered":"https:\/\/ceoparts.com\/?post_type=product&#038;p=11965"},"modified":"2026-05-16T15:13:37","modified_gmt":"2026-05-16T12:13:37","slug":"150x48-65-12-msl-denge-tekeri-00039903515","status":"publish","type":"product","link":"https:\/\/ceoparts.com\/tr\/urun\/150x48-65-12-msl-denge-tekeri-00039903515\/","title":{"rendered":"150&#215;48\/65-12 MSL Denge Tekeri &#8211; 00039903515"},"content":{"rendered":"<p>150&#215;48\/65-12 MSL Denge Tekeri &#8211; 00039903515<\/p>\n<p>0039903515, 0039903514, 0039903577<\/p>\n<p>50&#215;48\/60\/65-12\u00a0 Linde 0039903515<\/p>\n<p>372\u00a0L14\/16<br \/>\n372\u00a0L14\/16\/L14AP\/16AP<br \/>\n379\u00a0L10\/12-L10\/12AS<\/p>","protected":false},"excerpt":{"rendered":"<p data-start=\"0\" data-end=\"310\"><br data-start=\"5\" data-end=\"8\" \/>150\u00d748\/65-12 MSL Denge Tekeri, forklift ve istif makinelerinde denge ve stabilite sa\u011flamak amac\u0131yla kullan\u0131lan dayan\u0131kl\u0131 bir denge tekeridir. MSL teknolojisi ile \u00fcretilmi\u015f olup, y\u00fcksek a\u015f\u0131nma direnci ve uzun kullan\u0131m \u00f6mr\u00fc sunar. Operasyon s\u0131ras\u0131nda makinenin dengeli ve g\u00fcvenli hareket etmesini sa\u011flar.<\/p>\n<p data-start=\"312\" data-end=\"610\"><strong data-start=\"312\" data-end=\"327\">\u00d6zellikler:<\/strong><br data-start=\"327\" data-end=\"330\" \/><strong data-start=\"330\" data-end=\"343\">\u00dcr\u00fcn Ad\u0131:<\/strong> 150\u00d748\/65-12 MSL Denge Tekeri<br data-start=\"373\" data-end=\"376\" \/><strong data-start=\"376\" data-end=\"391\">Par\u00e7a Kodu:<\/strong> 00039903515<br data-start=\"403\" data-end=\"406\" \/><strong data-start=\"406\" data-end=\"418\">Malzeme:<\/strong> Y\u00fcksek dayan\u0131ml\u0131 kau\u00e7uk ve metal ala\u015f\u0131m<br data-start=\"458\" data-end=\"461\" \/><strong data-start=\"461\" data-end=\"480\">Kullan\u0131m Alan\u0131:<\/strong> Forklift ve istif makineleri denge tekeri<br data-start=\"522\" data-end=\"525\" \/><strong data-start=\"525\" data-end=\"537\">Avantaj:<\/strong> Y\u00fcksek dayan\u0131kl\u0131l\u0131k, uzun \u00f6m\u00fcr, y\u00fcksek a\u015f\u0131nma direnci, dengeli hareket<\/p>\n<p data-start=\"612\" data-end=\"898\">\n","protected":false},"featured_media":16436,"template":"","meta":[],"product_brand":[],"product_cat":[246,247,395,396,185],"product_tag":[],"class_list":{"0":"post-11965","1":"product","2":"type-product","3":"status-publish","4":"has-post-thumbnail","6":"product_cat-linde","7":"product_cat-denge-tekeri-linde","8":"product_cat-ceoparts","9":"product_cat-denge-tekeri-ceo","10":"product_cat-denge-tekeri","12":"first","13":"instock","14":"taxable","15":"shipping-taxable","16":"purchasable","17":"product-type-simple"},"_links":{"self":[{"href":"https:\/\/ceoparts.com\/tr\/wp-json\/wp\/v2\/product\/11965","targetHints":{"allow":["GET"]}}],"collection":[{"href":"https:\/\/ceoparts.com\/tr\/wp-json\/wp\/v2\/product"}],"about":[{"href":"https:\/\/ceoparts.com\/tr\/wp-json\/wp\/v2\/types\/product"}],"wp:featuredmedia":[{"embeddable":true,"href":"https:\/\/ceoparts.com\/tr\/wp-json\/wp\/v2\/media\/16436"}],"wp:attachment":[{"href":"https:\/\/ceoparts.com\/tr\/wp-json\/wp\/v2\/media?parent=11965"}],"wp:term":[{"taxonomy":"product_brand","embeddable":true,"href":"https:\/\/ceoparts.com\/tr\/wp-json\/wp\/v2\/product_brand?post=11965"},{"taxonomy":"product_cat","embeddable":true,"href":"https:\/\/ceoparts.com\/tr\/wp-json\/wp\/v2\/product_cat?post=11965"},{"taxonomy":"product_tag","embeddable":true,"href":"https:\/\/ceoparts.com\/tr\/wp-json\/wp\/v2\/product_tag?post=11965"}],"curies":[{"name":"wp","href":"https:\/\/api.w.org\/{rel}","templated":true}]}}