{"id":11978,"date":"2024-11-12T09:50:39","date_gmt":"2024-11-12T06:50:39","guid":{"rendered":"https:\/\/ceoparts.com\/?post_type=product&#038;p=11978"},"modified":"2026-05-16T14:33:45","modified_gmt":"2026-05-16T11:33:45","slug":"230x70-82-65-msl-yuruyus-tekeri-108987","status":"publish","type":"product","link":"https:\/\/ceoparts.com\/tr\/urun\/230x70-82-65-msl-yuruyus-tekeri-108987\/","title":{"rendered":"230&#215;70\/82-65 MSL Atlet Y\u00fcr\u00fcy\u00fc\u015f Tekeri &#8211; 108987"},"content":{"rendered":"<p>230&#215;70\/82-65 MSL Atlet Y\u00fcr\u00fcy\u00fc\u015f Tekeri &#8211; 108987<\/p>\n<p>NISSAN, ATLET, LAFIS: 108987<\/p>\n<p><strong>PLL, PSD, PSL, PLE,\u00a0<span style=\"font-family: Arial+1;\">PS, PSH<\/span><\/strong><\/p>","protected":false},"excerpt":{"rendered":"<p data-start=\"0\" data-end=\"335\"><br data-start=\"5\" data-end=\"8\" \/>230\u00d770\/82-65 MSL Atlet Y\u00fcr\u00fcy\u00fc\u015f Tekeri, forklift ve istif makinelerinde kullan\u0131lan dayan\u0131kl\u0131 ve performansl\u0131 bir y\u00fcr\u00fcy\u00fc\u015f tekeridir. MSL teknolojisi ile \u00fcretilmi\u015f olup, y\u00fcksek a\u015f\u0131nma direnci ve uzun kullan\u0131m \u00f6mr\u00fc sa\u011flar. Atlet tasar\u0131m\u0131, y\u00fcksek manevra kabiliyeti ve stabilite sunar, b\u00f6ylece operasyonlarda g\u00fcvenli hareket sa\u011flar.<\/p>\n<p data-start=\"337\" data-end=\"649\"><strong data-start=\"337\" data-end=\"352\">\u00d6zellikler:<\/strong><br data-start=\"352\" data-end=\"355\" \/><strong data-start=\"355\" data-end=\"368\">\u00dcr\u00fcn Ad\u0131:<\/strong> 230\u00d770\/82-65 MSL Atlet Y\u00fcr\u00fcy\u00fc\u015f Tekeri<br data-start=\"406\" data-end=\"409\" \/><strong data-start=\"409\" data-end=\"424\">Par\u00e7a Kodu:<\/strong> 108987<br data-start=\"431\" data-end=\"434\" \/><strong data-start=\"434\" data-end=\"446\">Malzeme:<\/strong> Y\u00fcksek dayan\u0131ml\u0131 kau\u00e7uk ve metal ala\u015f\u0131m<br data-start=\"486\" data-end=\"489\" \/><strong data-start=\"489\" data-end=\"508\">Kullan\u0131m Alan\u0131:<\/strong> Forklift ve istif makineleri y\u00fcr\u00fcy\u00fc\u015f tekeri<br data-start=\"552\" data-end=\"555\" \/><strong data-start=\"555\" data-end=\"567\">Avantaj:<\/strong> Y\u00fcksek dayan\u0131kl\u0131l\u0131k, uzun \u00f6m\u00fcr, y\u00fcksek a\u015f\u0131nma direnci, \u00fcst\u00fcn manevra kabiliyeti<\/p>\n<p data-start=\"651\" data-end=\"974\">\n","protected":false},"featured_media":11979,"template":"","meta":[],"product_brand":[],"product_cat":[262,265,395,397,193],"product_tag":[],"class_list":{"0":"post-11978","1":"product","2":"type-product","3":"status-publish","4":"has-post-thumbnail","6":"product_cat-atlet","7":"product_cat-yuruyus-tekeri-atlet","8":"product_cat-ceoparts","9":"product_cat-yuruyus-tekeri-ceo","10":"product_cat-yuruyus-tekeri","12":"first","13":"instock","14":"taxable","15":"shipping-taxable","16":"purchasable","17":"product-type-simple"},"_links":{"self":[{"href":"https:\/\/ceoparts.com\/tr\/wp-json\/wp\/v2\/product\/11978","targetHints":{"allow":["GET"]}}],"collection":[{"href":"https:\/\/ceoparts.com\/tr\/wp-json\/wp\/v2\/product"}],"about":[{"href":"https:\/\/ceoparts.com\/tr\/wp-json\/wp\/v2\/types\/product"}],"wp:featuredmedia":[{"embeddable":true,"href":"https:\/\/ceoparts.com\/tr\/wp-json\/wp\/v2\/media\/11979"}],"wp:attachment":[{"href":"https:\/\/ceoparts.com\/tr\/wp-json\/wp\/v2\/media?parent=11978"}],"wp:term":[{"taxonomy":"product_brand","embeddable":true,"href":"https:\/\/ceoparts.com\/tr\/wp-json\/wp\/v2\/product_brand?post=11978"},{"taxonomy":"product_cat","embeddable":true,"href":"https:\/\/ceoparts.com\/tr\/wp-json\/wp\/v2\/product_cat?post=11978"},{"taxonomy":"product_tag","embeddable":true,"href":"https:\/\/ceoparts.com\/tr\/wp-json\/wp\/v2\/product_tag?post=11978"}],"curies":[{"name":"wp","href":"https:\/\/api.w.org\/{rel}","templated":true}]}}