{"id":11988,"date":"2024-11-12T10:34:05","date_gmt":"2024-11-12T07:34:05","guid":{"rendered":"https:\/\/ceoparts.com\/?post_type=product&#038;p=11988"},"modified":"2026-05-16T03:49:04","modified_gmt":"2026-05-16T00:49:04","slug":"250x100-80-msl-yuruyus-tekeri-4493241","status":"publish","type":"product","link":"https:\/\/ceoparts.com\/tr\/urun\/250x100-80-msl-yuruyus-tekeri-4493241\/","title":{"rendered":"250&#215;100-80 MSL Y\u00fcr\u00fcy\u00fc\u015f Tekeri &#8211; 4493241, 0009903813"},"content":{"rendered":"<p>250&#215;100-80 MSL Y\u00fcr\u00fcy\u00fc\u015f Tekeri &#8211; 4493241, 0009903813<\/p>\n<p><\/p>\n<p>CS 10M\/711041\/06-06<br \/>\nCS 16S\/711042\/06-06<br \/>\nCS 20\/711040\/06-06<br \/>\nCS 30Z\/711043\/06-06<br \/>\nCX-T\/711050\/01-08<br \/>\nCX20\/711044\/01-07<br \/>\nCXM 10\/711045\/01-07<br \/>\nCXS 16\/711046\/01-07<br \/>\nCXZ 30\/711047\/01-07<br \/>\nEXD S20\/710249\/01-07<br \/>\nEXU-S\/710148-710149\/01-07<\/p>","protected":false},"excerpt":{"rendered":"<p data-start=\"0\" data-end=\"265\"><br data-start=\"5\" data-end=\"8\" \/>250\u00d7100-80 MSL Y\u00fcr\u00fcy\u00fc\u015f Tekeri, forklift ve istif makinelerinde kullan\u0131lan dayan\u0131kl\u0131 bir y\u00fcr\u00fcy\u00fc\u015f tekeridir. MSL teknolojisi ile \u00fcretilmi\u015f olup, y\u00fcksek a\u015f\u0131nma direnci ve uzun \u00f6m\u00fcr sunar. Operasyon s\u0131ras\u0131nda makinenin stabil ve g\u00fcvenli hareket etmesini sa\u011flar.<\/p>\n<p data-start=\"267\" data-end=\"574\"><strong data-start=\"267\" data-end=\"282\">\u00d6zellikler:<\/strong><br data-start=\"282\" data-end=\"285\" \/><strong data-start=\"285\" data-end=\"298\">\u00dcr\u00fcn Ad\u0131:<\/strong> 250\u00d7100-80 MSL Y\u00fcr\u00fcy\u00fc\u015f Tekeri<br data-start=\"328\" data-end=\"331\" \/><strong data-start=\"331\" data-end=\"346\">Par\u00e7a Kodu:<\/strong> 4493241, 0009903813<br data-start=\"366\" data-end=\"369\" \/><strong data-start=\"369\" data-end=\"381\">Malzeme:<\/strong> Y\u00fcksek dayan\u0131ml\u0131 kau\u00e7uk ve metal ala\u015f\u0131m<br data-start=\"421\" data-end=\"424\" \/><strong data-start=\"424\" data-end=\"443\">Kullan\u0131m Alan\u0131:<\/strong> Forklift ve istif makineleri y\u00fcr\u00fcy\u00fc\u015f tekeri<br data-start=\"487\" data-end=\"490\" \/><strong data-start=\"490\" data-end=\"502\">Avantaj:<\/strong> Y\u00fcksek dayan\u0131kl\u0131l\u0131k, uzun \u00f6m\u00fcr, y\u00fcksek a\u015f\u0131nma direnci, stabil hareket<\/p>\n<p data-start=\"576\" data-end=\"823\">\n","protected":false},"featured_media":11989,"template":"","meta":[],"product_brand":[],"product_cat":[395,397,193],"product_tag":[],"class_list":{"0":"post-11988","1":"product","2":"type-product","3":"status-publish","4":"has-post-thumbnail","6":"product_cat-ceoparts","7":"product_cat-yuruyus-tekeri-ceo","8":"product_cat-yuruyus-tekeri","10":"first","11":"instock","12":"taxable","13":"shipping-taxable","14":"purchasable","15":"product-type-simple"},"_links":{"self":[{"href":"https:\/\/ceoparts.com\/tr\/wp-json\/wp\/v2\/product\/11988","targetHints":{"allow":["GET"]}}],"collection":[{"href":"https:\/\/ceoparts.com\/tr\/wp-json\/wp\/v2\/product"}],"about":[{"href":"https:\/\/ceoparts.com\/tr\/wp-json\/wp\/v2\/types\/product"}],"wp:featuredmedia":[{"embeddable":true,"href":"https:\/\/ceoparts.com\/tr\/wp-json\/wp\/v2\/media\/11989"}],"wp:attachment":[{"href":"https:\/\/ceoparts.com\/tr\/wp-json\/wp\/v2\/media?parent=11988"}],"wp:term":[{"taxonomy":"product_brand","embeddable":true,"href":"https:\/\/ceoparts.com\/tr\/wp-json\/wp\/v2\/product_brand?post=11988"},{"taxonomy":"product_cat","embeddable":true,"href":"https:\/\/ceoparts.com\/tr\/wp-json\/wp\/v2\/product_cat?post=11988"},{"taxonomy":"product_tag","embeddable":true,"href":"https:\/\/ceoparts.com\/tr\/wp-json\/wp\/v2\/product_tag?post=11988"}],"curies":[{"name":"wp","href":"https:\/\/api.w.org\/{rel}","templated":true}]}}