{"id":11993,"date":"2024-11-12T10:38:24","date_gmt":"2024-11-12T07:38:24","guid":{"rendered":"https:\/\/ceoparts.com\/?post_type=product&#038;p=11993"},"modified":"2026-05-16T02:35:47","modified_gmt":"2026-05-15T23:35:47","slug":"285x100-msl-yuk-tekeri-0029903807-0009903910","status":"publish","type":"product","link":"https:\/\/ceoparts.com\/tr\/urun\/285x100-msl-yuk-tekeri-0029903807-0009903910\/","title":{"rendered":"285&#215;100 MSL Y\u00fck Tekeri &#8211; 0029903807 \/ 0009903910"},"content":{"rendered":"<p>285&#215;100 MSL Y\u00fck Tekeri &#8211; 0029903807 \/ 0009903910<\/p>\n<p><\/p>\n<p>Linde 285&#215;100\u00a0 0029902329, 0029903807<\/p>\n<p>Linde R10\/12\/14 Seria 115 C,<\/p>\n<p>Linde R14\/16\/20 Seria 115-02,<\/p>\n<p>Linde R14\/16\/20 Seria 113<\/p>","protected":false},"excerpt":{"rendered":"<p data-start=\"0\" data-end=\"284\"><br data-start=\"5\" data-end=\"8\" \/>Forklift uygulamalar\u0131nda kullan\u0131lan <strong data-start=\"44\" data-end=\"94\">285&#215;100 MSL Y\u00fck Tekeri 0029903807 \/ 0009903910<\/strong>, y\u00fcksek dayan\u0131kl\u0131l\u0131\u011fa sahip ve forkliftin y\u00fck ta\u015f\u0131ma kapasitesini art\u0131ran kaliteli bir yedek tekerlektir. Sa\u011flam yap\u0131s\u0131 ile uzun \u00f6m\u00fcrl\u00fc kullan\u0131m sunar ve forkliftin stabilitesini destekler.<\/p>\n<p data-start=\"286\" data-end=\"560\"><strong data-start=\"286\" data-end=\"301\">\u00d6zellikler:<\/strong><br data-start=\"301\" data-end=\"304\" \/><strong data-start=\"304\" data-end=\"317\">\u00dcr\u00fcn Ad\u0131:<\/strong> 285&#215;100 MSL Y\u00fck Tekeri<br data-start=\"340\" data-end=\"343\" \/><strong data-start=\"343\" data-end=\"358\">Par\u00e7a Kodu:<\/strong> 0029903807 \/ 0009903910<br data-start=\"382\" data-end=\"385\" \/><strong data-start=\"385\" data-end=\"397\">Malzeme:<\/strong> Dayan\u0131kl\u0131 kau\u00e7uk ve metal bile\u015fenler<br data-start=\"434\" data-end=\"437\" \/><strong data-start=\"437\" data-end=\"456\">Kullan\u0131m Alan\u0131:<\/strong> Forklift y\u00fck ta\u015f\u0131ma sistemleri<br data-start=\"487\" data-end=\"490\" \/><strong data-start=\"490\" data-end=\"502\">Avantaj:<\/strong> Y\u00fcksek dayan\u0131kl\u0131l\u0131k, stabil s\u00fcr\u00fc\u015f, uzun \u00f6m\u00fcrl\u00fc kullan\u0131m<\/p>\n<p data-start=\"562\" data-end=\"849\">\n","protected":false},"featured_media":12012,"template":"","meta":[],"product_brand":[],"product_cat":[246,250,395,399,194],"product_tag":[],"class_list":{"0":"post-11993","1":"product","2":"type-product","3":"status-publish","4":"has-post-thumbnail","6":"product_cat-linde","7":"product_cat-yuk-tekeri-linde","8":"product_cat-ceoparts","9":"product_cat-yuk-tekeri-ceo","10":"product_cat-yuk-tekeri","12":"first","13":"instock","14":"taxable","15":"shipping-taxable","16":"purchasable","17":"product-type-simple"},"_links":{"self":[{"href":"https:\/\/ceoparts.com\/tr\/wp-json\/wp\/v2\/product\/11993","targetHints":{"allow":["GET"]}}],"collection":[{"href":"https:\/\/ceoparts.com\/tr\/wp-json\/wp\/v2\/product"}],"about":[{"href":"https:\/\/ceoparts.com\/tr\/wp-json\/wp\/v2\/types\/product"}],"wp:featuredmedia":[{"embeddable":true,"href":"https:\/\/ceoparts.com\/tr\/wp-json\/wp\/v2\/media\/12012"}],"wp:attachment":[{"href":"https:\/\/ceoparts.com\/tr\/wp-json\/wp\/v2\/media?parent=11993"}],"wp:term":[{"taxonomy":"product_brand","embeddable":true,"href":"https:\/\/ceoparts.com\/tr\/wp-json\/wp\/v2\/product_brand?post=11993"},{"taxonomy":"product_cat","embeddable":true,"href":"https:\/\/ceoparts.com\/tr\/wp-json\/wp\/v2\/product_cat?post=11993"},{"taxonomy":"product_tag","embeddable":true,"href":"https:\/\/ceoparts.com\/tr\/wp-json\/wp\/v2\/product_tag?post=11993"}],"curies":[{"name":"wp","href":"https:\/\/api.w.org\/{rel}","templated":true}]}}