{"id":11998,"date":"2024-11-12T10:42:29","date_gmt":"2024-11-12T07:42:29","guid":{"rendered":"https:\/\/ceoparts.com\/?post_type=product&#038;p=11998"},"modified":"2026-05-16T03:48:11","modified_gmt":"2026-05-16T00:48:11","slug":"285x100-msl-yuk-tekeri-4021574","status":"publish","type":"product","link":"https:\/\/ceoparts.com\/tr\/urun\/285x100-msl-yuk-tekeri-4021574\/","title":{"rendered":"285&#215;100 MSL Y\u00fck Tekeri Y\u0131ld\u0131z &#8211; 4021574, 550044345"},"content":{"rendered":"<div class=\"wpb-content-wrapper\"><p>285&#215;100 MSL Y\u00fck Tekeri Y\u0131ld\u0131z &#8211; 4021574, 550044345<\/p>\n<p>[vc_row][vc_column][vc_column_text css=&#8221;&#8221; woodmart_inline=&#8221;no&#8221; text_larger=&#8221;no&#8221;][\/vc_column_text][\/vc_column][\/vc_row]<\/p>\n<\/div>","protected":false},"excerpt":{"rendered":"<p data-start=\"0\" data-end=\"320\"><br data-start=\"5\" data-end=\"8\" \/>285\u00d7100 MSL Y\u00fck Tekeri Y\u0131ld\u0131z, forklift ve istif makinelerinde kullan\u0131lan y\u00fcksek kaliteli bir y\u00fck tekeridir. MSL teknolojisi ile \u00fcretilmi\u015f olup, dayan\u0131kl\u0131 yap\u0131s\u0131 ve y\u00fcksek a\u015f\u0131nma direnci sayesinde a\u011f\u0131r y\u00fck ta\u015f\u0131ma kapasitesi sunar. Y\u0131ld\u0131z tasar\u0131m\u0131 ile stabiliteyi art\u0131r\u0131r ve operasyonlarda g\u00fcvenli hareket sa\u011flar.<\/p>\n<p data-start=\"322\" data-end=\"630\"><strong data-start=\"322\" data-end=\"337\">\u00d6zellikler:<\/strong><br data-start=\"337\" data-end=\"340\" \/><strong data-start=\"340\" data-end=\"353\">\u00dcr\u00fcn Ad\u0131:<\/strong> 285\u00d7100 MSL Y\u00fck Tekeri Y\u0131ld\u0131z<br data-start=\"383\" data-end=\"386\" \/><strong data-start=\"386\" data-end=\"401\">Par\u00e7a Kodu:<\/strong> 4021574, 550044345<br data-start=\"420\" data-end=\"423\" \/><strong data-start=\"423\" data-end=\"435\">Malzeme:<\/strong> Y\u00fcksek dayan\u0131ml\u0131 kau\u00e7uk ve metal ala\u015f\u0131m<br data-start=\"475\" data-end=\"478\" \/><strong data-start=\"478\" data-end=\"497\">Kullan\u0131m Alan\u0131:<\/strong> Forklift ve istif makineleri y\u00fck tekeri<br data-start=\"537\" data-end=\"540\" \/><strong data-start=\"540\" data-end=\"552\">Avantaj:<\/strong> Y\u00fcksek dayan\u0131kl\u0131l\u0131k, uzun \u00f6m\u00fcr, y\u00fcksek a\u015f\u0131nma direnci, art\u0131r\u0131lm\u0131\u015f stabilite<\/p>\n<p data-start=\"632\" data-end=\"919\">\n","protected":false},"featured_media":11999,"template":"","meta":[],"product_brand":[],"product_cat":[395,399,194],"product_tag":[],"class_list":{"0":"post-11998","1":"product","2":"type-product","3":"status-publish","4":"has-post-thumbnail","6":"product_cat-ceoparts","7":"product_cat-yuk-tekeri-ceo","8":"product_cat-yuk-tekeri","10":"first","11":"instock","12":"taxable","13":"shipping-taxable","14":"purchasable","15":"product-type-simple"},"_links":{"self":[{"href":"https:\/\/ceoparts.com\/tr\/wp-json\/wp\/v2\/product\/11998","targetHints":{"allow":["GET"]}}],"collection":[{"href":"https:\/\/ceoparts.com\/tr\/wp-json\/wp\/v2\/product"}],"about":[{"href":"https:\/\/ceoparts.com\/tr\/wp-json\/wp\/v2\/types\/product"}],"wp:featuredmedia":[{"embeddable":true,"href":"https:\/\/ceoparts.com\/tr\/wp-json\/wp\/v2\/media\/11999"}],"wp:attachment":[{"href":"https:\/\/ceoparts.com\/tr\/wp-json\/wp\/v2\/media?parent=11998"}],"wp:term":[{"taxonomy":"product_brand","embeddable":true,"href":"https:\/\/ceoparts.com\/tr\/wp-json\/wp\/v2\/product_brand?post=11998"},{"taxonomy":"product_cat","embeddable":true,"href":"https:\/\/ceoparts.com\/tr\/wp-json\/wp\/v2\/product_cat?post=11998"},{"taxonomy":"product_tag","embeddable":true,"href":"https:\/\/ceoparts.com\/tr\/wp-json\/wp\/v2\/product_tag?post=11998"}],"curies":[{"name":"wp","href":"https:\/\/api.w.org\/{rel}","templated":true}]}}