{"id":12040,"date":"2024-12-17T18:47:06","date_gmt":"2024-12-17T15:47:06","guid":{"rendered":"https:\/\/ceoparts.com\/?post_type=product&#038;p=12040"},"modified":"2026-05-03T03:39:14","modified_gmt":"2026-05-03T00:39:14","slug":"125x50-54-20-stellana-vulkolan-eks-denge-tekeri-156259","status":"publish","type":"product","link":"https:\/\/ceoparts.com\/tr\/urun\/125x50-54-20-stellana-vulkolan-eks-denge-tekeri-156259\/","title":{"rendered":"125&#215;50\/54-20 Stellana Vulkollan Denge Tekeri &#8211; 156259"},"content":{"rendered":"<p>125&#215;50\/54-20 Stellana Vulkollan Denge Tekeri &#8211; 156259<\/p>\n<p>MO 15<\/p>\n<p>PPO 1500MX<\/p>\n<p>MPH 16<br \/>\nMPL 10<br \/>\nMPL 12<br \/>\nMPL 12 F<br \/>\nMPL 16D<\/p>\n<p>PPH 1600 MX<\/p>\n<p>PPS 1000 MX<br \/>\nPPS 1200 MX<br \/>\nPPS 1200MXF<br \/>\nPPS 1600 MXD<\/p>\n<p>S12 F<br \/>\nS16 D<\/p>\n<p>SWE 080 L<br \/>\nSWE100 STAXIO<br \/>\nSWE 120 IKEA<br \/>\nSWE 120 STAXIO<br \/>\nSWE 120 L<br \/>\nSWE 120 LIKEA<br \/>\nSWE 140 STAXIO<br \/>\nSWE 140 L STAXIO<br \/>\nSWE 160 D IKEA<br \/>\nSWE 160D<br \/>\nSWE 200 D IKEA<br \/>\nSWE 200 D<\/p>\n<p>LWE 140 LEVIO<br \/>\nLWE 160LEVIO<br \/>\nLWE 180<br \/>\nLWE 180 LEVIO<br \/>\nLWE 200<br \/>\nLWE 200 N<br \/>\nLWE 250LEVIO<\/p>\n<p>MP 14 C<br \/>\nMP 14<br \/>\nMP 16<br \/>\nMP 20<br \/>\nMP 20L<\/p>\n<p>PPL 2000 MX<\/p>\n<p>PPT 1400 C<br \/>\nPPT 1400 MX<br \/>\nPPT 1400MXC<br \/>\nPPT 1600 MX<br \/>\nPPT 1800 MMD<br \/>\nPPT 2000 MX<br \/>\nPPT 2000MMD<\/p>\n<p>W18 ORION<br \/>\nW20 ORION<br \/>\nW20 N<\/p>","protected":false},"excerpt":{"rendered":"<p data-start=\"0\" data-end=\"325\"><br data-start=\"5\" data-end=\"8\" \/>125\u00d750\/54-20 Stellana Vulkollan Denge Tekeri, forklift ve istif makinelerinde denge sa\u011flamak i\u00e7in kullan\u0131lan y\u00fcksek kaliteli bir denge tekeridir. Dayan\u0131kl\u0131 vulkolan malzemeden \u00fcretilmi\u015f olup, uzun \u00f6m\u00fcrl\u00fcd\u00fcr ve y\u00fcksek s\u00fcrt\u00fcnme direnci sunar. Operasyon s\u0131ras\u0131nda makinenin stabil ve g\u00fcvenli hareket etmesini sa\u011flar.<\/p>\n<p data-start=\"327\" data-end=\"609\"><strong data-start=\"327\" data-end=\"342\">\u00d6zellikler:<\/strong><br data-start=\"342\" data-end=\"345\" \/><strong data-start=\"345\" data-end=\"358\">\u00dcr\u00fcn Ad\u0131:<\/strong> 125\u00d750\/54-20 Stellana Vulkollan Denge Tekeri<br data-start=\"407\" data-end=\"410\" \/><strong data-start=\"410\" data-end=\"425\">Par\u00e7a Kodu:<\/strong> 156259<br data-start=\"432\" data-end=\"435\" \/><strong data-start=\"435\" data-end=\"447\">Malzeme:<\/strong> Vulkolan<br data-start=\"456\" data-end=\"459\" \/><strong data-start=\"459\" data-end=\"478\">Kullan\u0131m Alan\u0131:<\/strong> Forklift ve istif makineleri denge tekeri<br data-start=\"520\" data-end=\"523\" \/><strong data-start=\"523\" data-end=\"535\">Avantaj:<\/strong> Y\u00fcksek dayan\u0131kl\u0131l\u0131k, uzun \u00f6m\u00fcr, y\u00fcksek s\u00fcrt\u00fcnme direnci, stabil hareket<\/p>\n<p data-start=\"611\" data-end=\"911\">\n","protected":false},"featured_media":15097,"template":"","meta":[],"product_brand":[],"product_cat":[416,417,185],"product_tag":[],"class_list":{"0":"post-12040","1":"product","2":"type-product","3":"status-publish","4":"has-post-thumbnail","6":"product_cat-stellana","7":"product_cat-denge-tekeri-stellana","8":"product_cat-denge-tekeri","10":"first","11":"instock","12":"taxable","13":"shipping-taxable","14":"purchasable","15":"product-type-simple"},"_links":{"self":[{"href":"https:\/\/ceoparts.com\/tr\/wp-json\/wp\/v2\/product\/12040","targetHints":{"allow":["GET"]}}],"collection":[{"href":"https:\/\/ceoparts.com\/tr\/wp-json\/wp\/v2\/product"}],"about":[{"href":"https:\/\/ceoparts.com\/tr\/wp-json\/wp\/v2\/types\/product"}],"wp:featuredmedia":[{"embeddable":true,"href":"https:\/\/ceoparts.com\/tr\/wp-json\/wp\/v2\/media\/15097"}],"wp:attachment":[{"href":"https:\/\/ceoparts.com\/tr\/wp-json\/wp\/v2\/media?parent=12040"}],"wp:term":[{"taxonomy":"product_brand","embeddable":true,"href":"https:\/\/ceoparts.com\/tr\/wp-json\/wp\/v2\/product_brand?post=12040"},{"taxonomy":"product_cat","embeddable":true,"href":"https:\/\/ceoparts.com\/tr\/wp-json\/wp\/v2\/product_cat?post=12040"},{"taxonomy":"product_tag","embeddable":true,"href":"https:\/\/ceoparts.com\/tr\/wp-json\/wp\/v2\/product_tag?post=12040"}],"curies":[{"name":"wp","href":"https:\/\/api.w.org\/{rel}","templated":true}]}}