{"id":12049,"date":"2024-12-18T09:15:49","date_gmt":"2024-12-18T06:15:49","guid":{"rendered":"https:\/\/ceoparts.com\/?post_type=product&#038;p=12049"},"modified":"2026-05-03T04:07:25","modified_gmt":"2026-05-03T01:07:25","slug":"150x50-50-20-stellana-vulkolan-denge-tekeri-171029","status":"publish","type":"product","link":"https:\/\/ceoparts.com\/tr\/urun\/150x50-50-20-stellana-vulkolan-denge-tekeri-171029\/","title":{"rendered":"150&#215;50\/50-20 Stellana Vulkollan Denge Tekeri &#8211; 171029"},"content":{"rendered":"<p>150&#215;50\/50-20 Stellana Vulkollan Denge Tekeri &#8211; 171029<\/p>\n<p><\/p>\n<div class=\"font12\">BT 171029<\/div>\n<div class=\"font12\"><\/div>\n<div class=\"font12\">\n<p>LPE 240<\/p>\n<p>P 24 ORION<\/p>\n<p>LR 2.0<br \/>\nLR 2.0 IKEA<br \/>\nLRE 200<\/p>\n<p>SR 1.35<br \/>\nSR 1.6<br \/>\nSR 1.6 L<br \/>\nSR 1.35 L<\/p>\n<p>SRE 135<br \/>\nSRE 135 L<br \/>\nSRE 160<br \/>\nSRE 160 L<\/p>\n<p>AL 24<\/p>\n<p>AS 14 S<br \/>\nAS 20<\/p>\n<p>LAE 240<\/p>\n<p>SAE 140 S<br \/>\nSAE 200<\/p>\n<\/div>\n<p><\/p>","protected":false},"excerpt":{"rendered":"<p data-start=\"0\" data-end=\"325\"><br data-start=\"5\" data-end=\"8\" \/>150\u00d750\/50-20 Stellana Vulkollan Denge Tekeri, forklift ve istif makinelerinde denge ve stabilite sa\u011flamak amac\u0131yla kullan\u0131lan y\u00fcksek kaliteli bir denge tekeridir. Dayan\u0131kl\u0131 vulkolan malzemeden \u00fcretilmi\u015f olup, uzun \u00f6m\u00fcrl\u00fcd\u00fcr ve s\u00fcrt\u00fcnme direnci y\u00fcksektir. Operasyon s\u0131ras\u0131nda makinenin dengeli hareket etmesini sa\u011flar.<\/p>\n<p data-start=\"327\" data-end=\"613\"><strong data-start=\"327\" data-end=\"342\">\u00d6zellikler:<\/strong><br data-start=\"342\" data-end=\"345\" \/><strong data-start=\"345\" data-end=\"358\">\u00dcr\u00fcn Ad\u0131:<\/strong> 150\u00d750\/50-20 Stellana Vulkollan Denge Tekeri<br data-start=\"403\" data-end=\"406\" \/><strong data-start=\"406\" data-end=\"421\">Par\u00e7a Kodu:<\/strong> 171029<br data-start=\"428\" data-end=\"431\" \/><strong data-start=\"431\" data-end=\"443\">Malzeme:<\/strong> Vulkolan<br data-start=\"452\" data-end=\"455\" \/><strong data-start=\"455\" data-end=\"474\">Kullan\u0131m Alan\u0131:<\/strong> Forklift ve istif makinesi denge tekeri<br data-start=\"514\" data-end=\"517\" \/><strong data-start=\"517\" data-end=\"529\">Avantaj:<\/strong> Y\u00fcksek dayan\u0131kl\u0131l\u0131k, uzun kullan\u0131m \u00f6mr\u00fc, y\u00fcksek s\u00fcrt\u00fcnme direnci, dengeli hareket<\/p>\n<p data-start=\"615\" data-end=\"924\">\n","protected":false},"featured_media":12051,"template":"","meta":[],"product_brand":[],"product_cat":[252,416,417,251,185],"product_tag":[],"class_list":{"0":"post-12049","1":"product","2":"type-product","3":"status-publish","4":"has-post-thumbnail","6":"product_cat-denge-tekeri-bt","7":"product_cat-stellana","8":"product_cat-denge-tekeri-stellana","9":"product_cat-bt","10":"product_cat-denge-tekeri","12":"first","13":"instock","14":"taxable","15":"shipping-taxable","16":"purchasable","17":"product-type-simple"},"_links":{"self":[{"href":"https:\/\/ceoparts.com\/tr\/wp-json\/wp\/v2\/product\/12049","targetHints":{"allow":["GET"]}}],"collection":[{"href":"https:\/\/ceoparts.com\/tr\/wp-json\/wp\/v2\/product"}],"about":[{"href":"https:\/\/ceoparts.com\/tr\/wp-json\/wp\/v2\/types\/product"}],"wp:featuredmedia":[{"embeddable":true,"href":"https:\/\/ceoparts.com\/tr\/wp-json\/wp\/v2\/media\/12051"}],"wp:attachment":[{"href":"https:\/\/ceoparts.com\/tr\/wp-json\/wp\/v2\/media?parent=12049"}],"wp:term":[{"taxonomy":"product_brand","embeddable":true,"href":"https:\/\/ceoparts.com\/tr\/wp-json\/wp\/v2\/product_brand?post=12049"},{"taxonomy":"product_cat","embeddable":true,"href":"https:\/\/ceoparts.com\/tr\/wp-json\/wp\/v2\/product_cat?post=12049"},{"taxonomy":"product_tag","embeddable":true,"href":"https:\/\/ceoparts.com\/tr\/wp-json\/wp\/v2\/product_tag?post=12049"}],"curies":[{"name":"wp","href":"https:\/\/api.w.org\/{rel}","templated":true}]}}