{"id":12059,"date":"2024-12-23T09:42:29","date_gmt":"2024-12-23T06:42:29","guid":{"rendered":"https:\/\/ceoparts.com\/?post_type=product&#038;p=12059"},"modified":"2026-05-16T13:15:40","modified_gmt":"2026-05-16T10:15:40","slug":"bt-eski-kasa-catal-mekanizmasi-bos-takim-tekerleksiz","status":"publish","type":"product","link":"https:\/\/ceoparts.com\/tr\/urun\/bt-eski-kasa-catal-mekanizmasi-bos-takim-tekerleksiz\/","title":{"rendered":"BT Toyota LPE200 \u00c7atal Mekanizmas\u0131 (Tekerleksiz) Tak\u0131m &#8211; 7591742, 261271, 132523"},"content":{"rendered":"<p>BT Toyota LPE200 \u00c7atal Mekanizmas\u0131 (Tekerleksiz) Tak\u0131m &#8211; 7591742, 261271, 132523<\/p>\n<p>BT 7591742, 261271<\/p>\n<p>BL LWE<\/p>","protected":false},"excerpt":{"rendered":"<p data-start=\"0\" data-end=\"326\"><br data-start=\"5\" data-end=\"8\" \/>BT Toyota LPE200 \u00c7atal Mekanizmas\u0131 (Tekerleksiz) Tak\u0131m, forklift ve istif makinelerinde kullan\u0131lan tekerleksiz \u00e7atal mekanizmas\u0131 tak\u0131m\u0131d\u0131r. Y\u00fck ta\u015f\u0131ma ve kald\u0131rma i\u015flemlerinde y\u00fcksek dayan\u0131kl\u0131l\u0131k ve g\u00fcvenilirlik sa\u011flar. Kaliteli malzemeden \u00fcretilmi\u015f olup, uzun \u00f6m\u00fcrl\u00fc ve sa\u011flam yap\u0131s\u0131yla forklift performans\u0131n\u0131 art\u0131r\u0131r.<\/p>\n<p data-start=\"328\" data-end=\"647\"><strong data-start=\"328\" data-end=\"343\">\u00d6zellikler:<\/strong><br data-start=\"343\" data-end=\"346\" \/><strong data-start=\"346\" data-end=\"359\">\u00dcr\u00fcn Ad\u0131:<\/strong> BT Toyota LPE200 \u00c7atal Mekanizmas\u0131 (Tekerleksiz) Tak\u0131m<br data-start=\"413\" data-end=\"416\" \/><strong data-start=\"416\" data-end=\"431\">Par\u00e7a Kodu:<\/strong> 7591742, 261271, 132523<br data-start=\"455\" data-end=\"458\" \/><strong data-start=\"458\" data-end=\"470\">Malzeme:<\/strong> Y\u00fcksek dayan\u0131ml\u0131 metal ala\u015f\u0131m<br data-start=\"500\" data-end=\"503\" \/><strong data-start=\"503\" data-end=\"522\">Kullan\u0131m Alan\u0131:<\/strong> BT Toyota LPE200 forklift \u00e7atal mekanizmas\u0131<br data-start=\"565\" data-end=\"568\" \/><strong data-start=\"568\" data-end=\"580\">Avantaj:<\/strong> Y\u00fcksek dayan\u0131kl\u0131l\u0131k, sa\u011flam yap\u0131, uzun \u00f6m\u00fcr, tekerleksiz tasar\u0131m<\/p>\n<p data-start=\"649\" data-end=\"961\">\n","protected":false},"featured_media":13688,"template":"","meta":[],"product_brand":[],"product_cat":[251,406,407,521,531],"product_tag":[],"class_list":{"0":"post-12059","1":"product","2":"type-product","3":"status-publish","4":"has-post-thumbnail","6":"product_cat-bt","7":"product_cat-catal-mekanizma","8":"product_cat-bt-catal-mekanizmalari","9":"product_cat-toyota","10":"product_cat-mekanizmalar-toyota","12":"first","13":"instock","14":"taxable","15":"shipping-taxable","16":"purchasable","17":"product-type-simple"},"_links":{"self":[{"href":"https:\/\/ceoparts.com\/tr\/wp-json\/wp\/v2\/product\/12059","targetHints":{"allow":["GET"]}}],"collection":[{"href":"https:\/\/ceoparts.com\/tr\/wp-json\/wp\/v2\/product"}],"about":[{"href":"https:\/\/ceoparts.com\/tr\/wp-json\/wp\/v2\/types\/product"}],"wp:featuredmedia":[{"embeddable":true,"href":"https:\/\/ceoparts.com\/tr\/wp-json\/wp\/v2\/media\/13688"}],"wp:attachment":[{"href":"https:\/\/ceoparts.com\/tr\/wp-json\/wp\/v2\/media?parent=12059"}],"wp:term":[{"taxonomy":"product_brand","embeddable":true,"href":"https:\/\/ceoparts.com\/tr\/wp-json\/wp\/v2\/product_brand?post=12059"},{"taxonomy":"product_cat","embeddable":true,"href":"https:\/\/ceoparts.com\/tr\/wp-json\/wp\/v2\/product_cat?post=12059"},{"taxonomy":"product_tag","embeddable":true,"href":"https:\/\/ceoparts.com\/tr\/wp-json\/wp\/v2\/product_tag?post=12059"}],"curies":[{"name":"wp","href":"https:\/\/api.w.org\/{rel}","templated":true}]}}