{"id":12077,"date":"2024-12-24T15:53:08","date_gmt":"2024-12-24T12:53:08","guid":{"rendered":"https:\/\/ceoparts.com\/?post_type=product&#038;p=12077"},"modified":"2026-05-16T12:03:47","modified_gmt":"2026-05-16T09:03:47","slug":"85x90-90-tellure-rota-yuk-tekeri-yale-272030100","status":"publish","type":"product","link":"https:\/\/ceoparts.com\/tr\/urun\/85x90-90-tellure-rota-yuk-tekeri-yale-272030100\/","title":{"rendered":"85&#215;90\/90 Tellure Rota Y\u00fck Tekeri &#8211; YALE 272030100"},"content":{"rendered":"<p>85&#215;90\/90 Tellure Rota Y\u00fck Tekeri &#8211; YALE 272030100<\/p>","protected":false},"excerpt":{"rendered":"<p data-start=\"0\" data-end=\"327\"><br data-start=\"5\" data-end=\"8\" \/>85\u00d790\/90 Tellure Rota Y\u00fck Tekeri, YALE forklift modelleri i\u00e7in \u00f6zel olarak tasarlanm\u0131\u015f y\u00fcksek kaliteli bir y\u00fck tekeridir. Dayan\u0131kl\u0131 vulkolan malzemeden \u00fcretilmi\u015f olup, a\u011f\u0131r y\u00fck ta\u015f\u0131ma kapasitesi ve uzun kullan\u0131m \u00f6mr\u00fc sunar. Y\u00fcksek s\u00fcrt\u00fcnme direnci sayesinde forkliftin stabilitesini art\u0131r\u0131r ve g\u00fcvenli operasyon sa\u011flar.<\/p>\n<p data-start=\"329\" data-end=\"579\"><strong data-start=\"329\" data-end=\"344\">\u00d6zellikler:<\/strong><br data-start=\"344\" data-end=\"347\" \/><strong data-start=\"347\" data-end=\"360\">\u00dcr\u00fcn Ad\u0131:<\/strong> 85\u00d790\/90 Tellure Rota Y\u00fck Tekeri<br data-start=\"393\" data-end=\"396\" \/><strong data-start=\"396\" data-end=\"411\">Par\u00e7a Kodu:<\/strong> YALE 272030100<br data-start=\"426\" data-end=\"429\" \/><strong data-start=\"429\" data-end=\"441\">Malzeme:<\/strong> Vulkolan<br data-start=\"450\" data-end=\"453\" \/><strong data-start=\"453\" data-end=\"472\">Kullan\u0131m Alan\u0131:<\/strong> YALE forklift y\u00fck tekeri<br data-start=\"497\" data-end=\"500\" \/><strong data-start=\"500\" data-end=\"512\">Avantaj:<\/strong> Y\u00fcksek dayan\u0131kl\u0131l\u0131k, uzun \u00f6m\u00fcr, art\u0131r\u0131lm\u0131\u015f s\u00fcrt\u00fcnme ve stabilite<\/p>\n<p data-start=\"581\" data-end=\"868\">\n","protected":false},"featured_media":15067,"template":"","meta":[],"product_brand":[],"product_cat":[400,412,430],"product_tag":[],"class_list":{"0":"post-12077","1":"product","2":"type-product","3":"status-publish","4":"has-post-thumbnail","6":"product_cat-catal-tekeri","7":"product_cat-tellure-rota","8":"product_cat-catal-tekeri-rota","10":"first","11":"instock","12":"taxable","13":"shipping-taxable","14":"purchasable","15":"product-type-simple"},"_links":{"self":[{"href":"https:\/\/ceoparts.com\/tr\/wp-json\/wp\/v2\/product\/12077","targetHints":{"allow":["GET"]}}],"collection":[{"href":"https:\/\/ceoparts.com\/tr\/wp-json\/wp\/v2\/product"}],"about":[{"href":"https:\/\/ceoparts.com\/tr\/wp-json\/wp\/v2\/types\/product"}],"wp:featuredmedia":[{"embeddable":true,"href":"https:\/\/ceoparts.com\/tr\/wp-json\/wp\/v2\/media\/15067"}],"wp:attachment":[{"href":"https:\/\/ceoparts.com\/tr\/wp-json\/wp\/v2\/media?parent=12077"}],"wp:term":[{"taxonomy":"product_brand","embeddable":true,"href":"https:\/\/ceoparts.com\/tr\/wp-json\/wp\/v2\/product_brand?post=12077"},{"taxonomy":"product_cat","embeddable":true,"href":"https:\/\/ceoparts.com\/tr\/wp-json\/wp\/v2\/product_cat?post=12077"},{"taxonomy":"product_tag","embeddable":true,"href":"https:\/\/ceoparts.com\/tr\/wp-json\/wp\/v2\/product_tag?post=12077"}],"curies":[{"name":"wp","href":"https:\/\/api.w.org\/{rel}","templated":true}]}}