{"id":12085,"date":"2024-12-27T09:48:42","date_gmt":"2024-12-27T06:48:42","guid":{"rendered":"https:\/\/ceoparts.com\/?post_type=product&#038;p=12085"},"modified":"2026-05-17T00:08:59","modified_gmt":"2026-05-16T21:08:59","slug":"39-x-16-mm-ere-120-catal-mekanizma-burcu-51450582","status":"publish","type":"product","link":"https:\/\/ceoparts.com\/tr\/urun\/39-x-16-mm-ere-120-catal-mekanizma-burcu-51450582\/","title":{"rendered":"39&#215;16 mm ERE 120 \u00c7atal Mekanizma Bur\u00e7 &#8211; 51450582"},"content":{"rendered":"<p>39&#215;16 mm ERE 120 \u00c7atal Mekanizma Bur\u00e7 &#8211; 51450582<\/p>\n<p>Jungheinrich 51450582<\/p>\n<p>ERC 215a 11.12 &#8211;<br \/>\nERE 120 \/ 125 \/ 225 10.16 &#8211;<br \/>\nERE 120 \/ 125 \/ 225 (ABD) 10.16 &#8211;<br \/>\nEJE 114 \/ 116 \/ 118 \/ 120 3.18 &#8211;<br \/>\nEJE 120 ABD 3.18 &#8211;<br \/>\nPW23P 3.18 &#8211;<br \/>\n2WP4500 3,18 &#8211;<br \/>\nEJE 222\/225 8,18 &#8211;<br \/>\nEJE 225 (ABD) 8,18 &#8211;<br \/>\nPW30P 8,18 &#8211;<br \/>\n2WP6000 8,18 &#8211;<br \/>\nEJE C20 9,18 &#8211;<br \/>\nEJE C20 (ABD) 9,18 &#8211;<br \/>\nEJE 114-120 fvz 8.19 &#8211;<br \/>\nEJE 230-235 2.20 &#8211;<br \/>\nERE 225i 10.21 &#8211;<br \/>\nERE 225i (ABD) 10.21 &#8211;<\/p>","protected":false},"excerpt":{"rendered":"<p data-start=\"0\" data-end=\"418\"><br data-start=\"5\" data-end=\"8\" \/>39\u00d716 mm ERE 120 \u00c7atal Mekanizma Burcu, forklift ve istif makinelerinin ERE 120 model \u00e7atal mekanizmas\u0131nda hareketli par\u00e7alar\u0131n mil ba\u011flant\u0131s\u0131n\u0131 desteklemek ve a\u015f\u0131nmay\u0131 \u00f6nlemek i\u00e7in kullan\u0131lan dayan\u0131kl\u0131 ve \u00f6zel tasarlanm\u0131\u015f bir bur\u00e7 par\u00e7as\u0131d\u0131r. Y\u00fcksek kaliteli \u00e7elikten imal edilmi\u015ftir. S\u00fcrt\u00fcnme ve darbeye kar\u015f\u0131 y\u00fcksek diren\u00e7 sa\u011flayarak \u00e7atal mekanizmas\u0131n\u0131n dengeli, sessiz ve g\u00fcvenli \u00e7al\u0131\u015fmas\u0131n\u0131 garanti eder.<\/p>\n<p data-start=\"420\" data-end=\"746\"><strong data-start=\"420\" data-end=\"435\">\u00d6zellikler:<\/strong><br data-start=\"435\" data-end=\"438\" \/><strong data-start=\"438\" data-end=\"451\">\u00dcr\u00fcn Ad\u0131:<\/strong> 39\u00d716 mm ERE 120 \u00c7atal Mekanizma Burcu<br data-start=\"490\" data-end=\"493\" \/><strong data-start=\"493\" data-end=\"508\">Par\u00e7a Kodu:<\/strong> 51450582<br data-start=\"517\" data-end=\"520\" \/><strong data-start=\"520\" data-end=\"532\">Malzeme:<\/strong> Y\u00fcksek dayan\u0131ml\u0131 \u00e7elik<br data-start=\"555\" data-end=\"558\" \/><strong data-start=\"558\" data-end=\"577\">Kullan\u0131m Alan\u0131:<\/strong> ERE 120 model forklift ve istif makineleri \u00e7atal mekanizmas\u0131 ba\u011flant\u0131lar\u0131<br data-start=\"651\" data-end=\"654\" \/><strong data-start=\"654\" data-end=\"666\">Avantaj:<\/strong> A\u015f\u0131nma ve darbeye dayan\u0131kl\u0131 yap\u0131, uzun servis \u00f6mr\u00fc, sessiz ve dengeli \u00e7al\u0131\u015fma<\/p>\n<p data-start=\"748\" data-end=\"1123\">\n","protected":false},"featured_media":12263,"template":"","meta":[],"product_brand":[],"product_cat":[441,464,465],"product_tag":[],"class_list":{"0":"post-12085","1":"product","2":"type-product","3":"status-publish","4":"has-post-thumbnail","6":"product_cat-yedek-parca","7":"product_cat-burc-ve-mill-grubu","8":"product_cat-catal-burclari","10":"first","11":"instock","12":"taxable","13":"shipping-taxable","14":"purchasable","15":"product-type-simple"},"_links":{"self":[{"href":"https:\/\/ceoparts.com\/tr\/wp-json\/wp\/v2\/product\/12085","targetHints":{"allow":["GET"]}}],"collection":[{"href":"https:\/\/ceoparts.com\/tr\/wp-json\/wp\/v2\/product"}],"about":[{"href":"https:\/\/ceoparts.com\/tr\/wp-json\/wp\/v2\/types\/product"}],"wp:featuredmedia":[{"embeddable":true,"href":"https:\/\/ceoparts.com\/tr\/wp-json\/wp\/v2\/media\/12263"}],"wp:attachment":[{"href":"https:\/\/ceoparts.com\/tr\/wp-json\/wp\/v2\/media?parent=12085"}],"wp:term":[{"taxonomy":"product_brand","embeddable":true,"href":"https:\/\/ceoparts.com\/tr\/wp-json\/wp\/v2\/product_brand?post=12085"},{"taxonomy":"product_cat","embeddable":true,"href":"https:\/\/ceoparts.com\/tr\/wp-json\/wp\/v2\/product_cat?post=12085"},{"taxonomy":"product_tag","embeddable":true,"href":"https:\/\/ceoparts.com\/tr\/wp-json\/wp\/v2\/product_tag?post=12085"}],"curies":[{"name":"wp","href":"https:\/\/api.w.org\/{rel}","templated":true}]}}