{"id":12152,"date":"2024-12-27T14:19:08","date_gmt":"2024-12-27T11:19:08","guid":{"rendered":"https:\/\/ceoparts.com\/?post_type=product&#038;p=12152"},"modified":"2026-05-16T15:29:53","modified_gmt":"2026-05-16T12:29:53","slug":"m12-denge-teker-burcu","status":"publish","type":"product","link":"https:\/\/ceoparts.com\/tr\/urun\/m12-denge-teker-burcu\/","title":{"rendered":"M12 Denge Teker Burcu"},"content":{"rendered":"<p>M12 Denge Teker Burcu<\/p>","protected":false},"excerpt":{"rendered":"<p data-start=\"0\" data-end=\"322\"><br data-start=\"5\" data-end=\"8\" \/>M12 Denge Teker Burcu, forklift ve istif makinelerinde denge tekerleklerinin mil ba\u011flant\u0131s\u0131n\u0131 destekleyen, darbelere ve a\u015f\u0131nmaya kar\u015f\u0131 dayan\u0131kl\u0131 bir bur\u00e7 par\u00e7as\u0131d\u0131r. Y\u00fcksek kaliteli \u00e7elik ve y\u00fczey sertle\u015ftirme i\u015flemiyle \u00fcretilmi\u015ftir. Denge sisteminin stabil \u00e7al\u0131\u015fmas\u0131n\u0131 sa\u011flar ve ekipman\u0131n kullan\u0131m \u00f6mr\u00fcn\u00fc art\u0131r\u0131r.<\/p>\n<p data-start=\"324\" data-end=\"581\"><strong data-start=\"324\" data-end=\"339\">\u00d6zellikler:<\/strong><br data-start=\"339\" data-end=\"342\" \/><strong data-start=\"342\" data-end=\"355\">\u00dcr\u00fcn Ad\u0131:<\/strong> M12 Denge Teker Burcu<br data-start=\"377\" data-end=\"380\" \/><strong data-start=\"380\" data-end=\"395\">Par\u00e7a Kodu:<\/strong> &#8211;<br data-start=\"397\" data-end=\"400\" \/><strong data-start=\"400\" data-end=\"412\">Malzeme:<\/strong> Y\u00fcksek dayan\u0131ml\u0131 \u00e7elik<br data-start=\"435\" data-end=\"438\" \/><strong data-start=\"438\" data-end=\"457\">Kullan\u0131m Alan\u0131:<\/strong> Forklift ve istif makinelerinin denge tekerlekleri<br data-start=\"508\" data-end=\"511\" \/><strong data-start=\"511\" data-end=\"523\">Avantaj:<\/strong> Darbeye ve a\u015f\u0131nmaya diren\u00e7li yap\u0131, uzun \u00f6m\u00fcrl\u00fc kullan\u0131m<\/p>\n<p data-start=\"583\" data-end=\"860\">\n","protected":false},"featured_media":12304,"template":"","meta":[],"product_brand":[],"product_cat":[464,466,441],"product_tag":[],"class_list":{"0":"post-12152","1":"product","2":"type-product","3":"status-publish","4":"has-post-thumbnail","6":"product_cat-burc-ve-mill-grubu","7":"product_cat-denge-teker-burcu","8":"product_cat-yedek-parca","10":"first","11":"instock","12":"taxable","13":"shipping-taxable","14":"purchasable","15":"product-type-simple"},"_links":{"self":[{"href":"https:\/\/ceoparts.com\/tr\/wp-json\/wp\/v2\/product\/12152","targetHints":{"allow":["GET"]}}],"collection":[{"href":"https:\/\/ceoparts.com\/tr\/wp-json\/wp\/v2\/product"}],"about":[{"href":"https:\/\/ceoparts.com\/tr\/wp-json\/wp\/v2\/types\/product"}],"wp:featuredmedia":[{"embeddable":true,"href":"https:\/\/ceoparts.com\/tr\/wp-json\/wp\/v2\/media\/12304"}],"wp:attachment":[{"href":"https:\/\/ceoparts.com\/tr\/wp-json\/wp\/v2\/media?parent=12152"}],"wp:term":[{"taxonomy":"product_brand","embeddable":true,"href":"https:\/\/ceoparts.com\/tr\/wp-json\/wp\/v2\/product_brand?post=12152"},{"taxonomy":"product_cat","embeddable":true,"href":"https:\/\/ceoparts.com\/tr\/wp-json\/wp\/v2\/product_cat?post=12152"},{"taxonomy":"product_tag","embeddable":true,"href":"https:\/\/ceoparts.com\/tr\/wp-json\/wp\/v2\/product_tag?post=12152"}],"curies":[{"name":"wp","href":"https:\/\/api.w.org\/{rel}","templated":true}]}}