{"id":12169,"date":"2024-12-27T15:01:09","date_gmt":"2024-12-27T12:01:09","guid":{"rendered":"https:\/\/ceoparts.com\/?post_type=product&#038;p=12169"},"modified":"2026-05-16T18:46:26","modified_gmt":"2026-05-16T15:46:26","slug":"20x170-mm-jungheinrich-mil-51023795","status":"publish","type":"product","link":"https:\/\/ceoparts.com\/tr\/urun\/20x170-mm-jungheinrich-mil-51023795\/","title":{"rendered":"20&#215;170 mm Jungheinrich ERE 120 Mil &#8211; 51023795"},"content":{"rendered":"<p>20&#215;170 mm Jungheinrich ERE 120 Mil &#8211; 51023795<\/p>","protected":false},"excerpt":{"rendered":"<p data-start=\"0\" data-end=\"360\"><br data-start=\"5\" data-end=\"8\" \/>20\u00d7170 mm Jungheinrich ERE 120 Mil, forklift ve istif makinelerinde d\u00f6nen ve hareket eden par\u00e7alar\u0131n desteklenmesi ve g\u00fc\u00e7 iletimi i\u00e7in kullan\u0131lan dayan\u0131kl\u0131 bir mil par\u00e7as\u0131d\u0131r. Y\u00fcksek kaliteli \u00e7elikten imal edilmi\u015f olup, Jungheinrich ERE 120 modelleri i\u00e7in \u00f6zel olarak tasarlanm\u0131\u015ft\u0131r. A\u015f\u0131nmaya kar\u015f\u0131 diren\u00e7lidir ve ekipman\u0131n sorunsuz \u00e7al\u0131\u015fmas\u0131n\u0131 sa\u011flar.<\/p>\n<p data-start=\"362\" data-end=\"675\"><strong data-start=\"362\" data-end=\"377\">\u00d6zellikler:<\/strong><br data-start=\"377\" data-end=\"380\" \/><strong data-start=\"380\" data-end=\"393\">\u00dcr\u00fcn Ad\u0131:<\/strong> 20\u00d7170 mm Jungheinrich ERE 120 Mil<br data-start=\"428\" data-end=\"431\" \/><strong data-start=\"431\" data-end=\"446\">Par\u00e7a Kodu:<\/strong> 51023795<br data-start=\"455\" data-end=\"458\" \/><strong data-start=\"458\" data-end=\"470\">Malzeme:<\/strong> Y\u00fcksek dayan\u0131ml\u0131 \u00e7elik<br data-start=\"493\" data-end=\"496\" \/><strong data-start=\"496\" data-end=\"515\">Kullan\u0131m Alan\u0131:<\/strong> Jungheinrich ERE 120 forklift ve istif makinelerinin d\u00f6nen bile\u015fenleri<br data-start=\"586\" data-end=\"589\" \/><strong data-start=\"589\" data-end=\"601\">Avantaj:<\/strong> Dayan\u0131kl\u0131 yap\u0131, y\u00fcksek mukavemet, a\u015f\u0131nmaya diren\u00e7, uzun \u00f6m\u00fcrl\u00fc kullan\u0131m<\/p>\n<p data-start=\"677\" data-end=\"988\">\n","protected":false},"featured_media":12346,"template":"","meta":[],"product_brand":[],"product_cat":[236,441,464,467,522],"product_tag":[],"class_list":{"0":"post-12169","1":"product","2":"type-product","3":"status-publish","4":"has-post-thumbnail","6":"product_cat-jungheinrich","7":"product_cat-yedek-parca","8":"product_cat-burc-ve-mill-grubu","9":"product_cat-mil-grubu","10":"product_cat-yedek-parca-jungheinrich","12":"first","13":"instock","14":"taxable","15":"shipping-taxable","16":"purchasable","17":"product-type-simple"},"_links":{"self":[{"href":"https:\/\/ceoparts.com\/tr\/wp-json\/wp\/v2\/product\/12169","targetHints":{"allow":["GET"]}}],"collection":[{"href":"https:\/\/ceoparts.com\/tr\/wp-json\/wp\/v2\/product"}],"about":[{"href":"https:\/\/ceoparts.com\/tr\/wp-json\/wp\/v2\/types\/product"}],"wp:featuredmedia":[{"embeddable":true,"href":"https:\/\/ceoparts.com\/tr\/wp-json\/wp\/v2\/media\/12346"}],"wp:attachment":[{"href":"https:\/\/ceoparts.com\/tr\/wp-json\/wp\/v2\/media?parent=12169"}],"wp:term":[{"taxonomy":"product_brand","embeddable":true,"href":"https:\/\/ceoparts.com\/tr\/wp-json\/wp\/v2\/product_brand?post=12169"},{"taxonomy":"product_cat","embeddable":true,"href":"https:\/\/ceoparts.com\/tr\/wp-json\/wp\/v2\/product_cat?post=12169"},{"taxonomy":"product_tag","embeddable":true,"href":"https:\/\/ceoparts.com\/tr\/wp-json\/wp\/v2\/product_tag?post=12169"}],"curies":[{"name":"wp","href":"https:\/\/api.w.org\/{rel}","templated":true}]}}