{"id":12233,"date":"2024-12-27T16:38:18","date_gmt":"2024-12-27T13:38:18","guid":{"rendered":"https:\/\/ceoparts.com\/?post_type=product&#038;p=12233"},"modified":"2026-05-16T12:15:54","modified_gmt":"2026-05-16T09:15:54","slug":"20x100-mm-bt-mil","status":"publish","type":"product","link":"https:\/\/ceoparts.com\/tr\/urun\/20x100-mm-bt-mil\/","title":{"rendered":"20&#215;100 mm BT Mil"},"content":{"rendered":"<p>20&#215;100 mm BT Mil<\/p>","protected":false},"excerpt":{"rendered":"<p data-start=\"73\" data-end=\"358\"><br data-start=\"78\" data-end=\"81\" \/>20\u00d7100 mm BT Mil, forklift ve istif makinelerinde d\u00f6nen ve hareket eden par\u00e7alar\u0131n desteklenmesi ve g\u00fc\u00e7 iletimi i\u00e7in kullan\u0131lan dayan\u0131kl\u0131 bir mil par\u00e7as\u0131d\u0131r. Y\u00fcksek kaliteli \u00e7elikten \u00fcretilmi\u015f olup, a\u015f\u0131nmaya kar\u015f\u0131 diren\u00e7lidir. Forklift sistemlerinin verimli \u00e7al\u0131\u015fmas\u0131n\u0131 sa\u011flar.<\/p>\n<p data-start=\"360\" data-end=\"630\"><strong data-start=\"360\" data-end=\"375\">\u00d6zellikler:<\/strong><br data-start=\"375\" data-end=\"378\" \/><strong data-start=\"378\" data-end=\"391\">\u00dcr\u00fcn Ad\u0131:<\/strong> 20\u00d7100 mm BT Mil<br data-start=\"408\" data-end=\"411\" \/><strong data-start=\"411\" data-end=\"426\">Par\u00e7a Kodu:<\/strong> &#8211;<br data-start=\"428\" data-end=\"431\" \/><strong data-start=\"431\" data-end=\"443\">Malzeme:<\/strong> Y\u00fcksek dayan\u0131ml\u0131 \u00e7elik<br data-start=\"466\" data-end=\"469\" \/><strong data-start=\"469\" data-end=\"488\">Kullan\u0131m Alan\u0131:<\/strong> BT forklift ve istif makinelerinin d\u00f6nen bile\u015fenleri<br data-start=\"541\" data-end=\"544\" \/><strong data-start=\"544\" data-end=\"556\">Avantaj:<\/strong> Dayan\u0131kl\u0131 yap\u0131, y\u00fcksek mukavemet, a\u015f\u0131nmaya diren\u00e7, uzun \u00f6m\u00fcrl\u00fc kullan\u0131m<\/p>\n<p data-start=\"632\" data-end=\"887\">\n","protected":false},"featured_media":12355,"template":"","meta":[],"product_brand":[],"product_cat":[251,441,464,467,518],"product_tag":[],"class_list":{"0":"post-12233","1":"product","2":"type-product","3":"status-publish","4":"has-post-thumbnail","6":"product_cat-bt","7":"product_cat-yedek-parca","8":"product_cat-burc-ve-mill-grubu","9":"product_cat-mil-grubu","10":"product_cat-yedek-parca-bt","12":"first","13":"instock","14":"taxable","15":"shipping-taxable","16":"purchasable","17":"product-type-simple"},"_links":{"self":[{"href":"https:\/\/ceoparts.com\/tr\/wp-json\/wp\/v2\/product\/12233","targetHints":{"allow":["GET"]}}],"collection":[{"href":"https:\/\/ceoparts.com\/tr\/wp-json\/wp\/v2\/product"}],"about":[{"href":"https:\/\/ceoparts.com\/tr\/wp-json\/wp\/v2\/types\/product"}],"wp:featuredmedia":[{"embeddable":true,"href":"https:\/\/ceoparts.com\/tr\/wp-json\/wp\/v2\/media\/12355"}],"wp:attachment":[{"href":"https:\/\/ceoparts.com\/tr\/wp-json\/wp\/v2\/media?parent=12233"}],"wp:term":[{"taxonomy":"product_brand","embeddable":true,"href":"https:\/\/ceoparts.com\/tr\/wp-json\/wp\/v2\/product_brand?post=12233"},{"taxonomy":"product_cat","embeddable":true,"href":"https:\/\/ceoparts.com\/tr\/wp-json\/wp\/v2\/product_cat?post=12233"},{"taxonomy":"product_tag","embeddable":true,"href":"https:\/\/ceoparts.com\/tr\/wp-json\/wp\/v2\/product_tag?post=12233"}],"curies":[{"name":"wp","href":"https:\/\/api.w.org\/{rel}","templated":true}]}}