{"id":12242,"date":"2024-12-27T17:28:50","date_gmt":"2024-12-27T14:28:50","guid":{"rendered":"https:\/\/ceoparts.com\/?post_type=product&#038;p=12242"},"modified":"2026-05-03T01:06:36","modified_gmt":"2026-05-02T22:06:36","slug":"20x125-mm-mil","status":"publish","type":"product","link":"https:\/\/ceoparts.com\/tr\/urun\/20x125-mm-mil\/","title":{"rendered":"20&#215;125 mm Mil &#8211;  51023801"},"content":{"rendered":"<p>20&#215;125 mm Mil &#8211;  51023801<\/p>","protected":false},"excerpt":{"rendered":"<p data-start=\"73\" data-end=\"358\"><br data-start=\"78\" data-end=\"81\" \/>20\u00d7125 mm Mil, forklift ve istif makinelerinde d\u00f6nen ve hareket eden par\u00e7alar\u0131n desteklenmesi ve g\u00fc\u00e7 iletimi i\u00e7in kullan\u0131lan dayan\u0131kl\u0131 bir mil par\u00e7as\u0131d\u0131r. Y\u00fcksek kaliteli \u00e7elikten imal edilmi\u015ftir ve a\u015f\u0131nmaya kar\u015f\u0131 diren\u00e7lidir. Forklift sistemlerinin verimli \u00e7al\u0131\u015fmas\u0131n\u0131 sa\u011flar.<\/p>\n<p data-start=\"360\" data-end=\"631\"><strong data-start=\"360\" data-end=\"375\">\u00d6zellikler:<\/strong><br data-start=\"375\" data-end=\"378\" \/><strong data-start=\"378\" data-end=\"391\">\u00dcr\u00fcn Ad\u0131:<\/strong> 20\u00d7125 mm Mil<br data-start=\"405\" data-end=\"408\" \/><strong data-start=\"408\" data-end=\"423\">Par\u00e7a Kodu:<\/strong> 51023801<br data-start=\"432\" data-end=\"435\" \/><strong data-start=\"435\" data-end=\"447\">Malzeme:<\/strong> Y\u00fcksek dayan\u0131ml\u0131 \u00e7elik<br data-start=\"470\" data-end=\"473\" \/><strong data-start=\"473\" data-end=\"492\">Kullan\u0131m Alan\u0131:<\/strong> Forklift ve istif makinelerinin d\u00f6nen bile\u015fenleri<br data-start=\"542\" data-end=\"545\" \/><strong data-start=\"545\" data-end=\"557\">Avantaj:<\/strong> Dayan\u0131kl\u0131 yap\u0131, y\u00fcksek mukavemet, a\u015f\u0131nmaya diren\u00e7, uzun \u00f6m\u00fcrl\u00fc kullan\u0131m<\/p>\n<p data-start=\"633\" data-end=\"885\">\n","protected":false},"featured_media":12349,"template":"","meta":[],"product_brand":[],"product_cat":[467,441,464],"product_tag":[],"class_list":{"0":"post-12242","1":"product","2":"type-product","3":"status-publish","4":"has-post-thumbnail","6":"product_cat-mil-grubu","7":"product_cat-yedek-parca","8":"product_cat-burc-ve-mill-grubu","10":"first","11":"instock","12":"taxable","13":"shipping-taxable","14":"purchasable","15":"product-type-simple"},"_links":{"self":[{"href":"https:\/\/ceoparts.com\/tr\/wp-json\/wp\/v2\/product\/12242","targetHints":{"allow":["GET"]}}],"collection":[{"href":"https:\/\/ceoparts.com\/tr\/wp-json\/wp\/v2\/product"}],"about":[{"href":"https:\/\/ceoparts.com\/tr\/wp-json\/wp\/v2\/types\/product"}],"wp:featuredmedia":[{"embeddable":true,"href":"https:\/\/ceoparts.com\/tr\/wp-json\/wp\/v2\/media\/12349"}],"wp:attachment":[{"href":"https:\/\/ceoparts.com\/tr\/wp-json\/wp\/v2\/media?parent=12242"}],"wp:term":[{"taxonomy":"product_brand","embeddable":true,"href":"https:\/\/ceoparts.com\/tr\/wp-json\/wp\/v2\/product_brand?post=12242"},{"taxonomy":"product_cat","embeddable":true,"href":"https:\/\/ceoparts.com\/tr\/wp-json\/wp\/v2\/product_cat?post=12242"},{"taxonomy":"product_tag","embeddable":true,"href":"https:\/\/ceoparts.com\/tr\/wp-json\/wp\/v2\/product_tag?post=12242"}],"curies":[{"name":"wp","href":"https:\/\/api.w.org\/{rel}","templated":true}]}}