{"id":12250,"date":"2024-12-27T17:51:18","date_gmt":"2024-12-27T14:51:18","guid":{"rendered":"https:\/\/ceoparts.com\/?post_type=product&#038;p=12250"},"modified":"2026-05-16T20:06:32","modified_gmt":"2026-05-16T17:06:32","slug":"125x50-60-20-denge-teker-burc","status":"publish","type":"product","link":"https:\/\/ceoparts.com\/tr\/urun\/125x50-60-20-denge-teker-burc\/","title":{"rendered":"125&#215;50\/60-20 Denge Teker Bur\u00e7"},"content":{"rendered":"<p>125&#215;50\/60-20 Denge Teker Bur\u00e7<\/p>","protected":false},"excerpt":{"rendered":"<p data-start=\"74\" data-end=\"368\"><br data-start=\"79\" data-end=\"82\" \/>125\u00d750\/60-20 Denge Teker Bur\u00e7, forklift ve istif makinelerinde denge tekerleklerinin miline sa\u011flam ve stabil destek sa\u011flayan dayan\u0131kl\u0131 bir bur\u00e7 par\u00e7as\u0131d\u0131r. Y\u00fcksek kaliteli malzemeden \u00fcretilmi\u015f olup, a\u015f\u0131nmaya ve darbeye kar\u015f\u0131 diren\u00e7lidir. Forkliftin denge ve s\u00fcr\u00fc\u015f performans\u0131n\u0131 art\u0131r\u0131r.<\/p>\n<p data-start=\"370\" data-end=\"656\"><strong data-start=\"370\" data-end=\"385\">\u00d6zellikler:<\/strong><br data-start=\"385\" data-end=\"388\" \/><strong data-start=\"388\" data-end=\"401\">\u00dcr\u00fcn Ad\u0131:<\/strong> 125\u00d750\/60-20 Denge Teker Bur\u00e7<br data-start=\"431\" data-end=\"434\" \/><strong data-start=\"434\" data-end=\"449\">Par\u00e7a Kodu:<\/strong> &#8211;<br data-start=\"451\" data-end=\"454\" \/><strong data-start=\"454\" data-end=\"466\">Malzeme:<\/strong> Dayan\u0131kl\u0131 metal ala\u015f\u0131m<br data-start=\"489\" data-end=\"492\" \/><strong data-start=\"492\" data-end=\"511\">Kullan\u0131m Alan\u0131:<\/strong> Forklift ve istif makinelerinin denge tekerlekleri<br data-start=\"562\" data-end=\"565\" \/><strong data-start=\"565\" data-end=\"577\">Avantaj:<\/strong> Sa\u011flam yap\u0131, a\u015f\u0131nma direnci, uzun \u00f6m\u00fcrl\u00fc kullan\u0131m, darbelere kar\u015f\u0131 dayan\u0131kl\u0131<\/p>\n<p data-start=\"658\" data-end=\"952\">\n","protected":false},"featured_media":12318,"template":"","meta":[],"product_brand":[],"product_cat":[441,464,466],"product_tag":[],"class_list":{"0":"post-12250","1":"product","2":"type-product","3":"status-publish","4":"has-post-thumbnail","6":"product_cat-yedek-parca","7":"product_cat-burc-ve-mill-grubu","8":"product_cat-denge-teker-burcu","10":"first","11":"instock","12":"taxable","13":"shipping-taxable","14":"purchasable","15":"product-type-simple"},"_links":{"self":[{"href":"https:\/\/ceoparts.com\/tr\/wp-json\/wp\/v2\/product\/12250","targetHints":{"allow":["GET"]}}],"collection":[{"href":"https:\/\/ceoparts.com\/tr\/wp-json\/wp\/v2\/product"}],"about":[{"href":"https:\/\/ceoparts.com\/tr\/wp-json\/wp\/v2\/types\/product"}],"wp:featuredmedia":[{"embeddable":true,"href":"https:\/\/ceoparts.com\/tr\/wp-json\/wp\/v2\/media\/12318"}],"wp:attachment":[{"href":"https:\/\/ceoparts.com\/tr\/wp-json\/wp\/v2\/media?parent=12250"}],"wp:term":[{"taxonomy":"product_brand","embeddable":true,"href":"https:\/\/ceoparts.com\/tr\/wp-json\/wp\/v2\/product_brand?post=12250"},{"taxonomy":"product_cat","embeddable":true,"href":"https:\/\/ceoparts.com\/tr\/wp-json\/wp\/v2\/product_cat?post=12250"},{"taxonomy":"product_tag","embeddable":true,"href":"https:\/\/ceoparts.com\/tr\/wp-json\/wp\/v2\/product_tag?post=12250"}],"curies":[{"name":"wp","href":"https:\/\/api.w.org\/{rel}","templated":true}]}}