{"id":12375,"date":"2024-12-28T13:32:51","date_gmt":"2024-12-28T10:32:51","guid":{"rendered":"https:\/\/ceoparts.com\/?post_type=product&#038;p=12375"},"modified":"2026-05-16T11:45:51","modified_gmt":"2026-05-16T08:45:51","slug":"20x154-mm-mil","status":"publish","type":"product","link":"https:\/\/ceoparts.com\/tr\/urun\/20x154-mm-mil\/","title":{"rendered":"20&#215;154 mm Mil"},"content":{"rendered":"<p>20&#215;154 mm Mil<\/p>","protected":false},"excerpt":{"rendered":"<p data-start=\"80\" data-end=\"386\"><br data-start=\"85\" data-end=\"88\" \/>20\u00d7154 mm Mil, forklift ve istif makinelerinde \u00e7e\u015fitli hareketli ve d\u00f6nen par\u00e7alar\u0131n desteklenmesi ve g\u00fc\u00e7 iletimi i\u00e7in kullan\u0131lan dayan\u0131kl\u0131 bir mil par\u00e7as\u0131d\u0131r. Y\u00fcksek kaliteli \u00e7elikten \u00fcretilmi\u015f olup, a\u015f\u0131nmaya ve mekanik y\u00fcklere kar\u015f\u0131 diren\u00e7lidir. Forklift sistemlerinin verimli \u00e7al\u0131\u015fmas\u0131n\u0131 sa\u011flar.<\/p>\n<p data-start=\"388\" data-end=\"662\"><strong data-start=\"388\" data-end=\"403\">\u00d6zellikler:<\/strong><br data-start=\"403\" data-end=\"406\" \/><strong data-start=\"406\" data-end=\"419\">\u00dcr\u00fcn Ad\u0131:<\/strong> 20\u00d7154 mm Mil<br data-start=\"433\" data-end=\"436\" \/><strong data-start=\"436\" data-end=\"451\">Par\u00e7a Kodu:<\/strong> &#8211;<br data-start=\"453\" data-end=\"456\" \/><strong data-start=\"456\" data-end=\"468\">Malzeme:<\/strong> Y\u00fcksek dayan\u0131ml\u0131 \u00e7elik<br data-start=\"491\" data-end=\"494\" \/><strong data-start=\"494\" data-end=\"513\">Kullan\u0131m Alan\u0131:<\/strong> Forklift ve istif makinelerinin hareketli bile\u015fenleri<br data-start=\"567\" data-end=\"570\" \/><strong data-start=\"570\" data-end=\"582\">Avantaj:<\/strong> Dayan\u0131kl\u0131 yap\u0131, y\u00fcksek mukavemet, a\u015f\u0131nmaya kar\u015f\u0131 diren\u00e7, uzun \u00f6m\u00fcrl\u00fc kullan\u0131m<\/p>\n<p data-start=\"664\" data-end=\"946\">\n","protected":false},"featured_media":12377,"template":"","meta":[],"product_brand":[],"product_cat":[441,464,467],"product_tag":[],"class_list":{"0":"post-12375","1":"product","2":"type-product","3":"status-publish","4":"has-post-thumbnail","6":"product_cat-yedek-parca","7":"product_cat-burc-ve-mill-grubu","8":"product_cat-mil-grubu","10":"first","11":"instock","12":"taxable","13":"shipping-taxable","14":"purchasable","15":"product-type-simple"},"_links":{"self":[{"href":"https:\/\/ceoparts.com\/tr\/wp-json\/wp\/v2\/product\/12375","targetHints":{"allow":["GET"]}}],"collection":[{"href":"https:\/\/ceoparts.com\/tr\/wp-json\/wp\/v2\/product"}],"about":[{"href":"https:\/\/ceoparts.com\/tr\/wp-json\/wp\/v2\/types\/product"}],"wp:featuredmedia":[{"embeddable":true,"href":"https:\/\/ceoparts.com\/tr\/wp-json\/wp\/v2\/media\/12377"}],"wp:attachment":[{"href":"https:\/\/ceoparts.com\/tr\/wp-json\/wp\/v2\/media?parent=12375"}],"wp:term":[{"taxonomy":"product_brand","embeddable":true,"href":"https:\/\/ceoparts.com\/tr\/wp-json\/wp\/v2\/product_brand?post=12375"},{"taxonomy":"product_cat","embeddable":true,"href":"https:\/\/ceoparts.com\/tr\/wp-json\/wp\/v2\/product_cat?post=12375"},{"taxonomy":"product_tag","embeddable":true,"href":"https:\/\/ceoparts.com\/tr\/wp-json\/wp\/v2\/product_tag?post=12375"}],"curies":[{"name":"wp","href":"https:\/\/api.w.org\/{rel}","templated":true}]}}