{"id":12383,"date":"2024-12-28T13:48:13","date_gmt":"2024-12-28T10:48:13","guid":{"rendered":"https:\/\/ceoparts.com\/?post_type=product&#038;p=12383"},"modified":"2026-05-16T15:14:43","modified_gmt":"2026-05-16T12:14:43","slug":"yale-mpc15-yuruyus-tekeri-mili-12906504-582128074","status":"publish","type":"product","link":"https:\/\/ceoparts.com\/tr\/urun\/yale-mpc15-yuruyus-tekeri-mili-12906504-582128074\/","title":{"rendered":"Yale MPC15 Y\u00fcr\u00fcy\u00fc\u015f Tekeri Mili &#8211; 12906504 , 582128074"},"content":{"rendered":"<p>Yale MPC15 Y\u00fcr\u00fcy\u00fc\u015f Tekeri Mili &#8211; 12906504 , 582128074<\/p>","protected":false},"excerpt":{"rendered":"<p data-start=\"77\" data-end=\"401\"><br data-start=\"82\" data-end=\"85\" \/>Yale MPC15 Y\u00fcr\u00fcy\u00fc\u015f Tekeri Mili, forklift ve istif makinelerinde y\u00fcr\u00fcy\u00fc\u015f tekerleklerinin do\u011fru ve stabil bir \u015fekilde d\u00f6nmesini sa\u011flayan dayan\u0131kl\u0131 bir mil par\u00e7as\u0131d\u0131r. Y\u00fcksek kaliteli \u00e7elikten \u00fcretilmi\u015f olup, a\u015f\u0131nmaya ve mekanik y\u00fcklere kar\u015f\u0131 diren\u00e7lidir. Forkliftin performans\u0131n\u0131 art\u0131r\u0131r ve uzun \u00f6m\u00fcrl\u00fc kullan\u0131m sunar.<\/p>\n<p data-start=\"403\" data-end=\"705\"><strong data-start=\"403\" data-end=\"418\">\u00d6zellikler:<\/strong><br data-start=\"418\" data-end=\"421\" \/><strong data-start=\"421\" data-end=\"434\">\u00dcr\u00fcn Ad\u0131:<\/strong> Yale MPC15 Y\u00fcr\u00fcy\u00fc\u015f Tekeri Mili<br data-start=\"465\" data-end=\"468\" \/><strong data-start=\"468\" data-end=\"483\">Par\u00e7a Kodu:<\/strong> 12906504, 582128074<br data-start=\"503\" data-end=\"506\" \/><strong data-start=\"506\" data-end=\"518\">Malzeme:<\/strong> Y\u00fcksek dayan\u0131ml\u0131 \u00e7elik<br data-start=\"541\" data-end=\"544\" \/><strong data-start=\"544\" data-end=\"563\">Kullan\u0131m Alan\u0131:<\/strong> Yale MPC15 model forklift y\u00fcr\u00fcy\u00fc\u015f tekerlekleri<br data-start=\"610\" data-end=\"613\" \/><strong data-start=\"613\" data-end=\"625\">Avantaj:<\/strong> Dayan\u0131kl\u0131 yap\u0131, y\u00fcksek mukavemet, a\u015f\u0131nmaya kar\u015f\u0131 diren\u00e7, uzun \u00f6m\u00fcrl\u00fc kullan\u0131m<\/p>\n<p data-start=\"707\" data-end=\"1008\">\n","protected":false},"featured_media":12386,"template":"","meta":[],"product_brand":[],"product_cat":[441,464,467],"product_tag":[],"class_list":{"0":"post-12383","1":"product","2":"type-product","3":"status-publish","4":"has-post-thumbnail","6":"product_cat-yedek-parca","7":"product_cat-burc-ve-mill-grubu","8":"product_cat-mil-grubu","10":"first","11":"instock","12":"taxable","13":"shipping-taxable","14":"purchasable","15":"product-type-simple"},"_links":{"self":[{"href":"https:\/\/ceoparts.com\/tr\/wp-json\/wp\/v2\/product\/12383","targetHints":{"allow":["GET"]}}],"collection":[{"href":"https:\/\/ceoparts.com\/tr\/wp-json\/wp\/v2\/product"}],"about":[{"href":"https:\/\/ceoparts.com\/tr\/wp-json\/wp\/v2\/types\/product"}],"wp:featuredmedia":[{"embeddable":true,"href":"https:\/\/ceoparts.com\/tr\/wp-json\/wp\/v2\/media\/12386"}],"wp:attachment":[{"href":"https:\/\/ceoparts.com\/tr\/wp-json\/wp\/v2\/media?parent=12383"}],"wp:term":[{"taxonomy":"product_brand","embeddable":true,"href":"https:\/\/ceoparts.com\/tr\/wp-json\/wp\/v2\/product_brand?post=12383"},{"taxonomy":"product_cat","embeddable":true,"href":"https:\/\/ceoparts.com\/tr\/wp-json\/wp\/v2\/product_cat?post=12383"},{"taxonomy":"product_tag","embeddable":true,"href":"https:\/\/ceoparts.com\/tr\/wp-json\/wp\/v2\/product_tag?post=12383"}],"curies":[{"name":"wp","href":"https:\/\/api.w.org\/{rel}","templated":true}]}}