{"id":12394,"date":"2024-12-30T10:56:53","date_gmt":"2024-12-30T07:56:53","guid":{"rendered":"https:\/\/ceoparts.com\/?post_type=product&#038;p=12394"},"modified":"2026-05-16T19:46:49","modified_gmt":"2026-05-16T16:46:49","slug":"bt-h-ayak-245789","status":"publish","type":"product","link":"https:\/\/ceoparts.com\/tr\/urun\/bt-h-ayak-245789\/","title":{"rendered":"BT Toyota  H Ayak &#8211; 245789"},"content":{"rendered":"<p>BT Toyota  H Ayak &#8211; 245789<\/p>\n<p>76&#215;17 &#8211; BT H &#8211; 245789<\/p>","protected":false},"excerpt":{"rendered":"<p data-start=\"80\" data-end=\"359\"><br data-start=\"85\" data-end=\"88\" \/>BT Toyota H Ayak, forkliftlerde denge ve destek sa\u011flamak i\u00e7in kullan\u0131lan sa\u011flam yap\u0131l\u0131 bir ayak par\u00e7as\u0131d\u0131r. Y\u00fck alt\u0131nda mekanizman\u0131n stabilitesini art\u0131r\u0131r ve titre\u015fimi azaltarak daha g\u00fcvenli \u00e7al\u0131\u015fma imkan\u0131 sunar. Y\u00fcksek kaliteli malzemeden \u00fcretilmi\u015ftir ve uzun \u00f6m\u00fcrl\u00fcd\u00fcr.<\/p>\n<p data-start=\"361\" data-end=\"635\"><strong data-start=\"361\" data-end=\"376\">\u00d6zellikler:<\/strong><br data-start=\"376\" data-end=\"379\" \/><strong data-start=\"379\" data-end=\"392\">\u00dcr\u00fcn Ad\u0131:<\/strong> BT Toyota H Ayak<br data-start=\"409\" data-end=\"412\" \/><strong data-start=\"412\" data-end=\"427\">Par\u00e7a Kodu:<\/strong> 245789<br data-start=\"434\" data-end=\"437\" \/><strong data-start=\"437\" data-end=\"449\">Malzeme:<\/strong> Dayan\u0131kl\u0131 \u00e7elik<br data-start=\"465\" data-end=\"468\" \/><strong data-start=\"468\" data-end=\"487\">Kullan\u0131m Alan\u0131:<\/strong> BT Toyota forkliftlerde denge ve destek noktalar\u0131<br data-start=\"537\" data-end=\"540\" \/><strong data-start=\"540\" data-end=\"552\">Avantaj:<\/strong> Y\u00fcksek dayan\u0131kl\u0131l\u0131k, stabilite art\u0131r\u0131c\u0131, titre\u015fim azalt\u0131c\u0131, uzun \u00f6m\u00fcrl\u00fc kullan\u0131m<\/p>\n<p data-start=\"637\" data-end=\"907\">\n","protected":false},"featured_media":12396,"template":"","meta":[],"product_brand":[],"product_cat":[521,531,251,406,407,410],"product_tag":[],"class_list":{"0":"post-12394","1":"product","2":"type-product","3":"status-publish","4":"has-post-thumbnail","6":"product_cat-toyota","7":"product_cat-mekanizmalar-toyota","8":"product_cat-bt","9":"product_cat-catal-mekanizma","10":"product_cat-bt-catal-mekanizmalari","11":"product_cat-catal-takim","13":"first","14":"instock","15":"taxable","16":"shipping-taxable","17":"purchasable","18":"product-type-simple"},"_links":{"self":[{"href":"https:\/\/ceoparts.com\/tr\/wp-json\/wp\/v2\/product\/12394","targetHints":{"allow":["GET"]}}],"collection":[{"href":"https:\/\/ceoparts.com\/tr\/wp-json\/wp\/v2\/product"}],"about":[{"href":"https:\/\/ceoparts.com\/tr\/wp-json\/wp\/v2\/types\/product"}],"wp:featuredmedia":[{"embeddable":true,"href":"https:\/\/ceoparts.com\/tr\/wp-json\/wp\/v2\/media\/12396"}],"wp:attachment":[{"href":"https:\/\/ceoparts.com\/tr\/wp-json\/wp\/v2\/media?parent=12394"}],"wp:term":[{"taxonomy":"product_brand","embeddable":true,"href":"https:\/\/ceoparts.com\/tr\/wp-json\/wp\/v2\/product_brand?post=12394"},{"taxonomy":"product_cat","embeddable":true,"href":"https:\/\/ceoparts.com\/tr\/wp-json\/wp\/v2\/product_cat?post=12394"},{"taxonomy":"product_tag","embeddable":true,"href":"https:\/\/ceoparts.com\/tr\/wp-json\/wp\/v2\/product_tag?post=12394"}],"curies":[{"name":"wp","href":"https:\/\/api.w.org\/{rel}","templated":true}]}}