{"id":12403,"date":"2024-12-30T11:14:36","date_gmt":"2024-12-30T08:14:36","guid":{"rendered":"https:\/\/ceoparts.com\/?post_type=product&#038;p=12403"},"modified":"2026-05-16T17:05:37","modified_gmt":"2026-05-16T14:05:37","slug":"hyster-denge-mekanizma-civatasi-ve-somunu","status":"publish","type":"product","link":"https:\/\/ceoparts.com\/tr\/urun\/hyster-denge-mekanizma-civatasi-ve-somunu\/","title":{"rendered":"Hyster Denge Mekanizma Civatas\u0131 ve Somunu"},"content":{"rendered":"<p>Hyster Denge Mekanizma Civatas\u0131 ve Somunu<\/p>","protected":false},"excerpt":{"rendered":"<p data-start=\"80\" data-end=\"432\"><br data-start=\"85\" data-end=\"88\" \/>Hyster Denge Mekanizma Civatas\u0131 ve Somunu, forkliftlerde denge mekanizmas\u0131n\u0131n g\u00fcvenli ve sa\u011flam \u015fekilde sabitlenmesi i\u00e7in kullan\u0131lan ba\u011flant\u0131 par\u00e7alar\u0131d\u0131r. Y\u00fcksek dayan\u0131ml\u0131 \u00e7elikten \u00fcretilmi\u015f olup, mekanizman\u0131n do\u011fru \u00e7al\u0131\u015fmas\u0131n\u0131 ve sistem stabilitesini sa\u011flar. Civata ve somun seti, kolay montaj imkan\u0131 sunar ve uzun \u00f6m\u00fcrl\u00fc performans g\u00f6sterir.<\/p>\n<p data-start=\"434\" data-end=\"726\"><strong data-start=\"434\" data-end=\"449\">\u00d6zellikler:<\/strong><br data-start=\"449\" data-end=\"452\" \/><strong data-start=\"452\" data-end=\"465\">\u00dcr\u00fcn Ad\u0131:<\/strong> Hyster Denge Mekanizma Civatas\u0131 ve Somunu<br data-start=\"507\" data-end=\"510\" \/><strong data-start=\"510\" data-end=\"525\">Par\u00e7a Kodu:<\/strong> &#8211;<br data-start=\"527\" data-end=\"530\" \/><strong data-start=\"530\" data-end=\"542\">Malzeme:<\/strong> Y\u00fcksek dayan\u0131ml\u0131 \u00e7elik<br data-start=\"565\" data-end=\"568\" \/><strong data-start=\"568\" data-end=\"587\">Kullan\u0131m Alan\u0131:<\/strong> Hyster forklift denge mekanizmalar\u0131 ba\u011flant\u0131lar\u0131<br data-start=\"636\" data-end=\"639\" \/><strong data-start=\"639\" data-end=\"651\">Avantaj:<\/strong> Y\u00fcksek mukavemet, kolay montaj, uzun \u00f6m\u00fcrl\u00fc kullan\u0131m, sistem stabilitesi<\/p>\n<p data-start=\"728\" data-end=\"1010\">\n","protected":false},"featured_media":12405,"template":"","meta":[],"product_brand":[],"product_cat":[256,464,467,520],"product_tag":[],"class_list":{"0":"post-12403","1":"product","2":"type-product","3":"status-publish","4":"has-post-thumbnail","6":"product_cat-hyster","7":"product_cat-burc-ve-mill-grubu","8":"product_cat-mil-grubu","9":"product_cat-yedek-parca-hyster","11":"first","12":"instock","13":"taxable","14":"shipping-taxable","15":"purchasable","16":"product-type-simple"},"_links":{"self":[{"href":"https:\/\/ceoparts.com\/tr\/wp-json\/wp\/v2\/product\/12403","targetHints":{"allow":["GET"]}}],"collection":[{"href":"https:\/\/ceoparts.com\/tr\/wp-json\/wp\/v2\/product"}],"about":[{"href":"https:\/\/ceoparts.com\/tr\/wp-json\/wp\/v2\/types\/product"}],"wp:featuredmedia":[{"embeddable":true,"href":"https:\/\/ceoparts.com\/tr\/wp-json\/wp\/v2\/media\/12405"}],"wp:attachment":[{"href":"https:\/\/ceoparts.com\/tr\/wp-json\/wp\/v2\/media?parent=12403"}],"wp:term":[{"taxonomy":"product_brand","embeddable":true,"href":"https:\/\/ceoparts.com\/tr\/wp-json\/wp\/v2\/product_brand?post=12403"},{"taxonomy":"product_cat","embeddable":true,"href":"https:\/\/ceoparts.com\/tr\/wp-json\/wp\/v2\/product_cat?post=12403"},{"taxonomy":"product_tag","embeddable":true,"href":"https:\/\/ceoparts.com\/tr\/wp-json\/wp\/v2\/product_tag?post=12403"}],"curies":[{"name":"wp","href":"https:\/\/api.w.org\/{rel}","templated":true}]}}