{"id":12424,"date":"2024-12-30T11:54:17","date_gmt":"2024-12-30T08:54:17","guid":{"rendered":"https:\/\/ceoparts.com\/?post_type=product&#038;p=12424"},"modified":"2026-05-16T15:10:16","modified_gmt":"2026-05-16T12:10:16","slug":"yarikli-pim-m-530","status":"publish","type":"product","link":"https:\/\/ceoparts.com\/tr\/urun\/yarikli-pim-m-530\/","title":{"rendered":"Yar\u0131kl\u0131 Pim M 5*30"},"content":{"rendered":"<p>Yar\u0131kl\u0131 Pim M 5*30<\/p>","protected":false},"excerpt":{"rendered":"<p data-start=\"99\" data-end=\"431\"><br data-start=\"104\" data-end=\"107\" \/>Yar\u0131kl\u0131 Pim M 5\u00d730, forklift ve i\u015f makinelerinde ba\u011flant\u0131 ve sabitleme i\u015flevi i\u00e7in kullan\u0131lan dayan\u0131kl\u0131 ve pratik bir ba\u011flant\u0131 eleman\u0131d\u0131r. \u00c7elik yap\u0131s\u0131 sayesinde y\u00fcksek mukavemet sunar. Kolay montaj ve s\u00f6kme imk\u00e2n\u0131 sa\u011flayan yar\u0131kl\u0131 yap\u0131s\u0131, \u00f6zellikle s\u0131k bak\u0131m veya par\u00e7a de\u011fi\u015fimi gereken b\u00f6lgelerde kullan\u0131m avantaj\u0131 sa\u011flar.<\/p>\n<p data-start=\"433\" data-end=\"691\"><strong data-start=\"433\" data-end=\"448\">\u00d6zellikler:<\/strong><br data-start=\"448\" data-end=\"451\" \/><strong data-start=\"451\" data-end=\"464\">\u00dcr\u00fcn Ad\u0131:<\/strong> Yar\u0131kl\u0131 Pim M 5\u00d730<br data-start=\"483\" data-end=\"486\" \/><strong data-start=\"486\" data-end=\"501\">Par\u00e7a Kodu:<\/strong> &#8211;<br data-start=\"503\" data-end=\"506\" \/><strong data-start=\"506\" data-end=\"518\">Malzeme:<\/strong> \u00c7elik<br data-start=\"524\" data-end=\"527\" \/><strong data-start=\"527\" data-end=\"546\">Kullan\u0131m Alan\u0131:<\/strong> Forklift, istif makineleri ve i\u015f makinelerinde ba\u011flant\u0131 noktalar\u0131<br data-start=\"612\" data-end=\"615\" \/><strong data-start=\"615\" data-end=\"627\">Avantaj:<\/strong> Y\u00fcksek mukavemet, kolay montaj ve s\u00f6kme, uzun \u00f6m\u00fcrl\u00fc kullan\u0131m<\/p>\n<p data-start=\"693\" data-end=\"1034\">\n","protected":false},"featured_media":12428,"template":"","meta":[],"product_brand":[],"product_cat":[467,464],"product_tag":[],"class_list":{"0":"post-12424","1":"product","2":"type-product","3":"status-publish","4":"has-post-thumbnail","6":"product_cat-mil-grubu","7":"product_cat-burc-ve-mill-grubu","9":"first","10":"instock","11":"taxable","12":"shipping-taxable","13":"purchasable","14":"product-type-simple"},"_links":{"self":[{"href":"https:\/\/ceoparts.com\/tr\/wp-json\/wp\/v2\/product\/12424","targetHints":{"allow":["GET"]}}],"collection":[{"href":"https:\/\/ceoparts.com\/tr\/wp-json\/wp\/v2\/product"}],"about":[{"href":"https:\/\/ceoparts.com\/tr\/wp-json\/wp\/v2\/types\/product"}],"wp:featuredmedia":[{"embeddable":true,"href":"https:\/\/ceoparts.com\/tr\/wp-json\/wp\/v2\/media\/12428"}],"wp:attachment":[{"href":"https:\/\/ceoparts.com\/tr\/wp-json\/wp\/v2\/media?parent=12424"}],"wp:term":[{"taxonomy":"product_brand","embeddable":true,"href":"https:\/\/ceoparts.com\/tr\/wp-json\/wp\/v2\/product_brand?post=12424"},{"taxonomy":"product_cat","embeddable":true,"href":"https:\/\/ceoparts.com\/tr\/wp-json\/wp\/v2\/product_cat?post=12424"},{"taxonomy":"product_tag","embeddable":true,"href":"https:\/\/ceoparts.com\/tr\/wp-json\/wp\/v2\/product_tag?post=12424"}],"curies":[{"name":"wp","href":"https:\/\/api.w.org\/{rel}","templated":true}]}}