{"id":12445,"date":"2025-01-03T14:44:28","date_gmt":"2025-01-03T11:44:28","guid":{"rendered":"https:\/\/ceoparts.com\/?post_type=product&#038;p=12445"},"modified":"2026-05-16T17:22:48","modified_gmt":"2026-05-16T14:22:48","slug":"85x95-97-25-wicke-yuk-tekeri-253072-7509449","status":"publish","type":"product","link":"https:\/\/ceoparts.com\/tr\/urun\/85x95-97-25-wicke-yuk-tekeri-253072-7509449\/","title":{"rendered":"85&#215;95\/97-25 Wicke Y\u00fck Tekeri &#8211; 253072 , 7509449"},"content":{"rendered":"<p>85&#215;95\/97-25 Wicke Y\u00fck Tekeri &#8211; 253072 , 7509449<\/p>\n<p>BT TOYOTA<\/p>\n<p>BT SWE 120L<\/p>\n<p>BT SWE 140L<\/p>\n<p>LPE220 \/ LPE250 \/ LWE200<\/p>","protected":false},"excerpt":{"rendered":"<p data-start=\"89\" data-end=\"402\"><br data-start=\"94\" data-end=\"97\" \/>Wicke 85\u00d795\/97-25 Y\u00fck Tekeri, forklift ve istif makinelerinde yo\u011fun y\u00fck alt\u0131nda g\u00fcvenilir performans sunan, y\u00fcksek kaliteli bir y\u00fck ta\u015f\u0131ma tekeridir. Kompakt yap\u0131s\u0131 sayesinde dar alanlarda kolay manevra olana\u011f\u0131 sa\u011flar. A\u015f\u0131nmaya kar\u015f\u0131 dayan\u0131kl\u0131 Vulkollan kaplamas\u0131 ile uzun \u00f6m\u00fcrl\u00fc ve sessiz kullan\u0131m sunar.<\/p>\n<p data-start=\"404\" data-end=\"740\"><strong data-start=\"404\" data-end=\"419\">\u00d6zellikler:<\/strong><br data-start=\"419\" data-end=\"422\" \/><strong data-start=\"422\" data-end=\"435\">\u00dcr\u00fcn Ad\u0131:<\/strong> Wicke 85\u00d795\/97-25 Y\u00fck Tekeri<br data-start=\"464\" data-end=\"467\" \/><strong data-start=\"467\" data-end=\"482\">Par\u00e7a Kodu:<\/strong> 253072, 7509449<br data-start=\"498\" data-end=\"501\" \/><strong data-start=\"501\" data-end=\"513\">Malzeme:<\/strong> Vulkollan kapl\u0131 d\u00f6k\u00fcm g\u00f6vde<br data-start=\"541\" data-end=\"544\" \/><strong data-start=\"544\" data-end=\"563\">Kullan\u0131m Alan\u0131:<\/strong> Forklift ve istif makineleri y\u00fck ta\u015f\u0131ma sistemleri<br data-start=\"614\" data-end=\"617\" \/><strong data-start=\"617\" data-end=\"629\">Avantaj:<\/strong> Y\u00fcksek ta\u015f\u0131ma kapasitesi, a\u015f\u0131nmaya diren\u00e7li yap\u0131, sessiz ve dengeli \u00e7al\u0131\u015fma, dar alanlarda manevra kolayl\u0131\u011f\u0131<\/p>\n<p data-start=\"742\" data-end=\"1032\">\n","protected":false},"featured_media":12449,"template":"","meta":[],"product_brand":[],"product_cat":[251,253,400,401,402,521,526],"product_tag":[],"class_list":{"0":"post-12445","1":"product","2":"type-product","3":"status-publish","4":"has-post-thumbnail","6":"product_cat-bt","7":"product_cat-catal-tekeri-bt","8":"product_cat-catal-tekeri","9":"product_cat-wicke","10":"product_cat-catal-tekeri-wicke","11":"product_cat-toyota","12":"product_cat-catal-tekeri-toyota","14":"first","15":"instock","16":"taxable","17":"shipping-taxable","18":"purchasable","19":"product-type-simple"},"_links":{"self":[{"href":"https:\/\/ceoparts.com\/tr\/wp-json\/wp\/v2\/product\/12445","targetHints":{"allow":["GET"]}}],"collection":[{"href":"https:\/\/ceoparts.com\/tr\/wp-json\/wp\/v2\/product"}],"about":[{"href":"https:\/\/ceoparts.com\/tr\/wp-json\/wp\/v2\/types\/product"}],"wp:featuredmedia":[{"embeddable":true,"href":"https:\/\/ceoparts.com\/tr\/wp-json\/wp\/v2\/media\/12449"}],"wp:attachment":[{"href":"https:\/\/ceoparts.com\/tr\/wp-json\/wp\/v2\/media?parent=12445"}],"wp:term":[{"taxonomy":"product_brand","embeddable":true,"href":"https:\/\/ceoparts.com\/tr\/wp-json\/wp\/v2\/product_brand?post=12445"},{"taxonomy":"product_cat","embeddable":true,"href":"https:\/\/ceoparts.com\/tr\/wp-json\/wp\/v2\/product_cat?post=12445"},{"taxonomy":"product_tag","embeddable":true,"href":"https:\/\/ceoparts.com\/tr\/wp-json\/wp\/v2\/product_tag?post=12445"}],"curies":[{"name":"wp","href":"https:\/\/api.w.org\/{rel}","templated":true}]}}