{"id":12450,"date":"2025-01-03T15:19:07","date_gmt":"2025-01-03T12:19:07","guid":{"rendered":"https:\/\/ceoparts.com\/?post_type=product&#038;p=12450"},"modified":"2026-05-03T05:05:50","modified_gmt":"2026-05-03T02:05:50","slug":"85x105-110-12-wicke-4401476-0039933604","status":"publish","type":"product","link":"https:\/\/ceoparts.com\/tr\/urun\/85x105-110-12-wicke-4401476-0039933604\/","title":{"rendered":"85&#215;105\/110-12 Wicke Y\u00fck Tekeri &#8211; 4401476 , 0039933604, 0039933649"},"content":{"rendered":"<p>85&#215;105\/110-12 Wicke Y\u00fck Tekeri &#8211; 4401476 , 0039933604, 0039933649<\/p>\n<p><\/p>\n<table border=\"0\" width=\"410\" cellspacing=\"0\" cellpadding=\"0\">\n<colgroup>\n<col width=\"95\" \/>\n<col width=\"315\" \/><\/colgroup>\n<tbody>\n<tr>\n<td class=\"xl65\" width=\"95\" height=\"20\"><span style=\"font-family: Calibri;\">1151<\/span><\/td>\n<td class=\"xl65\" width=\"315\"><span style=\"font-family: Calibri;\">T16\/T16P\/T20\/T20P<\/span><\/td>\n<\/tr>\n<tr>\n<td class=\"xl65\" height=\"20\"><span style=\"font-family: Calibri;\">1152<\/span><\/td>\n<td class=\"xl65\"><span style=\"font-family: Calibri;\">T16\/T18\/T20\/T16L<\/span><\/td>\n<\/tr>\n<tr>\n<td class=\"xl65\" height=\"20\"><span style=\"font-family: Calibri;\">1158<\/span><\/td>\n<td class=\"xl65\"><span style=\"font-family: Calibri;\">T20AP-04\/T20SP<\/span><\/td>\n<\/tr>\n<tr>\n<td class=\"xl65\" height=\"20\"><span style=\"font-family: Calibri;\">131<\/span><\/td>\n<td class=\"xl65\"><span style=\"font-family: Calibri;\">T20AP\/T20SP<\/span><\/td>\n<\/tr>\n<tr>\n<td class=\"xl65\" height=\"20\"><span style=\"font-family: Calibri;\">131<\/span><\/td>\n<td class=\"xl65\"><span style=\"font-family: Calibri;\">L14\/16AS<\/span><\/td>\n<\/tr>\n<tr>\n<td class=\"xl65\" height=\"20\"><span style=\"font-family: Calibri;\">132<\/span><\/td>\n<td class=\"xl65\"><span style=\"font-family: Calibri;\">N20\/N24\/N20L\/N20LI<\/span><\/td>\n<\/tr>\n<tr>\n<td class=\"xl65\" height=\"20\"><span style=\"font-family: Calibri;\">140<\/span><\/td>\n<td class=\"xl65\"><span style=\"font-family: Calibri;\">T20R<\/span><\/td>\n<\/tr>\n<tr>\n<td class=\"xl65\" height=\"20\"><span style=\"font-family: Calibri;\">140<\/span><\/td>\n<td class=\"xl65\"><span style=\"font-family: Calibri;\">T20R<\/span><\/td>\n<\/tr>\n<tr>\n<td class=\"xl65\" height=\"20\"><span style=\"font-family: Calibri;\">141<\/span><\/td>\n<td class=\"xl65\"><span style=\"font-family: Calibri;\">T20AP<\/span><\/td>\n<\/tr>\n<tr>\n<td class=\"xl65\" height=\"20\"><span style=\"font-family: Calibri;\">141<\/span><\/td>\n<td class=\"xl65\"><span style=\"font-family: Calibri;\">T20AP<\/span><\/td>\n<\/tr>\n<tr>\n<td class=\"xl65\" height=\"20\"><span style=\"font-family: Calibri;\">141<\/span><\/td>\n<td class=\"xl65\"><span style=\"font-family: Calibri;\">T20AP<\/span><\/td>\n<\/tr>\n<tr>\n<td class=\"xl65\" height=\"20\"><span style=\"font-family: Calibri;\">141<\/span><\/td>\n<td class=\"xl65\"><span style=\"font-family: Calibri;\">T20AP<\/span><\/td>\n<\/tr>\n<tr>\n<td class=\"xl65\" height=\"20\"><span style=\"font-family: Calibri;\">141<\/span><\/td>\n<td class=\"xl65\"><span style=\"font-family: Calibri;\">T20\/30<\/span><\/td>\n<\/tr>\n<tr>\n<td class=\"xl65\" height=\"20\"><span style=\"font-family: Calibri;\">141<\/span><\/td>\n<td class=\"xl65\"><span style=\"font-family: Calibri;\">T20\/30<\/span><\/td>\n<\/tr>\n<tr>\n<td class=\"xl65\" height=\"20\"><span style=\"font-family: Calibri;\">144<\/span><\/td>\n<td class=\"xl65\"><span style=\"font-family: Calibri;\">T20S\/T20SF<\/span><\/td>\n<\/tr>\n<tr>\n<td class=\"xl65\" height=\"20\"><span style=\"font-family: Calibri;\">144<\/span><\/td>\n<td class=\"xl65\"><span style=\"font-family: Calibri;\">T20S\/T20SF<\/span><\/td>\n<\/tr>\n<tr>\n<td class=\"xl65\" height=\"20\"><span style=\"font-family: Calibri;\">149<\/span><\/td>\n<td class=\"xl65\"><span style=\"font-family: Calibri;\">N20\/N25\/N20L\/LI\/LX<\/span><\/td>\n<\/tr>\n<tr>\n<td class=\"xl65\" height=\"20\"><span style=\"font-family: Calibri;\">149<\/span><\/td>\n<td class=\"xl65\"><span style=\"font-family: Calibri;\">N20\/N25\/N20L\/LI\/LX<\/span><\/td>\n<\/tr>\n<tr>\n<td class=\"xl65\" height=\"20\"><span style=\"font-family: Calibri;\">360<\/span><\/td>\n<td class=\"xl65\"><span style=\"font-family: Calibri;\">T16\/T18\/T20<\/span><\/td>\n<\/tr>\n<tr>\n<td class=\"xl65\" height=\"20\"><span style=\"font-family: Calibri;\">360<\/span><\/td>\n<td class=\"xl65\"><span style=\"font-family: Calibri;\">T16\/T18\/T20<\/span><\/td>\n<\/tr>\n<tr>\n<td class=\"xl65\" height=\"20\"><span style=\"font-family: Calibri;\">360<\/span><\/td>\n<td class=\"xl65\"><span style=\"font-family: Calibri;\">T16\/T18\/T20\/T16L<\/span><\/td>\n<\/tr>\n<tr>\n<td class=\"xl65\" height=\"20\"><span style=\"font-family: Calibri;\">360<\/span><\/td>\n<td class=\"xl65\"><span style=\"font-family: Calibri;\">T16\/T18\/T20\/T16L<\/span><\/td>\n<\/tr>\n<\/tbody>\n<\/table>\n<p><\/p>","protected":false},"excerpt":{"rendered":"<p data-start=\"87\" data-end=\"420\"><br data-start=\"92\" data-end=\"95\" \/>Wicke 85\u00d7105\/110-12 Y\u00fck Tekeri, forklift ve depo ekipmanlar\u0131nda kullan\u0131lan y\u00fcksek kaliteli bir y\u00fck ta\u015f\u0131ma tekeridir. Kompakt \u00f6l\u00e7\u00fcs\u00fc ve g\u00fc\u00e7l\u00fc yap\u0131s\u0131 sayesinde dar alanlarda rahat manevra kabiliyeti ve y\u00fcksek ta\u015f\u0131ma kapasitesi sa\u011flar. A\u015f\u0131nmaya kar\u015f\u0131 diren\u00e7li yap\u0131s\u0131 ile yo\u011fun kullan\u0131m ko\u015fullar\u0131nda uzun \u00f6m\u00fcrl\u00fc performans sunar.<\/p>\n<p data-start=\"422\" data-end=\"762\"><strong data-start=\"422\" data-end=\"437\">\u00d6zellikler:<\/strong><br data-start=\"437\" data-end=\"440\" \/><strong data-start=\"440\" data-end=\"453\">\u00dcr\u00fcn Ad\u0131:<\/strong> Wicke 85\u00d7105\/110-12 Y\u00fck Tekeri<br data-start=\"484\" data-end=\"487\" \/><strong data-start=\"487\" data-end=\"502\">Par\u00e7a Kodu:<\/strong> 4401476, 0039933604, 0039933649<br data-start=\"534\" data-end=\"537\" \/><strong data-start=\"537\" data-end=\"549\">Malzeme:<\/strong> Poli\u00fcretan kapl\u0131 d\u00f6k\u00fcm g\u00f6vde<br data-start=\"578\" data-end=\"581\" \/><strong data-start=\"581\" data-end=\"600\">Kullan\u0131m Alan\u0131:<\/strong> Forklift ve istif arac\u0131 y\u00fck ta\u015f\u0131ma sistemleri<br data-start=\"646\" data-end=\"649\" \/><strong data-start=\"649\" data-end=\"661\">Avantaj:<\/strong> Y\u00fcksek ta\u015f\u0131ma kapasitesi, a\u015f\u0131nmaya dayan\u0131kl\u0131 yap\u0131, sessiz ve dengeli hareket, uzun \u00f6m\u00fcrl\u00fc kullan\u0131m<\/p>\n<p data-start=\"764\" data-end=\"1082\">\n","protected":false},"featured_media":12454,"template":"","meta":[],"product_brand":[],"product_cat":[400,401,402],"product_tag":[],"class_list":{"0":"post-12450","1":"product","2":"type-product","3":"status-publish","4":"has-post-thumbnail","6":"product_cat-catal-tekeri","7":"product_cat-wicke","8":"product_cat-catal-tekeri-wicke","10":"first","11":"instock","12":"taxable","13":"shipping-taxable","14":"purchasable","15":"product-type-simple"},"_links":{"self":[{"href":"https:\/\/ceoparts.com\/tr\/wp-json\/wp\/v2\/product\/12450","targetHints":{"allow":["GET"]}}],"collection":[{"href":"https:\/\/ceoparts.com\/tr\/wp-json\/wp\/v2\/product"}],"about":[{"href":"https:\/\/ceoparts.com\/tr\/wp-json\/wp\/v2\/types\/product"}],"wp:featuredmedia":[{"embeddable":true,"href":"https:\/\/ceoparts.com\/tr\/wp-json\/wp\/v2\/media\/12454"}],"wp:attachment":[{"href":"https:\/\/ceoparts.com\/tr\/wp-json\/wp\/v2\/media?parent=12450"}],"wp:term":[{"taxonomy":"product_brand","embeddable":true,"href":"https:\/\/ceoparts.com\/tr\/wp-json\/wp\/v2\/product_brand?post=12450"},{"taxonomy":"product_cat","embeddable":true,"href":"https:\/\/ceoparts.com\/tr\/wp-json\/wp\/v2\/product_cat?post=12450"},{"taxonomy":"product_tag","embeddable":true,"href":"https:\/\/ceoparts.com\/tr\/wp-json\/wp\/v2\/product_tag?post=12450"}],"curies":[{"name":"wp","href":"https:\/\/api.w.org\/{rel}","templated":true}]}}